{"id":509,"date":"2016-06-17T11:05:05","date_gmt":"2016-06-17T08:05:05","guid":{"rendered":"http:\/\/www.lotky.fi\/kauppa\/?post_type=product&#038;p=509"},"modified":"2025-10-28T14:25:31","modified_gmt":"2025-10-28T12:25:31","slug":"valvoline-unitrac-80w-208l","status":"publish","type":"product","link":"https:\/\/www.lotky.fi\/kauppa\/tuote\/valvoline-unitrac-80w-208l\/","title":{"rendered":"Valvoline Unitrac Fluid 80W, 208 L"},"content":{"rendered":"<p>Valvoline Unitrac 80W on yleis\u00f6ljy traktoreiden hydrauliikkaj\u00e4rjestelmiin, vaihteistoon sek\u00e4 tasauspy\u00f6r\u00e4st\u00f6ihin, joissa on \u00f6ljykylpyjarrut. Soveltuu ymp\u00e4rivuotiseen k\u00e4ytt\u00f6\u00f6n, suojaa kulumiselta ja korroosiolta. Erinomaiset kitkaominaisuudet. Ei sovellu moottori\u00f6ljyksi.<\/p>\n<p>Luokitukset:<\/p>\n<p>SAE 80W<br \/>\nAPI GL-4+<br \/>\nFord M2C-134 A\/B\/C\/D, M2C 86B\/C, M2C-43<br \/>\nFord\/NewHolland A2C-200\/A, 201<br \/>\nFiat-Hesson Multi-F\/G<br \/>\nMassey Ferguson M-1135, M-1141, M-1143, M-1145<br \/>\nJohn Deere J20A\/B\/C, J14B\/C, J21A<br \/>\nCase MS 1205\/6\/7\/9<br \/>\nKubota UDT<br \/>\nKomatsu<br \/>\nSteiger SEMS 17001<br \/>\nVersatile 23M, 24M<br \/>\nVolvo VME, VCE WB 101,<br \/>\nWhite Farm Q-1826<br \/>\nAllison C3, C4, ZF TE-ML 03E, 05F, 06K, 17E<\/p>\n","protected":false},"excerpt":{"rendered":"<p>Valvoline Unitrac 80W on yleis\u00f6ljy traktoreiden hydrauliikkaj\u00e4rjestelmiin, vaihteistoon sek\u00e4 tasauspy\u00f6r\u00e4st\u00f6ihin, joissa on \u00f6ljykylpyjarrut. Soveltuu ymp\u00e4rivuotiseen k\u00e4ytt\u00f6\u00f6n, suojaa kulumiselta ja korroosiolta. Erinomaiset kitkaominaisuudet. Ei sovellu moottori\u00f6ljyksi.<\/p>\n","protected":false},"featured_media":472,"template":"","meta":[],"product_brand":[],"product_cat":[23],"product_tag":[99],"class_list":{"0":"post-509","1":"product","2":"type-product","3":"status-publish","4":"has-post-thumbnail","6":"product_cat-maatalousoljyt","7":"product_tag-utto","9":"first","10":"instock","11":"taxable","12":"shipping-taxable","13":"purchasable","14":"product-type-simple"},"_links":{"self":[{"href":"https:\/\/www.lotky.fi\/kauppa\/wp-json\/wp\/v2\/product\/509","targetHints":{"allow":["GET"]}}],"collection":[{"href":"https:\/\/www.lotky.fi\/kauppa\/wp-json\/wp\/v2\/product"}],"about":[{"href":"https:\/\/www.lotky.fi\/kauppa\/wp-json\/wp\/v2\/types\/product"}],"wp:featuredmedia":[{"embeddable":true,"href":"https:\/\/www.lotky.fi\/kauppa\/wp-json\/wp\/v2\/media\/472"}],"wp:attachment":[{"href":"https:\/\/www.lotky.fi\/kauppa\/wp-json\/wp\/v2\/media?parent=509"}],"wp:term":[{"taxonomy":"product_brand","embeddable":true,"href":"https:\/\/www.lotky.fi\/kauppa\/wp-json\/wp\/v2\/product_brand?post=509"},{"taxonomy":"product_cat","embeddable":true,"href":"https:\/\/www.lotky.fi\/kauppa\/wp-json\/wp\/v2\/product_cat?post=509"},{"taxonomy":"product_tag","embeddable":true,"href":"https:\/\/www.lotky.fi\/kauppa\/wp-json\/wp\/v2\/product_tag?post=509"}],"curies":[{"name":"wp","href":"https:\/\/api.w.org\/{rel}","templated":true}]}}