{"id":508,"date":"2016-06-16T14:20:29","date_gmt":"2016-06-16T11:20:29","guid":{"rendered":"http:\/\/www.lotky.fi\/kauppa\/?post_type=product&#038;p=508"},"modified":"2026-04-02T14:05:22","modified_gmt":"2026-04-02T11:05:22","slug":"valvoline-hd-extended-life-concentrate-208l","status":"publish","type":"product","link":"https:\/\/www.lotky.fi\/kauppa\/tuote\/valvoline-hd-extended-life-concentrate-208l\/","title":{"rendered":"Valvoline HD Extended Life Coolant, 208L"},"content":{"rendered":"<p>Valvoline HD Extended Life Concentrate on kuorma-, linja-autoihin, maansiirtokoneisiin ja teollisuusmoottoreihin. Suojaa j\u00e4\u00e4hdytysj\u00e4rjestelm\u00e4n j\u00e4\u00e4tymiselt\u00e4, korroosiolta ja ylikuumenemiselta v\u00e4hint\u00e4\u00e4n 3 vuotta, 7000 tuntia tai 500.000 km. Soveltuu avoimiin ja suljettuihin j\u00e4\u00e4hdytysj\u00e4rjestelmiin. Suojaa kaikki metalli- ja alumiinipinnat sy\u00f6pymilt\u00e4 ja korroosiolta. Sekoituskelpoinen etyleeniglykolipohjaisten j\u00e4\u00e4hdytysnesteiden kanssa. Nitriitti- ja amiinivapaa, ei sis\u00e4ll\u00e4 fosfaatteja.<\/p>\n<p>Luokitukset:<\/p>\n<p>V\u00e4ri: Punainen<br \/>\nASTM D-6210, D-3306, SAE J 814, J 1034<br \/>\nGM 1899 M, 1825 M<br \/>\nCummins 14603, 3666286<br \/>\nCaterpillar EC-1<br \/>\nDetroit Diesel 7SE298<br \/>\nThermo King<br \/>\nLink Belt<br \/>\nTEREX<br \/>\nTMC of ATA RP-329B, TMC of ATA RP-338<br \/>\nFederal Spec. A-A-870A<\/p>\n","protected":false},"excerpt":{"rendered":"<p>Valvoline HD Extended Life Concentrate on kuorma-, linja-autoihin, maansiirtokoneisiin ja teollisuusmoottoreihin. Suojaa j\u00e4\u00e4hdytysj\u00e4rjestelm\u00e4n j\u00e4\u00e4tymiselt\u00e4, korroosiolta ja ylikuumenemiselta v\u00e4hint\u00e4\u00e4n 3 vuotta, 7000 tuntia tai 500.000 km. Soveltuu avoimiin ja suljettuihin j\u00e4\u00e4hdytysj\u00e4rjestelmiin. Suojaa kaikki metalli- ja alumiinipinnat sy\u00f6pymilt\u00e4 ja korroosiolta. Sekoituskelpoinen etyleeniglykolipohjaisten j\u00e4\u00e4hdytysnesteiden kanssa. Nitriitti- ja amiinivapaa, ei sis\u00e4ll\u00e4 fosfaatteja.<\/p>\n","protected":false},"featured_media":472,"template":"","meta":[],"product_brand":[],"product_cat":[34],"product_tag":[],"class_list":{"0":"post-508","1":"product","2":"type-product","3":"status-publish","4":"has-post-thumbnail","6":"product_cat-nesteet-ja-kemikaalit","8":"first","9":"instock","10":"taxable","11":"shipping-taxable","12":"purchasable","13":"product-type-simple"},"_links":{"self":[{"href":"https:\/\/www.lotky.fi\/kauppa\/wp-json\/wp\/v2\/product\/508","targetHints":{"allow":["GET"]}}],"collection":[{"href":"https:\/\/www.lotky.fi\/kauppa\/wp-json\/wp\/v2\/product"}],"about":[{"href":"https:\/\/www.lotky.fi\/kauppa\/wp-json\/wp\/v2\/types\/product"}],"wp:featuredmedia":[{"embeddable":true,"href":"https:\/\/www.lotky.fi\/kauppa\/wp-json\/wp\/v2\/media\/472"}],"wp:attachment":[{"href":"https:\/\/www.lotky.fi\/kauppa\/wp-json\/wp\/v2\/media?parent=508"}],"wp:term":[{"taxonomy":"product_brand","embeddable":true,"href":"https:\/\/www.lotky.fi\/kauppa\/wp-json\/wp\/v2\/product_brand?post=508"},{"taxonomy":"product_cat","embeddable":true,"href":"https:\/\/www.lotky.fi\/kauppa\/wp-json\/wp\/v2\/product_cat?post=508"},{"taxonomy":"product_tag","embeddable":true,"href":"https:\/\/www.lotky.fi\/kauppa\/wp-json\/wp\/v2\/product_tag?post=508"}],"curies":[{"name":"wp","href":"https:\/\/api.w.org\/{rel}","templated":true}]}}