{"id":505,"date":"2016-06-16T13:44:35","date_gmt":"2016-06-16T10:44:35","guid":{"rendered":"http:\/\/www.lotky.fi\/kauppa\/?post_type=product&#038;p=505"},"modified":"2026-01-05T12:51:13","modified_gmt":"2026-01-05T10:51:13","slug":"valvoline-ultramax-extreme-hvlp-28-208-l","status":"publish","type":"product","link":"https:\/\/www.lotky.fi\/kauppa\/tuote\/valvoline-ultramax-extreme-hvlp-28-208-l\/","title":{"rendered":"Valvoline Ultramax Extreme HVLP 28, 208 L"},"content":{"rendered":"<p>Valvoline Ultramax Extreme HVLP 28 on korkealaatuinen hydrauliikka\u00f6ljy, joka on kehitetty teollisuus- ja maansiirtolaitteisiin erityisesti ankariin tai kylmiin olosuhteisiin kun k\u00e4ytt\u00f6 ei ole jatkuvaa ja k\u00e4ynnistysl\u00e4mp\u00f6tila on eritt\u00e4in alhainen. Eritt\u00e4in korkea viskositeetti-ondeksi takaa luotettavan voitelun jaalajja ja vaativalla l\u00e4mp\u00f6tila-alueella. Lis\u00e4aineistus ehk\u00e4isee korroosiota, vaahtoamista, lietteen muodostusta sek\u00e4 tarjoaa paremman paineenkeston.<\/p>\n<p>Luokitukset:<\/p>\n<p>ISO VG 28<br \/>\nAFNOR NFE 48-690\/1, AFNOR NFE 48-603<\/p>\n","protected":false},"excerpt":{"rendered":"<p>Valvoline Ultramax Extreme HVLP 28 on korkealaatuinen hydrauliikka\u00f6ljy, joka on kehitetty teollisuus- ja maansiirtolaitteisiin erityisesti ankariin tai kylmiin olosuhteisiin kun k\u00e4ytt\u00f6 ei ole jatkuvaa ja k\u00e4ynnistysl\u00e4mp\u00f6tila on eritt\u00e4in alhainen. Eritt\u00e4in korkea viskositeetti-ondeksi takaa luotettavan voitelun jaalajja ja vaativalla l\u00e4mp\u00f6tila-alueella. Lis\u00e4aineistus ehk\u00e4isee korroosiota, vaahtoamista, lietteen muodostusta sek\u00e4 tarjoaa paremman paineenkeston.<\/p>\n","protected":false},"featured_media":472,"template":"","meta":[],"product_brand":[],"product_cat":[6],"product_tag":[],"class_list":{"0":"post-505","1":"product","2":"type-product","3":"status-publish","4":"has-post-thumbnail","6":"product_cat-hydrauliikkaoljyt","8":"first","9":"instock","10":"taxable","11":"shipping-taxable","12":"purchasable","13":"product-type-simple"},"_links":{"self":[{"href":"https:\/\/www.lotky.fi\/kauppa\/wp-json\/wp\/v2\/product\/505","targetHints":{"allow":["GET"]}}],"collection":[{"href":"https:\/\/www.lotky.fi\/kauppa\/wp-json\/wp\/v2\/product"}],"about":[{"href":"https:\/\/www.lotky.fi\/kauppa\/wp-json\/wp\/v2\/types\/product"}],"wp:featuredmedia":[{"embeddable":true,"href":"https:\/\/www.lotky.fi\/kauppa\/wp-json\/wp\/v2\/media\/472"}],"wp:attachment":[{"href":"https:\/\/www.lotky.fi\/kauppa\/wp-json\/wp\/v2\/media?parent=505"}],"wp:term":[{"taxonomy":"product_brand","embeddable":true,"href":"https:\/\/www.lotky.fi\/kauppa\/wp-json\/wp\/v2\/product_brand?post=505"},{"taxonomy":"product_cat","embeddable":true,"href":"https:\/\/www.lotky.fi\/kauppa\/wp-json\/wp\/v2\/product_cat?post=505"},{"taxonomy":"product_tag","embeddable":true,"href":"https:\/\/www.lotky.fi\/kauppa\/wp-json\/wp\/v2\/product_tag?post=505"}],"curies":[{"name":"wp","href":"https:\/\/api.w.org\/{rel}","templated":true}]}}