{"id":504,"date":"2016-06-16T13:28:59","date_gmt":"2016-06-16T10:28:59","guid":{"rendered":"http:\/\/www.lotky.fi\/kauppa\/?post_type=product&#038;p=504"},"modified":"2025-01-09T10:28:07","modified_gmt":"2025-01-09T08:28:07","slug":"valvoline-ultramax-hlp-68-208l","status":"publish","type":"product","link":"https:\/\/www.lotky.fi\/kauppa\/tuote\/valvoline-ultramax-hlp-68-208l\/","title":{"rendered":"Valvoline Ultramax HLP 68, 208L"},"content":{"rendered":"<p>Valvoline Ultramax HLP 68 on mineraaliperustainen hydrauliikka\u00f6ljy. K\u00e4ytt\u00f6kohteet: sis\u00e4tiloissa (tehtaat ja varastot) tai ulkona kun kohteessa muuten ei ole suuria lyhytaikaisia l\u00e4mp\u00f6tilavaihteluja. Lis\u00e4aineistus ehk\u00e4isee korroosiota ja kulumista, \u00f6ljyn hapettumista ja vaahtoamista.<\/p>\n<p>Luokitukset:<\/p>\n<p>ISO VG 68<br \/>\nDIN 51524 (part 2)<br \/>\nHLP<br \/>\nASTM D6158 HM (2005)<br \/>\nBosh Rexroth RDE 90240<br \/>\nEaton brochure 03-401-2010<br \/>\nFives Cincinnati P-68, P-69, P-70<br \/>\nGeneral Motors LS2 (2004)<br \/>\nISO 11158 HM (FDIS 2008)<br \/>\nJCMAS HK P041 (2004)<br \/>\nParker Denison HF-0 (Revision J)<br \/>\nSEB 181 222 (207)<br \/>\nUS Steel 126, 127, 136<\/p>\n","protected":false},"excerpt":{"rendered":"<p>Valvoline Ultramax HLP 68 on mineraaliperustainen hydrauliikka\u00f6ljy. K\u00e4ytt\u00f6kohteet: sis\u00e4tiloissa (tehtaat ja varastot) tai ulkona kun kohteessa muuten ei ole suuria lyhytaikaisia l\u00e4mp\u00f6tilavaihteluja. Lis\u00e4aineistus ehk\u00e4isee korroosiota ja kulumista, \u00f6ljyn hapettumista ja vaahtoamista.<\/p>\n","protected":false},"featured_media":472,"template":"","meta":[],"product_brand":[],"product_cat":[6],"product_tag":[],"class_list":{"0":"post-504","1":"product","2":"type-product","3":"status-publish","4":"has-post-thumbnail","6":"product_cat-hydrauliikkaoljyt","8":"first","9":"instock","10":"taxable","11":"shipping-taxable","12":"purchasable","13":"product-type-simple"},"_links":{"self":[{"href":"https:\/\/www.lotky.fi\/kauppa\/wp-json\/wp\/v2\/product\/504","targetHints":{"allow":["GET"]}}],"collection":[{"href":"https:\/\/www.lotky.fi\/kauppa\/wp-json\/wp\/v2\/product"}],"about":[{"href":"https:\/\/www.lotky.fi\/kauppa\/wp-json\/wp\/v2\/types\/product"}],"wp:featuredmedia":[{"embeddable":true,"href":"https:\/\/www.lotky.fi\/kauppa\/wp-json\/wp\/v2\/media\/472"}],"wp:attachment":[{"href":"https:\/\/www.lotky.fi\/kauppa\/wp-json\/wp\/v2\/media?parent=504"}],"wp:term":[{"taxonomy":"product_brand","embeddable":true,"href":"https:\/\/www.lotky.fi\/kauppa\/wp-json\/wp\/v2\/product_brand?post=504"},{"taxonomy":"product_cat","embeddable":true,"href":"https:\/\/www.lotky.fi\/kauppa\/wp-json\/wp\/v2\/product_cat?post=504"},{"taxonomy":"product_tag","embeddable":true,"href":"https:\/\/www.lotky.fi\/kauppa\/wp-json\/wp\/v2\/product_tag?post=504"}],"curies":[{"name":"wp","href":"https:\/\/api.w.org\/{rel}","templated":true}]}}