{"id":498,"date":"2016-06-15T11:32:03","date_gmt":"2016-06-15T08:32:03","guid":{"rendered":"http:\/\/www.lotky.fi\/kauppa\/?post_type=product&#038;p=498"},"modified":"2026-04-15T17:37:03","modified_gmt":"2026-04-15T14:37:03","slug":"valvoline-ultramax-hvlp-32-208l","status":"publish","type":"product","link":"https:\/\/www.lotky.fi\/kauppa\/tuote\/valvoline-ultramax-hvlp-32-208l\/","title":{"rendered":"Valvoline Ultramax HVLP 32, 208L"},"content":{"rendered":"<p>Valvoline Ultramax HVLP 32 hydrauliikka\u00f6ljy\u00e4 k\u00e4ytet\u00e4\u00e4n sis\u00e4- ja ulkotiloissa vaativissa ja vaihtelevissa olosuhteissa. Korkea viskositeetti-indeksi, s\u00e4ilytt\u00e4\u00e4 ominaisuutensa eritt\u00e4in vaihtelevissa l\u00e4mp\u00f6tiloissa. Erinomainen kylm\u00e4juoksevuus. Lis\u00e4aineistus ehk\u00e4isee korroosiota, kulumista, \u00f6ljyn hapettumista ja vaahtoamista.<\/p>\n<p>Luokitukset:<\/p>\n<p>ISO VG 32<br \/>\nDIN 51524 part 3<br \/>\nISO 11158 HV<br \/>\nSperry Vickers M-2950-S \/ I-286-S<br \/>\nUS Steel 127<br \/>\nThysen-TH N-256132<\/p>\n","protected":false},"excerpt":{"rendered":"<p>Valvoline Ultramax HVLP 32\u00a0hydrauliikka\u00f6ljy\u00e4 k\u00e4ytet\u00e4\u00e4n sis\u00e4- ja ulkotiloissa vaativissa ja vaihtelevissa olosuhteissa. Korkea viskositeetti-indeksi, s\u00e4ilytt\u00e4\u00e4 ominaisuutensa eritt\u00e4in vaihtelevissa l\u00e4mp\u00f6tiloissa. Erinomainen kylm\u00e4juoksevuus. Lis\u00e4aineistus ehk\u00e4isee korroosiota, kulumista, \u00f6ljyn hapettumista ja vaahtoamista.<\/p>\n","protected":false},"featured_media":472,"template":"","meta":[],"product_brand":[],"product_cat":[6],"product_tag":[],"class_list":{"0":"post-498","1":"product","2":"type-product","3":"status-publish","4":"has-post-thumbnail","6":"product_cat-hydrauliikkaoljyt","8":"first","9":"instock","10":"taxable","11":"shipping-taxable","12":"purchasable","13":"product-type-simple"},"_links":{"self":[{"href":"https:\/\/www.lotky.fi\/kauppa\/wp-json\/wp\/v2\/product\/498","targetHints":{"allow":["GET"]}}],"collection":[{"href":"https:\/\/www.lotky.fi\/kauppa\/wp-json\/wp\/v2\/product"}],"about":[{"href":"https:\/\/www.lotky.fi\/kauppa\/wp-json\/wp\/v2\/types\/product"}],"wp:featuredmedia":[{"embeddable":true,"href":"https:\/\/www.lotky.fi\/kauppa\/wp-json\/wp\/v2\/media\/472"}],"wp:attachment":[{"href":"https:\/\/www.lotky.fi\/kauppa\/wp-json\/wp\/v2\/media?parent=498"}],"wp:term":[{"taxonomy":"product_brand","embeddable":true,"href":"https:\/\/www.lotky.fi\/kauppa\/wp-json\/wp\/v2\/product_brand?post=498"},{"taxonomy":"product_cat","embeddable":true,"href":"https:\/\/www.lotky.fi\/kauppa\/wp-json\/wp\/v2\/product_cat?post=498"},{"taxonomy":"product_tag","embeddable":true,"href":"https:\/\/www.lotky.fi\/kauppa\/wp-json\/wp\/v2\/product_tag?post=498"}],"curies":[{"name":"wp","href":"https:\/\/api.w.org\/{rel}","templated":true}]}}