{"id":493,"date":"2016-06-13T16:06:17","date_gmt":"2016-06-13T13:06:17","guid":{"rendered":"http:\/\/www.lotky.fi\/kauppa\/?post_type=product&#038;p=493"},"modified":"2026-03-22T19:34:47","modified_gmt":"2026-03-22T17:34:47","slug":"univar-carcoolant-bs-6580-203l","status":"publish","type":"product","link":"https:\/\/www.lotky.fi\/kauppa\/tuote\/univar-carcoolant-bs-6580-203l\/","title":{"rendered":"Univar Carcoolant BS 6580, 203L"},"content":{"rendered":"<p>Univar Carcoolant BS 6580 on etyleeniglykolipohjainen j\u00e4\u00e4hdytinneste. Tuotteen korrosiosuoja on perustettu orgaanisiin lis\u00e4aineisiin jotka tarjoavat ymp\u00e4rist\u00f6yst\u00e4v\u00e4llisen ruosteensuojan. BS 6580 korroosiosuojan s\u00e4ilyvyys toimii parhainten jos 25% j\u00e4\u00e4hdytinj\u00e4rjestelm\u00e4n volyymista vaihdetaan vuosittain glykolin lis\u00e4aineiden kulumisen vuoksi.<\/p>\n<p>Luokitukset:<\/p>\n<p>V\u00e4ri: Sinivihre\u00e4<br \/>\nBS 6580<\/p>\n","protected":false},"excerpt":{"rendered":"<p>Univar Carcoolant BS 6580 on etyleeniglykolipohjainen j\u00e4\u00e4hdytinneste. Tuotteen korrosiosuoja on perustettu orgaanisiin lis\u00e4aineisiin jotka tarjoavat ymp\u00e4rist\u00f6yst\u00e4v\u00e4llisen ruosteensuojan. BS 6580 korroosiosuojan s\u00e4ilyvyys toimii parhainten jos 25% j\u00e4\u00e4hdytinj\u00e4rjestelm\u00e4n volyymista vaihdetaan vuosittain glykolin lis\u00e4aineiden kulumisen vuoksi.<\/p>\n","protected":false},"featured_media":476,"template":"","meta":[],"product_brand":[],"product_cat":[34],"product_tag":[],"class_list":{"0":"post-493","1":"product","2":"type-product","3":"status-publish","4":"has-post-thumbnail","6":"product_cat-nesteet-ja-kemikaalit","8":"first","9":"instock","10":"taxable","11":"shipping-taxable","12":"purchasable","13":"product-type-simple"},"_links":{"self":[{"href":"https:\/\/www.lotky.fi\/kauppa\/wp-json\/wp\/v2\/product\/493","targetHints":{"allow":["GET"]}}],"collection":[{"href":"https:\/\/www.lotky.fi\/kauppa\/wp-json\/wp\/v2\/product"}],"about":[{"href":"https:\/\/www.lotky.fi\/kauppa\/wp-json\/wp\/v2\/types\/product"}],"wp:featuredmedia":[{"embeddable":true,"href":"https:\/\/www.lotky.fi\/kauppa\/wp-json\/wp\/v2\/media\/476"}],"wp:attachment":[{"href":"https:\/\/www.lotky.fi\/kauppa\/wp-json\/wp\/v2\/media?parent=493"}],"wp:term":[{"taxonomy":"product_brand","embeddable":true,"href":"https:\/\/www.lotky.fi\/kauppa\/wp-json\/wp\/v2\/product_brand?post=493"},{"taxonomy":"product_cat","embeddable":true,"href":"https:\/\/www.lotky.fi\/kauppa\/wp-json\/wp\/v2\/product_cat?post=493"},{"taxonomy":"product_tag","embeddable":true,"href":"https:\/\/www.lotky.fi\/kauppa\/wp-json\/wp\/v2\/product_tag?post=493"}],"curies":[{"name":"wp","href":"https:\/\/api.w.org\/{rel}","templated":true}]}}