{"id":489,"date":"2016-06-13T11:10:32","date_gmt":"2016-06-13T08:10:32","guid":{"rendered":"http:\/\/www.lotky.fi\/kauppa\/?post_type=product&#038;p=489"},"modified":"2026-03-31T10:28:30","modified_gmt":"2026-03-31T07:28:30","slug":"neste-voltera-strong-200l","status":"publish","type":"product","link":"https:\/\/www.lotky.fi\/kauppa\/tuote\/neste-voltera-strong-200l\/","title":{"rendered":"Neste Voltera Strong lasinpesuneste, 200L"},"content":{"rendered":"<p>Neste Voltera Strong on ajoneuvojen tuulilasien puhdistamiseen tarkoitettu, veteen sekoitettava tuulilasinpesuneste, joka soveltuu eritt\u00e4in vaativiinkin olosuhteisiin. Poistaa tehokkaasti maantielian ja hy\u00f6nteiset tuulilasista j\u00e4tt\u00e4m\u00e4tt\u00e4 h\u00e4iritsev\u00e4\u00e4 kalvoa tuulilasin pinnalle. Soveltuu ymp\u00e4rivuotiseen k\u00e4ytt\u00f6\u00f6n est\u00e4en oikein annosteltuna tuulilasinpesuj\u00e4rjestelm\u00e4n j\u00e4\u00e4tymisen talviaikana. Kes\u00e4aikaan voidaan k\u00e4ytt\u00e4\u00e4 1:10 seossuhdetta, jolloin pyyhkij\u00f6iden puhtaana pysyminen varmistaa hyv\u00e4n pyyhkimistuloksen. Voltera Strong on v\u00e4rilt\u00e4\u00e4n sininen ja tuoksultaan miedon hedelm\u00e4inen.<\/p>\n<p>Etanolipohjainen, pakkaskesto laimentamattomana -80\u00b0C<\/p>\n","protected":false},"excerpt":{"rendered":"<p>Neste Voltera Strong on ajoneuvojen tuulilasien puhdistamiseen tarkoitettu, veteen sekoitettava tuulilasinpesuneste, joka soveltuu eritt\u00e4in vaativiinkin olosuhteisiin. Poistaa tehokkaasti maantielian ja hy\u00f6nteiset tuulilasista j\u00e4tt\u00e4m\u00e4tt\u00e4 h\u00e4iritsev\u00e4\u00e4 kalvoa tuulilasin pinnalle. Soveltuu ymp\u00e4rivuotiseen k\u00e4ytt\u00f6\u00f6n est\u00e4en oikein annosteltuna tuulilasinpesuj\u00e4rjestelm\u00e4n j\u00e4\u00e4tymisen talviaikana. Etanolipohjainen, pakkaskesto laimentamattomana -80\u00b0C<\/p>\n","protected":false},"featured_media":1598,"template":"","meta":[],"product_brand":[],"product_cat":[34],"product_tag":[],"class_list":{"0":"post-489","1":"product","2":"type-product","3":"status-publish","4":"has-post-thumbnail","6":"product_cat-nesteet-ja-kemikaalit","8":"first","9":"instock","10":"taxable","11":"shipping-taxable","12":"purchasable","13":"product-type-simple"},"_links":{"self":[{"href":"https:\/\/www.lotky.fi\/kauppa\/wp-json\/wp\/v2\/product\/489","targetHints":{"allow":["GET"]}}],"collection":[{"href":"https:\/\/www.lotky.fi\/kauppa\/wp-json\/wp\/v2\/product"}],"about":[{"href":"https:\/\/www.lotky.fi\/kauppa\/wp-json\/wp\/v2\/types\/product"}],"wp:featuredmedia":[{"embeddable":true,"href":"https:\/\/www.lotky.fi\/kauppa\/wp-json\/wp\/v2\/media\/1598"}],"wp:attachment":[{"href":"https:\/\/www.lotky.fi\/kauppa\/wp-json\/wp\/v2\/media?parent=489"}],"wp:term":[{"taxonomy":"product_brand","embeddable":true,"href":"https:\/\/www.lotky.fi\/kauppa\/wp-json\/wp\/v2\/product_brand?post=489"},{"taxonomy":"product_cat","embeddable":true,"href":"https:\/\/www.lotky.fi\/kauppa\/wp-json\/wp\/v2\/product_cat?post=489"},{"taxonomy":"product_tag","embeddable":true,"href":"https:\/\/www.lotky.fi\/kauppa\/wp-json\/wp\/v2\/product_tag?post=489"}],"curies":[{"name":"wp","href":"https:\/\/api.w.org\/{rel}","templated":true}]}}