{"id":487,"date":"2016-06-13T10:14:36","date_gmt":"2016-06-13T07:14:36","guid":{"rendered":"http:\/\/www.lotky.fi\/kauppa\/?post_type=product&#038;p=487"},"modified":"2026-03-31T10:28:48","modified_gmt":"2026-03-31T07:28:48","slug":"neste-coolant-longlife-k-200l","status":"publish","type":"product","link":"https:\/\/www.lotky.fi\/kauppa\/tuote\/neste-coolant-longlife-k-200l\/","title":{"rendered":"Neste Pro+ Coolant W-II, 200L"},"content":{"rendered":"<p>Neste Pro+ Coolant W-II on uuden sukupolven etyleeniglykolipohjainen pitk\u00e4n vaihtov\u00e4lin j\u00e4\u00e4hdytinnestetiiviste, joka on kehitetty k\u00e4ytt\u00e4en hybridi-orgaanista happoteknologiaa (Si-OAT). Se on eritt\u00e4in monipuolinen ja monik\u00e4ytt\u00f6inen j\u00e4\u00e4hdytinneste jota voidaan k\u00e4ytt\u00e4\u00e4 polttomoottoreissa sek\u00e4 s\u00e4hk\u00f6autoissa. Neste Pro+ Coolant W-II perustuu OAT (Orgaaninen happoteknologia) sek\u00e4 silikaattiinhibiittoriteknologiaan, mik\u00e4 tarjoaa ainutlaatuisen hapettumisenkeston, pident\u00e4en j\u00e4\u00e4hdytinnesteen k\u00e4ytt\u00f6ik\u00e4\u00e4. Pitk\u00e4t vaihtov\u00e4lit auttavat v\u00e4hent\u00e4m\u00e4\u00e4n j\u00e4tteen m\u00e4\u00e4r\u00e4\u00e4 ja siten pienent\u00e4v\u00e4t huoltokustannuksia. Neste Pro Coolant W-II erottuu edukseen erinomaisilla teknisill\u00e4 ominaisuuksilla, kuten: parannettu l\u00e4mp\u00f6- ja hapettumiskest\u00e4vyys, yhteensopivuus kovan veden kanssa, yhteensopiva CAB-menetelm\u00e4ll\u00e4 valmistettujen j\u00e4\u00e4hdyttimien kanssa, silikaattistabilointi ja alumiinin passivointi. Kehittyneist\u00e4 ominaisuuksistaan huolimatta se on my\u00f6s yhteensopiva edellisen sukupolven VAG-konsernin j\u00e4\u00e4hdytysnesteiden kanssa.<\/p>\n<p><strong>Luokitukset:<\/strong><br \/>\nVW TL-774L (G12 evo)<br \/>\nVW TL-774J (G13)<br \/>\nVW TL-774G (G12++)<br \/>\nVW TL-774F (G12+)<br \/>\nVW TL-774D (G12)<br \/>\nVW TL-774C (G11)<br \/>\nAlfa Romeo, Fiat, Lancia 9,55523<br \/>\nBMW LC-18, LC-87, LC-97<br \/>\nCase IH Agriculture JIC-501<br \/>\nChrysler MS-7170<br \/>\nCummins 85T8-2<br \/>\nDeutz DQC CA-14<br \/>\nFord ESD-M97B49-A<br \/>\nIveco 18-1830<br \/>\nJenbacher<br \/>\nMAN 324 Typ NF , Typ Si-OAT<br \/>\nMB 325.5<br \/>\nMTU MTL 5048<br \/>\nMWM<br \/>\nOpel\/Vauxhall GME L1301<br \/>\nTesla<br \/>\nVolvo Cars 128 6083 \/ 002<br \/>\nASTM D3306-20<br \/>\nBS 6580.2010<br \/>\nFVV Heft R530<br \/>\nGB 29743-2013<br \/>\nJIS K2234-2018<br \/>\nNF R15-601-20<br \/>\nUNE 26-361-88\/1<br \/>\n\u00d6norm V5123<\/p>\n","protected":false},"excerpt":{"rendered":"<p>Neste Pro+ Coolant W-II on uuden sukupolven etyleeniglykolipohjainen pitk\u00e4n vaihtov\u00e4lin j\u00e4\u00e4hdytinnestetiiviste, joka on kehitetty k\u00e4ytt\u00e4en hybridi-orgaanista happoteknologiaa (Si-OAT). Se on eritt\u00e4in monipuolinen ja monik\u00e4ytt\u00f6inen j\u00e4\u00e4hdytinneste jota voidaan k\u00e4ytt\u00e4\u00e4 polttomoottoreissa sek\u00e4 s\u00e4hk\u00f6autoissa. Neste Pro+ Coolant W-II perustuu OAT (Orgaaninen happoteknologia) sek\u00e4 silikaattiinhibiittoriteknologiaan, mik\u00e4 tarjoaa ainutlaatuisen hapettumisenkeston, pident\u00e4en j\u00e4\u00e4hdytinnesteen k\u00e4ytt\u00f6ik\u00e4\u00e4. Pitk\u00e4t vaihtov\u00e4lit auttavat v\u00e4hent\u00e4m\u00e4\u00e4n j\u00e4tteen m\u00e4\u00e4r\u00e4\u00e4 ja [&hellip;]<\/p>\n","protected":false},"featured_media":1598,"template":"","meta":[],"product_brand":[],"product_cat":[34],"product_tag":[],"class_list":{"0":"post-487","1":"product","2":"type-product","3":"status-publish","4":"has-post-thumbnail","6":"product_cat-nesteet-ja-kemikaalit","8":"first","9":"instock","10":"taxable","11":"shipping-taxable","12":"purchasable","13":"product-type-simple"},"_links":{"self":[{"href":"https:\/\/www.lotky.fi\/kauppa\/wp-json\/wp\/v2\/product\/487","targetHints":{"allow":["GET"]}}],"collection":[{"href":"https:\/\/www.lotky.fi\/kauppa\/wp-json\/wp\/v2\/product"}],"about":[{"href":"https:\/\/www.lotky.fi\/kauppa\/wp-json\/wp\/v2\/types\/product"}],"wp:featuredmedia":[{"embeddable":true,"href":"https:\/\/www.lotky.fi\/kauppa\/wp-json\/wp\/v2\/media\/1598"}],"wp:attachment":[{"href":"https:\/\/www.lotky.fi\/kauppa\/wp-json\/wp\/v2\/media?parent=487"}],"wp:term":[{"taxonomy":"product_brand","embeddable":true,"href":"https:\/\/www.lotky.fi\/kauppa\/wp-json\/wp\/v2\/product_brand?post=487"},{"taxonomy":"product_cat","embeddable":true,"href":"https:\/\/www.lotky.fi\/kauppa\/wp-json\/wp\/v2\/product_cat?post=487"},{"taxonomy":"product_tag","embeddable":true,"href":"https:\/\/www.lotky.fi\/kauppa\/wp-json\/wp\/v2\/product_tag?post=487"}],"curies":[{"name":"wp","href":"https:\/\/api.w.org\/{rel}","templated":true}]}}