{"id":486,"date":"2016-06-13T09:42:11","date_gmt":"2016-06-13T06:42:11","guid":{"rendered":"http:\/\/www.lotky.fi\/kauppa\/?post_type=product&#038;p=486"},"modified":"2026-03-31T10:28:55","modified_gmt":"2026-03-31T07:28:55","slug":"neste-coolant-longlife-m-200l","status":"publish","type":"product","link":"https:\/\/www.lotky.fi\/kauppa\/tuote\/neste-coolant-longlife-m-200l\/","title":{"rendered":"Neste Pro+ Coolant M, 200L"},"content":{"rendered":"<p>Neste Pro+ Coolant M on etyleeniglykolipohjainen, veteen sekoitettava j\u00e4\u00e4hdytinnestetiiviste, jonka tekniset ominaisuudet ovat korroosioneston, l\u00e4mm\u00f6nsiirron kuin k\u00e4ytt\u00f6i\u00e4nkin suhteen huippuluokkaa.<br \/>\nNeste Pro+ Coolant Msis\u00e4lt\u00e4\u00e4 sek\u00e4 orgaanisia ett\u00e4 silikaatti-pohjaisia korroosionsuojalis\u00e4aineita. Neste Pro+ Coolant M ei sis\u00e4ll\u00e4 nitriittej\u00e4, amiineita, fosfaatteja eik\u00e4 boraatteja.<\/p>\n<p><strong>Entinen nimi: Neste Coolant Longlife M<\/strong><\/p>\n<p>Luokitukset:<\/p>\n<p>V\u00e4ri: Punainen<br \/>\nMB 325.5<br \/>\nVW TL 774-G<br \/>\nPorsche: MY 1996 alkaen<br \/>\nMAN 324 Type Si-OAT<\/p>\n","protected":false},"excerpt":{"rendered":"<p>Neste Pro+ Coolant M on etyleeniglykolipohjainen, veteen sekoitettava j\u00e4\u00e4hdytinnestetiiviste, jonka tekniset ominaisuudet ovat korroosioneston, l\u00e4mm\u00f6nsiirron kuin k\u00e4ytt\u00f6i\u00e4nkin suhteen huippuluokkaa. Neste Pro+ Coolant M sis\u00e4lt\u00e4\u00e4 sek\u00e4 orgaanisia ett\u00e4 silikaatti-pohjaisia korroosionsuojalis\u00e4aineita. Neste Pro+ Coolant M ei sis\u00e4ll\u00e4 nitriittej\u00e4, amiineita, fosfaatteja eik\u00e4 boraatteja. Entinen nimi: Neste Coolant Longlife M<\/p>\n","protected":false},"featured_media":1598,"template":"","meta":[],"product_brand":[],"product_cat":[34],"product_tag":[96,97,70],"class_list":{"0":"post-486","1":"product","2":"type-product","3":"status-publish","4":"has-post-thumbnail","6":"product_cat-nesteet-ja-kemikaalit","7":"product_tag-mb-325-5","8":"product_tag-mercedez-benz","9":"product_tag-scania","11":"first","12":"instock","13":"taxable","14":"shipping-taxable","15":"purchasable","16":"product-type-simple"},"_links":{"self":[{"href":"https:\/\/www.lotky.fi\/kauppa\/wp-json\/wp\/v2\/product\/486","targetHints":{"allow":["GET"]}}],"collection":[{"href":"https:\/\/www.lotky.fi\/kauppa\/wp-json\/wp\/v2\/product"}],"about":[{"href":"https:\/\/www.lotky.fi\/kauppa\/wp-json\/wp\/v2\/types\/product"}],"wp:featuredmedia":[{"embeddable":true,"href":"https:\/\/www.lotky.fi\/kauppa\/wp-json\/wp\/v2\/media\/1598"}],"wp:attachment":[{"href":"https:\/\/www.lotky.fi\/kauppa\/wp-json\/wp\/v2\/media?parent=486"}],"wp:term":[{"taxonomy":"product_brand","embeddable":true,"href":"https:\/\/www.lotky.fi\/kauppa\/wp-json\/wp\/v2\/product_brand?post=486"},{"taxonomy":"product_cat","embeddable":true,"href":"https:\/\/www.lotky.fi\/kauppa\/wp-json\/wp\/v2\/product_cat?post=486"},{"taxonomy":"product_tag","embeddable":true,"href":"https:\/\/www.lotky.fi\/kauppa\/wp-json\/wp\/v2\/product_tag?post=486"}],"curies":[{"name":"wp","href":"https:\/\/api.w.org\/{rel}","templated":true}]}}