{"id":480,"date":"2016-06-09T15:35:25","date_gmt":"2016-06-09T12:35:25","guid":{"rendered":"http:\/\/www.lotky.fi\/kauppa\/?post_type=product&#038;p=480"},"modified":"2026-03-31T10:29:08","modified_gmt":"2026-03-31T07:29:08","slug":"neste-superjaahdytinneste-w-200l","status":"publish","type":"product","link":"https:\/\/www.lotky.fi\/kauppa\/tuote\/neste-superjaahdytinneste-w-200l\/","title":{"rendered":"Neste Shampoo, 200L"},"content":{"rendered":"<p>Neste Shampoo on tehokas peruspesuaine, jolla on hyv\u00e4 \u00f6ljyn, rasvan ja tiesuolan sek\u00e4 noen poistokyky. Tuote ei vahingoita lakka- tai maalipintoja eik\u00e4 liuota kumeja tai muoveja. Neste Shampoo ei sis\u00e4ll\u00e4 liuottimia ja on helposti biologisesti hajoava kuormittaen v\u00e4hemm\u00e4n ymp\u00e4rist\u00f6\u00e4. Neste Shampoo on voimakkaasti em\u00e4ksinen, tutustu k\u00e4ytt\u00f6turvallisuustiedotteeseen ennen k\u00e4ytt\u00f6\u00e4.<\/p>\n<p>K\u00e4ytt\u00f6: 5-20% likaisuuden mukaan.<\/p>\n<p>TYYPILLISET ANALYYSIARVOT:<br \/>\nTiheys 20 \u00b0C 1075 kg\/m\u00b3 ASTM D4052<br \/>\npH 12,9<\/p>\n","protected":false},"excerpt":{"rendered":"<p>Neste Shampoo on tehokas peruspesuaine, jolla on hyv\u00e4 \u00f6ljyn, rasvan ja tiesuolan sek\u00e4 noen poistokyky. Tuote ei vahingoita lakka- tai maalipintoja eik\u00e4 liuota kumeja tai muoveja. Neste Shampoo ei sis\u00e4ll\u00e4 liuottimia ja on helposti biologisesti hajoava kuormittaen v\u00e4hemm\u00e4n ymp\u00e4rist\u00f6\u00e4. Neste Shampoo on voimakkaasti em\u00e4ksinen, tutustu k\u00e4ytt\u00f6turvallisuustiedotteeseen ennen k\u00e4ytt\u00f6\u00e4. K\u00e4ytt\u00f6: 5-20% likaisuuden mukaan.<\/p>\n","protected":false},"featured_media":1598,"template":"","meta":[],"product_brand":[],"product_cat":[34],"product_tag":[],"class_list":{"0":"post-480","1":"product","2":"type-product","3":"status-publish","4":"has-post-thumbnail","6":"product_cat-nesteet-ja-kemikaalit","8":"first","9":"instock","10":"taxable","11":"shipping-taxable","12":"purchasable","13":"product-type-simple"},"_links":{"self":[{"href":"https:\/\/www.lotky.fi\/kauppa\/wp-json\/wp\/v2\/product\/480","targetHints":{"allow":["GET"]}}],"collection":[{"href":"https:\/\/www.lotky.fi\/kauppa\/wp-json\/wp\/v2\/product"}],"about":[{"href":"https:\/\/www.lotky.fi\/kauppa\/wp-json\/wp\/v2\/types\/product"}],"wp:featuredmedia":[{"embeddable":true,"href":"https:\/\/www.lotky.fi\/kauppa\/wp-json\/wp\/v2\/media\/1598"}],"wp:attachment":[{"href":"https:\/\/www.lotky.fi\/kauppa\/wp-json\/wp\/v2\/media?parent=480"}],"wp:term":[{"taxonomy":"product_brand","embeddable":true,"href":"https:\/\/www.lotky.fi\/kauppa\/wp-json\/wp\/v2\/product_brand?post=480"},{"taxonomy":"product_cat","embeddable":true,"href":"https:\/\/www.lotky.fi\/kauppa\/wp-json\/wp\/v2\/product_cat?post=480"},{"taxonomy":"product_tag","embeddable":true,"href":"https:\/\/www.lotky.fi\/kauppa\/wp-json\/wp\/v2\/product_tag?post=480"}],"curies":[{"name":"wp","href":"https:\/\/api.w.org\/{rel}","templated":true}]}}