{"id":479,"date":"2016-06-09T14:52:13","date_gmt":"2016-06-09T11:52:13","guid":{"rendered":"http:\/\/www.lotky.fi\/kauppa\/?post_type=product&#038;p=479"},"modified":"2026-04-10T11:32:49","modified_gmt":"2026-04-10T08:32:49","slug":"neste-superjaahdytinneste-xlc-200l","status":"publish","type":"product","link":"https:\/\/www.lotky.fi\/kauppa\/tuote\/neste-superjaahdytinneste-xlc-200l\/","title":{"rendered":"Neste Pro Coolant XLC-II, 200L, kampanja 23.4.2026 asti"},"content":{"rendered":"<p>Neste Pro Coolant XLC-II on uuden sukupolven etyleeniglykolipohjainen pitk\u00e4n vaihtov\u00e4lin j\u00e4\u00e4hdytinnestetiiviste joka on kehitetty k\u00e4ytt\u00e4en orgaanista happoteknologiaa (OAT). Se on eritt\u00e4in monipuolinen ja monik\u00e4ytt\u00f6inen j\u00e4\u00e4hdytinneste jota voidaan k\u00e4ytt\u00e4\u00e4 polttomoottoreissa sek\u00e4 s\u00e4hk\u00f6autoissa. Neste Pro+ Coolant XLC-II perustuu Orgaaniseen happoteknologiaan (OAT), mik\u00e4 tarjoaa ainutlaatuisen hapettumisenkeston, pident\u00e4en j\u00e4\u00e4hdytinnesteen k\u00e4ytt\u00f6ik\u00e4\u00e4. Pitk\u00e4t vaihtov\u00e4lit auttavat v\u00e4hent\u00e4m\u00e4\u00e4n j\u00e4tteen m\u00e4\u00e4r\u00e4\u00e4 ja siten pienent\u00e4v\u00e4t huoltokustannuksia.<\/p>\n<p>V\u00e4ri: Tummanpunainen<\/p>\n<p><strong>SUORITUSKYKYLUOKITUKSET<\/strong><br \/>\nASTM D3306 Type I<br \/>\nASTM D6210 Type I-FF<br \/>\nGB 29743-2013<br \/>\nJIS K 2234<br \/>\nSAE J1034<br \/>\nSAE J1941<br \/>\nCaterpillar Motoren GCM34<br \/>\nDeutz DQC CB-14<br \/>\nDFS 93K217<br \/>\nFiat 9.55523<br \/>\nFord WSS-M97B44-D<br \/>\nGMW 3420\u00a0(DEX-COOL)<br \/>\nKomatsu 07.892 (AF-NAC)<br \/>\nMAN 324 Typ SNF<br \/>\nMB 325.3 (concentrate)<br \/>\nSkoda 61-0-0257<br \/>\nSTJLR.03.5212<br \/>\nVolvo VCS-2\u00a0, VCS-1<br \/>\nVW TL-774-F (G12+)<br \/>\nVW TL-774-D (G12)<\/p>\n","protected":false},"excerpt":{"rendered":"<p>Neste Pro Coolant XLC-II on uuden sukupolven etyleeniglykolipohjainen pitk\u00e4n vaihtov\u00e4lin j\u00e4\u00e4hdytinnestetiiviste joka on kehitetty k\u00e4ytt\u00e4en orgaanista happoteknologiaa (OAT). Se on eritt\u00e4in monipuolinen ja monik\u00e4ytt\u00f6inen j\u00e4\u00e4hdytinneste jota voidaan k\u00e4ytt\u00e4\u00e4 polttomoottoreissa sek\u00e4 s\u00e4hk\u00f6autoissa. Neste Pro+ Coolant XLC-II perustuu Orgaaniseen happoteknologiaan (OAT), mik\u00e4 tarjoaa ainutlaatuisen hapettumisenkeston, pident\u00e4en j\u00e4\u00e4hdytinnesteen k\u00e4ytt\u00f6ik\u00e4\u00e4. Pitk\u00e4t vaihtov\u00e4lit auttavat v\u00e4hent\u00e4m\u00e4\u00e4n j\u00e4tteen m\u00e4\u00e4r\u00e4\u00e4 ja siten pienent\u00e4v\u00e4t [&hellip;]<\/p>\n","protected":false},"featured_media":1598,"template":"","meta":[],"product_brand":[],"product_cat":[34],"product_tag":[],"class_list":{"0":"post-479","1":"product","2":"type-product","3":"status-publish","4":"has-post-thumbnail","6":"product_cat-nesteet-ja-kemikaalit","8":"first","9":"instock","10":"sale","11":"taxable","12":"shipping-taxable","13":"purchasable","14":"product-type-simple"},"_links":{"self":[{"href":"https:\/\/www.lotky.fi\/kauppa\/wp-json\/wp\/v2\/product\/479","targetHints":{"allow":["GET"]}}],"collection":[{"href":"https:\/\/www.lotky.fi\/kauppa\/wp-json\/wp\/v2\/product"}],"about":[{"href":"https:\/\/www.lotky.fi\/kauppa\/wp-json\/wp\/v2\/types\/product"}],"wp:featuredmedia":[{"embeddable":true,"href":"https:\/\/www.lotky.fi\/kauppa\/wp-json\/wp\/v2\/media\/1598"}],"wp:attachment":[{"href":"https:\/\/www.lotky.fi\/kauppa\/wp-json\/wp\/v2\/media?parent=479"}],"wp:term":[{"taxonomy":"product_brand","embeddable":true,"href":"https:\/\/www.lotky.fi\/kauppa\/wp-json\/wp\/v2\/product_brand?post=479"},{"taxonomy":"product_cat","embeddable":true,"href":"https:\/\/www.lotky.fi\/kauppa\/wp-json\/wp\/v2\/product_cat?post=479"},{"taxonomy":"product_tag","embeddable":true,"href":"https:\/\/www.lotky.fi\/kauppa\/wp-json\/wp\/v2\/product_tag?post=479"}],"curies":[{"name":"wp","href":"https:\/\/api.w.org\/{rel}","templated":true}]}}