{"id":474,"date":"2016-06-09T11:23:43","date_gmt":"2016-06-09T08:23:43","guid":{"rendered":"http:\/\/www.lotky.fi\/kauppa\/?post_type=product&#038;p=474"},"modified":"2025-09-08T15:51:34","modified_gmt":"2025-09-08T12:51:34","slug":"jaahdytinneste-vihrea-100-200l","status":"publish","type":"product","link":"https:\/\/www.lotky.fi\/kauppa\/tuote\/jaahdytinneste-vihrea-100-200l\/","title":{"rendered":"J\u00e4\u00e4hdytinneste vihre\u00e4 100% BS6580, 200L"},"content":{"rendered":"<p>Etyleeniglykolipohjainen vihre\u00e4 j\u00e4\u00e4hdytinnestetiiviste j\u00e4\u00e4hdytinj\u00e4rjestelmiin. J\u00e4\u00e4hdytinneste sis\u00e4lt\u00e4\u00e4 inhibiittej\u00e4 ruostimista ja vaahtoamista vastaan. Sekoita j\u00e4\u00e4hdytinnestetiiviste suhteessa 1:1 puhdasta vett\u00e4. Pakkaskesto 1:1 seoksella n. -36\u00b0C.<\/p>\n<p>Luokitukset:<\/p>\n<p>BS6580<\/p>\n","protected":false},"excerpt":{"rendered":"<p>Etyleeniglykolipohjainen vihre\u00e4 j\u00e4\u00e4hdytinnestetiiviste j\u00e4\u00e4hdytinj\u00e4rjestelmiin. J\u00e4\u00e4hdytinneste sis\u00e4lt\u00e4\u00e4 inhibiittej\u00e4 ruostimista ja vaahtoamista vastaan. Sekoita j\u00e4\u00e4hdytinnestetiiviste suhteessa 1:1 puhdasta vett\u00e4.<\/p>\n","protected":false},"featured_media":476,"template":"","meta":[],"product_brand":[],"product_cat":[34],"product_tag":[],"class_list":{"0":"post-474","1":"product","2":"type-product","3":"status-publish","4":"has-post-thumbnail","6":"product_cat-nesteet-ja-kemikaalit","8":"first","9":"instock","10":"taxable","11":"shipping-taxable","12":"purchasable","13":"product-type-simple"},"_links":{"self":[{"href":"https:\/\/www.lotky.fi\/kauppa\/wp-json\/wp\/v2\/product\/474","targetHints":{"allow":["GET"]}}],"collection":[{"href":"https:\/\/www.lotky.fi\/kauppa\/wp-json\/wp\/v2\/product"}],"about":[{"href":"https:\/\/www.lotky.fi\/kauppa\/wp-json\/wp\/v2\/types\/product"}],"wp:featuredmedia":[{"embeddable":true,"href":"https:\/\/www.lotky.fi\/kauppa\/wp-json\/wp\/v2\/media\/476"}],"wp:attachment":[{"href":"https:\/\/www.lotky.fi\/kauppa\/wp-json\/wp\/v2\/media?parent=474"}],"wp:term":[{"taxonomy":"product_brand","embeddable":true,"href":"https:\/\/www.lotky.fi\/kauppa\/wp-json\/wp\/v2\/product_brand?post=474"},{"taxonomy":"product_cat","embeddable":true,"href":"https:\/\/www.lotky.fi\/kauppa\/wp-json\/wp\/v2\/product_cat?post=474"},{"taxonomy":"product_tag","embeddable":true,"href":"https:\/\/www.lotky.fi\/kauppa\/wp-json\/wp\/v2\/product_tag?post=474"}],"curies":[{"name":"wp","href":"https:\/\/api.w.org\/{rel}","templated":true}]}}