{"id":437,"date":"2016-06-02T15:19:27","date_gmt":"2016-06-02T12:19:27","guid":{"rendered":"http:\/\/www.lotky.fi\/kauppa\/?post_type=product&#038;p=437"},"modified":"2026-04-02T15:23:02","modified_gmt":"2026-04-02T12:23:02","slug":"champion-s-t-o-u-farm-oil-10w-30-205l","status":"publish","type":"product","link":"https:\/\/www.lotky.fi\/kauppa\/tuote\/champion-s-t-o-u-farm-oil-10w-30-205l\/","title":{"rendered":"Champion S.T.O.U Farm Oil 10W-30, 205L"},"content":{"rendered":"<p>Champion S.T.O.U Farm Oil 10w-30 on moniasteinen yleis\u00f6ljy moottoreille, vaihteistoille, m\u00e4rk\u00e4jarruille ja traktorien hydraulij\u00e4rjestelmille. S.T.O.U Farm Oil -\u00f6ljy\u00e4 suositellaan ahdettujen ja ahtamattomien dieselmoottorien (TURBO), nelitahtisten bensiinimoottorien ja nestekaasumoottorien voiteluun. \u00d6ljy on tarkoitettu traktorien vaihteistojen, tasauspy\u00f6r\u00e4st\u00f6jen, vetopy\u00f6r\u00e4st\u00f6jen, voimanoton, m\u00e4rk\u00e4jarrujen ja hydraulij\u00e4rjestelmien sek\u00e4 ty\u00f6koneiden moottorien voiteluun.<\/p>\n<p>Luokitukset:<\/p>\n<p>SAE 10W-30<br \/>\nACEA: E3<br \/>\nALLISON : C4 (Agriculture applic.)<br \/>\nAPI: CG-4, GL-4, GL-5 (Low speed\/high torque)<br \/>\nAPI: SF\/CE<br \/>\nCASE: MAT 3525, 3526<br \/>\nFORD: ESN-M2C134 C\/D, ESN-M2C159 B\/C<br \/>\nFORD: FNH 82009201<br \/>\nJD: J20C, J27<br \/>\nMF: M 1135, 1139, 1143, 1144, 1145<br \/>\nNH: NH 030C, 410B, 420A<br \/>\nZF: TE-ML 03A, 05K, 06A, 06B, 06C, 07B, 07D<\/p>\n","protected":false},"excerpt":{"rendered":"<p>Champion S.T.O.U Farm Oil 10w-30 on moniasteinen yleis\u00f6ljy moottoreille, vaihteistoille, m\u00e4rk\u00e4jarruille ja traktorien hydraulij\u00e4rjestelmille. S.T.O.U Farm Oil -\u00f6ljy\u00e4 suositellaan ahdettujen ja ahtamattomien dieselmoottorien (TURBO), nelitahtisten bensiinimoottorien ja nestekaasumoottorien voiteluun. \u00d6ljy on tarkoitettu traktorien vaihteistojen, tasauspy\u00f6r\u00e4st\u00f6jen, vetopy\u00f6r\u00e4st\u00f6jen, voimanoton, m\u00e4rk\u00e4jarrujen ja hydraulij\u00e4rjestelmien sek\u00e4 ty\u00f6koneiden moottorien voiteluun.<\/p>\n","protected":false},"featured_media":430,"template":"","meta":[],"product_brand":[],"product_cat":[23],"product_tag":[],"class_list":{"0":"post-437","1":"product","2":"type-product","3":"status-publish","4":"has-post-thumbnail","6":"product_cat-maatalousoljyt","8":"first","9":"instock","10":"taxable","11":"shipping-taxable","12":"purchasable","13":"product-type-simple"},"_links":{"self":[{"href":"https:\/\/www.lotky.fi\/kauppa\/wp-json\/wp\/v2\/product\/437","targetHints":{"allow":["GET"]}}],"collection":[{"href":"https:\/\/www.lotky.fi\/kauppa\/wp-json\/wp\/v2\/product"}],"about":[{"href":"https:\/\/www.lotky.fi\/kauppa\/wp-json\/wp\/v2\/types\/product"}],"wp:featuredmedia":[{"embeddable":true,"href":"https:\/\/www.lotky.fi\/kauppa\/wp-json\/wp\/v2\/media\/430"}],"wp:attachment":[{"href":"https:\/\/www.lotky.fi\/kauppa\/wp-json\/wp\/v2\/media?parent=437"}],"wp:term":[{"taxonomy":"product_brand","embeddable":true,"href":"https:\/\/www.lotky.fi\/kauppa\/wp-json\/wp\/v2\/product_brand?post=437"},{"taxonomy":"product_cat","embeddable":true,"href":"https:\/\/www.lotky.fi\/kauppa\/wp-json\/wp\/v2\/product_cat?post=437"},{"taxonomy":"product_tag","embeddable":true,"href":"https:\/\/www.lotky.fi\/kauppa\/wp-json\/wp\/v2\/product_tag?post=437"}],"curies":[{"name":"wp","href":"https:\/\/api.w.org\/{rel}","templated":true}]}}