{"id":4369,"date":"2026-02-20T12:23:17","date_gmt":"2026-02-20T10:23:17","guid":{"rendered":"https:\/\/www.lotky.fi\/kauppa\/?post_type=product&#038;p=4369"},"modified":"2026-02-20T12:25:34","modified_gmt":"2026-02-20T10:25:34","slug":"77-lubricants-super-tractor-oil-10w-40-stou-200l","status":"publish","type":"product","link":"https:\/\/www.lotky.fi\/kauppa\/tuote\/77-lubricants-super-tractor-oil-10w-40-stou-200l\/","title":{"rendered":"77 Lubricants Super Tractor Oil 10W-40, STOU, 200L"},"content":{"rendered":"<p>Korkealaatuinen mineraalipohjainen nk. STOU* yleis\u00f6ljy traktoreihin ja maatalouden koneisiin.<br \/>\nK\u00e4ytt\u00f6kohteina mm. moottorit, vaihteistot, hydraulij\u00e4rjestelm\u00e4t, \u00f6ljykylpyjarrulliset akselit ym.<br \/>\nErinomaiset l\u00e4mm\u00f6n- ja hapettumistasapainon ominaisuudet<br \/>\nHyv\u00e4 dispergointi- ja pesukykytaso pit\u00e4\u00e4 moottorin puhtaampana pitemp\u00e4\u00e4n.<br \/>\nErinomaiset kylm\u00e4k\u00e4ynnistysominaisuudet<br \/>\nKorkeat vaahtoamisenesto-, kulumisen esto- ja korroosionsuojaominaisuudet.<br \/>\nSopii m\u00e4rk\u00e4jarruille<\/p>\n<p>T\u00e4ytt\u00e4\u00e4 moottorivaatimukset: ACEA E3, API CG-4 \/ CF-4 \/ CE \/ SF, MB 228.1<\/p>\n<p>T\u00e4ytt\u00e4\u00e4 STOU*\/UTTO* vaatimukset:<br \/>\nAPI: GL-4<br \/>\nAllison C-4<br \/>\nCat TO-2<br \/>\nFord M2C134D<br \/>\nFord M2C86B\/C<br \/>\nJD J20C\/D, J27<br \/>\nMF M1135\/1139<br \/>\nMF M1143\/1145<br \/>\nNH 82009201, 2, 3<br \/>\nZF TE-ML 06A, 06B, 06C, 06D, 06E, 06H 07B<br \/>\nT\u00e4ytt\u00e4\u00e4 hydraulikka spesifikaatiot: Danfoss, Eaton 1-280-S, Eaton M-2950S<\/p>\n","protected":false},"excerpt":{"rendered":"<p>Traktoreiden ja maatalouskaluston monik\u00e4ytt\u00f6-\u00f6ljy, STOU. Super Tractor Oil 10w-40 sopii useimpiin maatalousk\u00e4yt\u00f6ss\u00e4 oleviin traktoreihin ymp\u00e4rivuotiseksi moottori-, vaihteisto-, taka-akseli-ja hydrauli\u00f6ljyksi.<\/p>\n","protected":false},"featured_media":3065,"template":"","meta":[],"product_brand":[],"product_cat":[23,24],"product_tag":[],"class_list":{"0":"post-4369","1":"product","2":"type-product","3":"status-publish","4":"has-post-thumbnail","6":"product_cat-maatalousoljyt","7":"product_cat-vaihteistooljyt","9":"first","10":"instock","11":"taxable","12":"shipping-taxable","13":"purchasable","14":"product-type-simple"},"_links":{"self":[{"href":"https:\/\/www.lotky.fi\/kauppa\/wp-json\/wp\/v2\/product\/4369","targetHints":{"allow":["GET"]}}],"collection":[{"href":"https:\/\/www.lotky.fi\/kauppa\/wp-json\/wp\/v2\/product"}],"about":[{"href":"https:\/\/www.lotky.fi\/kauppa\/wp-json\/wp\/v2\/types\/product"}],"wp:featuredmedia":[{"embeddable":true,"href":"https:\/\/www.lotky.fi\/kauppa\/wp-json\/wp\/v2\/media\/3065"}],"wp:attachment":[{"href":"https:\/\/www.lotky.fi\/kauppa\/wp-json\/wp\/v2\/media?parent=4369"}],"wp:term":[{"taxonomy":"product_brand","embeddable":true,"href":"https:\/\/www.lotky.fi\/kauppa\/wp-json\/wp\/v2\/product_brand?post=4369"},{"taxonomy":"product_cat","embeddable":true,"href":"https:\/\/www.lotky.fi\/kauppa\/wp-json\/wp\/v2\/product_cat?post=4369"},{"taxonomy":"product_tag","embeddable":true,"href":"https:\/\/www.lotky.fi\/kauppa\/wp-json\/wp\/v2\/product_tag?post=4369"}],"curies":[{"name":"wp","href":"https:\/\/api.w.org\/{rel}","templated":true}]}}