{"id":4330,"date":"2026-01-30T09:02:48","date_gmt":"2026-01-30T07:02:48","guid":{"rendered":"https:\/\/www.lotky.fi\/kauppa\/?post_type=product&#038;p=4330"},"modified":"2026-04-02T15:25:00","modified_gmt":"2026-04-02T12:25:00","slug":"valvoline-multipurpose-moly-2-plus-180-kg","status":"publish","type":"product","link":"https:\/\/www.lotky.fi\/kauppa\/tuote\/valvoline-multipurpose-moly-2-plus-180-kg\/","title":{"rendered":"Valvoline Multipurpose Moly 2 Plus, 180 kg"},"content":{"rendered":"<p>Valvoline Multipurpose Moly 2 Plus on erinomaista suorituskyky\u00e4 tarjoava litiumrasva, johon on lis\u00e4tty molybdeenidisulfidia parantamaan raskaiden kuormien kestoa. Tuote suojaa ruosteelta ja korroosiolta ja sen hapettumisen kesto on hyv\u00e4. Rasvalla on erinomainen mekaaninen stabiilisuus, joten se ei puristu pois laitteen osista. Ominaisuudet: kest\u00e4\u00e4 eritt\u00e4in suurta painetta, vedenkest\u00e4v\u00e4, suojaa ruosteelta ja korroosiolta ja sen hapettumisen kesto on hyv\u00e4. Mos2 pitoisuus 3%. K\u00e4ytt\u00f6kohteet: jousituksen nivelet, ohjausvivuston nivelet, k\u00e4\u00e4nt\u00f6p\u00f6yd\u00e4t, hitaat laakerit, avoimet hammaspy\u00f6r\u00e4t ja kosteissa olosuhteissa toimivat koneet. Erilaiset rakennusalan, maatalouden, merenkulkualan, teollisuuden ja kaivosalan k\u00e4ytt\u00f6tarkoitukset.<\/p>\n<p>V\u00e4ri: Musta<\/p>\n","protected":false},"excerpt":{"rendered":"<p>Valvoline Multipurpose Moly 2 Plus on erinomaista suorituskyky\u00e4 tarjoava litiumrasva, johon on lis\u00e4tty molybdeenidisulfidia parantamaan raskaiden kuormien kestoa. Tuote suojaa ruosteelta ja korroosiolta ja sen hapettumisen kesto on hyv\u00e4. Rasvalla on erinomainen mekaaninen stabiilisuus, joten se ei puristu pois laitteen osista. Ominaisuudet: kest\u00e4\u00e4 eritt\u00e4in suurta painetta, vedenkest\u00e4v\u00e4, suojaa ruosteelta ja korroosiolta ja sen hapettumisen kesto [&hellip;]<\/p>\n","protected":false},"featured_media":472,"template":"","meta":[],"product_brand":[],"product_cat":[19],"product_tag":[],"class_list":{"0":"post-4330","1":"product","2":"type-product","3":"status-publish","4":"has-post-thumbnail","6":"product_cat-rasvat","8":"first","9":"instock","10":"taxable","11":"shipping-taxable","12":"purchasable","13":"product-type-simple"},"_links":{"self":[{"href":"https:\/\/www.lotky.fi\/kauppa\/wp-json\/wp\/v2\/product\/4330","targetHints":{"allow":["GET"]}}],"collection":[{"href":"https:\/\/www.lotky.fi\/kauppa\/wp-json\/wp\/v2\/product"}],"about":[{"href":"https:\/\/www.lotky.fi\/kauppa\/wp-json\/wp\/v2\/types\/product"}],"wp:featuredmedia":[{"embeddable":true,"href":"https:\/\/www.lotky.fi\/kauppa\/wp-json\/wp\/v2\/media\/472"}],"wp:attachment":[{"href":"https:\/\/www.lotky.fi\/kauppa\/wp-json\/wp\/v2\/media?parent=4330"}],"wp:term":[{"taxonomy":"product_brand","embeddable":true,"href":"https:\/\/www.lotky.fi\/kauppa\/wp-json\/wp\/v2\/product_brand?post=4330"},{"taxonomy":"product_cat","embeddable":true,"href":"https:\/\/www.lotky.fi\/kauppa\/wp-json\/wp\/v2\/product_cat?post=4330"},{"taxonomy":"product_tag","embeddable":true,"href":"https:\/\/www.lotky.fi\/kauppa\/wp-json\/wp\/v2\/product_tag?post=4330"}],"curies":[{"name":"wp","href":"https:\/\/api.w.org\/{rel}","templated":true}]}}