{"id":429,"date":"2016-06-02T11:25:21","date_gmt":"2016-06-02T08:25:21","guid":{"rendered":"http:\/\/www.lotky.fi\/kauppa\/?post_type=product&#038;p=429"},"modified":"2025-10-24T10:06:50","modified_gmt":"2025-10-24T07:06:50","slug":"champion-hydro-hv-32-205l","status":"publish","type":"product","link":"https:\/\/www.lotky.fi\/kauppa\/tuote\/champion-hydro-hv-32-205l\/","title":{"rendered":"Champion Compete HV 32, 205L"},"content":{"rendered":"<p>Champion Compete HV 32 on korkean viskositeetti-indeksin parafinoitu \u00f6ljy, jonka pohjana ovat valikoidut ainesosat. Tarkoitettu erityisesti hydraulipiireille. Compete HV 32 \u00f6ljy sopii hydrauliikkaj\u00e4rjestelmille, jotka toimivat vaihtelevissa l\u00e4mp\u00f6tiloissa ja korkeassa paineessa. Sit\u00e4 voidaan k\u00e4ytt\u00e4\u00e4 my\u00f6s vaihteistoissa, jotka vaativat korkean viskositeetti-indeksin \u00f6ljyn ja hyv\u00e4n mekaanisen ja kemiallisen pysyvyyden. Sopii s\u00e4\u00e4t\u00f6j\u00e4rjestelmille ja hydraulisille ohjausj\u00e4rjestelmille.<\/p>\n<p>Luokitukset:<\/p>\n<p>ISO VG 32<br \/>\nAFNOR: NF E 48-603 HV<br \/>\nAFNOR: NF E 48-690<br \/>\nAFNOR: NF E 48-691<br \/>\nCINCINNATI: MACHINE P-68 (ISO 32)<br \/>\nDENISON: HF-2<br \/>\nDIN: 51524 Part 3<br \/>\nEATON VICKERS: I-286-S<br \/>\nEATON VICKERS: M-2950-S<br \/>\nISO: 11158, HV<br \/>\nISO: 6743-4, HV<\/p>\n","protected":false},"excerpt":{"rendered":"<p>Champion Compete HV 32 on korkean viskositeetti-indeksin parafinoitu \u00f6ljy, jonka pohjana ovat valikoidut ainesosat. Tarkoitettu erityisesti hydraulipiireille. Compete HV 32 \u00f6ljy sopii hydrauliikkaj\u00e4rjestelmille, jotka toimivat vaihtelevissa l\u00e4mp\u00f6tiloissa ja korkeassa paineessa. Sit\u00e4 voidaan k\u00e4ytt\u00e4\u00e4 my\u00f6s vaihteistoissa, jotka vaativat korkean viskositeetti-indeksin \u00f6ljyn ja hyv\u00e4n mekaanisen ja kemiallisen pysyvyyden. Sopii s\u00e4\u00e4t\u00f6j\u00e4rjestelmille ja hydraulisille ohjausj\u00e4rjestelmille.<\/p>\n","protected":false},"featured_media":430,"template":"","meta":[],"product_brand":[],"product_cat":[6],"product_tag":[],"class_list":{"0":"post-429","1":"product","2":"type-product","3":"status-publish","4":"has-post-thumbnail","6":"product_cat-hydrauliikkaoljyt","8":"first","9":"instock","10":"taxable","11":"shipping-taxable","12":"purchasable","13":"product-type-simple"},"_links":{"self":[{"href":"https:\/\/www.lotky.fi\/kauppa\/wp-json\/wp\/v2\/product\/429","targetHints":{"allow":["GET"]}}],"collection":[{"href":"https:\/\/www.lotky.fi\/kauppa\/wp-json\/wp\/v2\/product"}],"about":[{"href":"https:\/\/www.lotky.fi\/kauppa\/wp-json\/wp\/v2\/types\/product"}],"wp:featuredmedia":[{"embeddable":true,"href":"https:\/\/www.lotky.fi\/kauppa\/wp-json\/wp\/v2\/media\/430"}],"wp:attachment":[{"href":"https:\/\/www.lotky.fi\/kauppa\/wp-json\/wp\/v2\/media?parent=429"}],"wp:term":[{"taxonomy":"product_brand","embeddable":true,"href":"https:\/\/www.lotky.fi\/kauppa\/wp-json\/wp\/v2\/product_brand?post=429"},{"taxonomy":"product_cat","embeddable":true,"href":"https:\/\/www.lotky.fi\/kauppa\/wp-json\/wp\/v2\/product_cat?post=429"},{"taxonomy":"product_tag","embeddable":true,"href":"https:\/\/www.lotky.fi\/kauppa\/wp-json\/wp\/v2\/product_tag?post=429"}],"curies":[{"name":"wp","href":"https:\/\/api.w.org\/{rel}","templated":true}]}}