{"id":4258,"date":"2026-01-15T13:32:37","date_gmt":"2026-01-15T11:32:37","guid":{"rendered":"https:\/\/www.lotky.fi\/kauppa\/?post_type=product&#038;p=4258"},"modified":"2026-01-15T13:33:02","modified_gmt":"2026-01-15T11:33:02","slug":"euro-chainsaw-teraketjuoljy-vg-46-1000l","status":"publish","type":"product","link":"https:\/\/www.lotky.fi\/kauppa\/tuote\/euro-chainsaw-teraketjuoljy-vg-46-1000l\/","title":{"rendered":"Euro Chainsaw ter\u00e4ketju\u00f6ljy vg 46, 1000L"},"content":{"rendered":"<p>Mineraalipohjainen moottorisahan ter\u00e4ketju\u00f6ljy. Hyv\u00e4t voiteluominaisuudet ja korroosionsuoja. Viskositeetti ISO vg 46.<\/p>\n","protected":false},"excerpt":{"rendered":"<p>Mineraalipohjainen moottorisahan ter\u00e4ketju\u00f6ljy. Hyv\u00e4t voiteluominaisuudet ja korroosionsuoja. Viskositeetti ISO vg 46.<\/p>\n","protected":false},"featured_media":432,"template":"","meta":[],"product_brand":[],"product_cat":[155],"product_tag":[],"class_list":{"0":"post-4258","1":"product","2":"type-product","3":"status-publish","4":"has-post-thumbnail","6":"product_cat-teraketjuoljyt","8":"first","9":"instock","10":"taxable","11":"shipping-taxable","12":"purchasable","13":"product-type-simple"},"_links":{"self":[{"href":"https:\/\/www.lotky.fi\/kauppa\/wp-json\/wp\/v2\/product\/4258","targetHints":{"allow":["GET"]}}],"collection":[{"href":"https:\/\/www.lotky.fi\/kauppa\/wp-json\/wp\/v2\/product"}],"about":[{"href":"https:\/\/www.lotky.fi\/kauppa\/wp-json\/wp\/v2\/types\/product"}],"wp:featuredmedia":[{"embeddable":true,"href":"https:\/\/www.lotky.fi\/kauppa\/wp-json\/wp\/v2\/media\/432"}],"wp:attachment":[{"href":"https:\/\/www.lotky.fi\/kauppa\/wp-json\/wp\/v2\/media?parent=4258"}],"wp:term":[{"taxonomy":"product_brand","embeddable":true,"href":"https:\/\/www.lotky.fi\/kauppa\/wp-json\/wp\/v2\/product_brand?post=4258"},{"taxonomy":"product_cat","embeddable":true,"href":"https:\/\/www.lotky.fi\/kauppa\/wp-json\/wp\/v2\/product_cat?post=4258"},{"taxonomy":"product_tag","embeddable":true,"href":"https:\/\/www.lotky.fi\/kauppa\/wp-json\/wp\/v2\/product_tag?post=4258"}],"curies":[{"name":"wp","href":"https:\/\/api.w.org\/{rel}","templated":true}]}}