{"id":4256,"date":"2026-01-14T15:34:28","date_gmt":"2026-01-14T13:34:28","guid":{"rendered":"https:\/\/www.lotky.fi\/kauppa\/?post_type=product&#038;p=4256"},"modified":"2026-01-28T14:34:48","modified_gmt":"2026-01-28T12:34:48","slug":"defrosta-30c-uusi-vaihtoehtoinen-ureapohjainen-lisaaine-adbluen-tilalle-200l","status":"publish","type":"product","link":"https:\/\/www.lotky.fi\/kauppa\/tuote\/defrosta-30c-uusi-vaihtoehtoinen-ureapohjainen-lisaaine-adbluen-tilalle-200l\/","title":{"rendered":"Defrosta -30\u00b0C, Uusi vaihtoehtoinen ureapohjainen lis\u00e4aine AdBluen tilalle. 200L"},"content":{"rendered":"<p>Defrosta on ureapohjaisiin typenoksidien pelkistysj\u00e4rjestelmiin (SCR) tarkoitettu lis\u00e4aine, jonka k\u00e4ytt\u00f6tarkoituksena on parantaa j\u00e4rjestelm\u00e4n pakkasen kest\u00e4vyytt\u00e4.<br \/>\nDefrosta parantaa SCR-j\u00e4rjestelmien k\u00e4ytett\u00e4vyytt\u00e4 alhaisissa l\u00e4mp\u00f6tiloissa aina -30\u00b0C:een saakka.<\/p>\n<p>L\u00e4mp\u00f6tilan laskiessa syksyll\u00e4, AdBlue voidaan korvata Defrostalla, mik\u00e4 varmistaa j\u00e4rjestelm\u00e4n tehokkaan toiminnan ilman j\u00e4\u00e4tymisongelmia. Seoksella 50% AdBlue ja 50% Defrosta, pakkaskest\u00e4vyys on -22\u00b0C. Defrosta sis\u00e4lt\u00e4\u00e4 saman massapainon aktiivista tehoainetta (ammoniakki), kuin perinteiset urea-tuotteet.<\/p>\n<p>&nbsp;<\/p>\n<p><strong>K\u00e4ytt\u00f6kohteet (VAIN AMMATTIK\u00c4YTT\u00d6\u00d6N)<\/strong><br \/>\n\u2022 Raskaat kuorma-autot ja linja-autot<br \/>\n\u2022 Jakeluautot ja muut diesel-moottorit<br \/>\n\u2022 Maastoajoneuvot ja ty\u00f6koneet<br \/>\n\u2022 Risteilyalusten ja laivojen dieselmoottorit<br \/>\n\u2022 Teollisuusprosessit<\/p>\n<p><strong>HUOMIOITAVAA, Defrosta ei sovellu ajoneuvoihin, joissa on laatuanturi!<\/strong><\/p>\n<p><u>Huomioithan ett\u00e4 Defrosta ei ole AdBlue:ta koska AdBlue valmistetaan VDA:n ( Saksan autoteollisuusliiton) m\u00e4\u00e4r\u00e4ysten mukaisesti ja AdBlue kest\u00e4\u00e4 aina -11C pakkasta.<\/u><\/p>\n","protected":false},"excerpt":{"rendered":"<p>Defrosta -30\u00b0C, Uusi vaihtoehtoinen ureapohjainen lis\u00e4aine AdBluen tilalle. Defrosta on ureapohjaisiin typenoksidien pelkis-tysj\u00e4rjestelmiin (SCR) tarkoitettu lis\u00e4aine, jonka k\u00e4ytt\u00f6tarkoituksena on parantaa j\u00e4rjestelm\u00e4n pakkasen kest\u00e4vyytt\u00e4. K\u00e4ytt\u00f6kohteet (VAIN AMMATTIK\u00c4YTT\u00d6\u00d6N) HUOMIOITAVAA, Defrosta ei sovellu ajoneuvoihin, joissa on laatuanturi! Huomioithan ett\u00e4 Defrosta ei ole AdBlue:ta koska AdBlue valmistetaan VDA:n ( Saksan autoteollisuusliiton) m\u00e4\u00e4r\u00e4ysten mukaisesti ja AdBlue kest\u00e4\u00e4 aina -11C pakkasta.<\/p>\n","protected":false},"featured_media":476,"template":"","meta":[],"product_brand":[],"product_cat":[34],"product_tag":[154],"class_list":{"0":"post-4256","1":"product","2":"type-product","3":"status-publish","4":"has-post-thumbnail","6":"product_cat-nesteet-ja-kemikaalit","7":"product_tag-urea","9":"first","10":"instock","11":"taxable","12":"shipping-taxable","13":"purchasable","14":"product-type-simple"},"_links":{"self":[{"href":"https:\/\/www.lotky.fi\/kauppa\/wp-json\/wp\/v2\/product\/4256","targetHints":{"allow":["GET"]}}],"collection":[{"href":"https:\/\/www.lotky.fi\/kauppa\/wp-json\/wp\/v2\/product"}],"about":[{"href":"https:\/\/www.lotky.fi\/kauppa\/wp-json\/wp\/v2\/types\/product"}],"wp:featuredmedia":[{"embeddable":true,"href":"https:\/\/www.lotky.fi\/kauppa\/wp-json\/wp\/v2\/media\/476"}],"wp:attachment":[{"href":"https:\/\/www.lotky.fi\/kauppa\/wp-json\/wp\/v2\/media?parent=4256"}],"wp:term":[{"taxonomy":"product_brand","embeddable":true,"href":"https:\/\/www.lotky.fi\/kauppa\/wp-json\/wp\/v2\/product_brand?post=4256"},{"taxonomy":"product_cat","embeddable":true,"href":"https:\/\/www.lotky.fi\/kauppa\/wp-json\/wp\/v2\/product_cat?post=4256"},{"taxonomy":"product_tag","embeddable":true,"href":"https:\/\/www.lotky.fi\/kauppa\/wp-json\/wp\/v2\/product_tag?post=4256"}],"curies":[{"name":"wp","href":"https:\/\/api.w.org\/{rel}","templated":true}]}}