{"id":423,"date":"2016-06-01T11:18:02","date_gmt":"2016-06-01T08:18:02","guid":{"rendered":"http:\/\/www.lotky.fi\/kauppa\/?post_type=product&#038;p=423"},"modified":"2026-03-21T19:58:32","modified_gmt":"2026-03-21T17:58:32","slug":"shell-helix-ultra-5w-40-209l","status":"publish","type":"product","link":"https:\/\/www.lotky.fi\/kauppa\/tuote\/shell-helix-ultra-5w-40-209l\/","title":{"rendered":"Shell Helix Ultra 5W-40, 209L"},"content":{"rendered":"<p>Shell Helix Ultra 5W-40 on formuloitu k\u00e4ytt\u00e4en ainutlaatuista puhdistavaa teknologiaa auttaakseen suorituskykyisi\u00e4 moottoreita toimimaan tehokkaimmillaan ja suojaamaan mottoria kerrostumilta ja kulumiselta. Shell Helix Ultraa voidaan k\u00e4ytt\u00e4\u00e4 bensiinimoottoreissa, dieselmoottoreissa (ilman partikkelisuodatinta) ja kaasumoottoreissa. Se sopii my\u00f6s biodieselille ja bensiini \/ etanoliseoksille.<\/p>\n<p>Spesifikaatiot, hyv\u00e4ksynn\u00e4t &amp; suositukset:<\/p>\n<p>SAE 5W-40<br \/>\nAPI SN\/CF<br \/>\nACEA A3\/B3, A3\/B4<br \/>\nBMW LL-01<br \/>\nMB 229.5, 226.5<br \/>\nVW 502.00\/505.00<br \/>\nPorsche A40<br \/>\nRenault RN 0700\/0710<br \/>\nPSA B71 2296<br \/>\nFerrari<br \/>\nFiat 9.55535-Z2, 9555.35-GH2<br \/>\nChrysler MS 10725, MS 12991<\/p>\n","protected":false},"excerpt":{"rendered":"<p>Shell Helix Ultra 5W-40 on formuloitu k\u00e4ytt\u00e4en ainutlaatuista puhdistavaa teknologiaa auttaakseen suorituskykyisi\u00e4 moottoreita toimimaan tehokkaimmillaan ja suojaamaan mottoria kerrostumilta ja kulumiselta. Shell Helix Ultraa voidaan k\u00e4ytt\u00e4\u00e4 bensiinimoottoreissa, dieselmoottoreissa (ilman partikkelisuodatinta) ja kaasumoottoreissa. Se sopii my\u00f6s biodieselille ja bensiini \/ etanoliseoksille.<\/p>\n","protected":false},"featured_media":347,"template":"","meta":[],"product_brand":[],"product_cat":[17],"product_tag":[],"class_list":{"0":"post-423","1":"product","2":"type-product","3":"status-publish","4":"has-post-thumbnail","6":"product_cat-moottorioljyt-kevyt-kalusto","8":"first","9":"instock","10":"taxable","11":"shipping-taxable","12":"purchasable","13":"product-type-simple"},"_links":{"self":[{"href":"https:\/\/www.lotky.fi\/kauppa\/wp-json\/wp\/v2\/product\/423","targetHints":{"allow":["GET"]}}],"collection":[{"href":"https:\/\/www.lotky.fi\/kauppa\/wp-json\/wp\/v2\/product"}],"about":[{"href":"https:\/\/www.lotky.fi\/kauppa\/wp-json\/wp\/v2\/types\/product"}],"wp:featuredmedia":[{"embeddable":true,"href":"https:\/\/www.lotky.fi\/kauppa\/wp-json\/wp\/v2\/media\/347"}],"wp:attachment":[{"href":"https:\/\/www.lotky.fi\/kauppa\/wp-json\/wp\/v2\/media?parent=423"}],"wp:term":[{"taxonomy":"product_brand","embeddable":true,"href":"https:\/\/www.lotky.fi\/kauppa\/wp-json\/wp\/v2\/product_brand?post=423"},{"taxonomy":"product_cat","embeddable":true,"href":"https:\/\/www.lotky.fi\/kauppa\/wp-json\/wp\/v2\/product_cat?post=423"},{"taxonomy":"product_tag","embeddable":true,"href":"https:\/\/www.lotky.fi\/kauppa\/wp-json\/wp\/v2\/product_tag?post=423"}],"curies":[{"name":"wp","href":"https:\/\/api.w.org\/{rel}","templated":true}]}}