{"id":4218,"date":"2025-12-11T10:51:22","date_gmt":"2025-12-11T08:51:22","guid":{"rendered":"https:\/\/www.lotky.fi\/kauppa\/?post_type=product&#038;p=4218"},"modified":"2026-03-31T10:07:26","modified_gmt":"2026-03-31T07:07:26","slug":"neste-atf-dct-multi-200l","status":"publish","type":"product","link":"https:\/\/www.lotky.fi\/kauppa\/tuote\/neste-atf-dct-multi-200l\/","title":{"rendered":"Neste ATF DCT Multi, 200L"},"content":{"rendered":"<p>Neste ATF DCT Multi on nykyaikaisiin ajoneuvoihin suunniteltu huippuluokan kaksoiskytkinvaihteisto\u00f6ljy. Edistynytt\u00e4 tekniikkaa hy\u00f6dynt\u00e4en se tarjoaa poikkeuksellisen suorituskyvyn ja luotettavuuden. T\u00e4m\u00e4 neste tarjoaa erinomaisen kaksoiskytkimen kitkanhallinnan sek\u00e4 erinomaisen suojan hammaspy\u00f6rille ja laakereille. Se t\u00e4ytt\u00e4\u00e4 useiden DCT-vaihteistospesifikaatioiden vaatimukset ja on yhteensopiva muiden DCT-nesteiden kanssa. Neste ATF DCT Multi -\u00f6ljyll\u00e4 on erinomainen juoksevuus sek\u00e4 matalissa ett\u00e4 korkeissa l\u00e4mp\u00f6tiloissa, mik\u00e4 saavutetaan p\u00e4\u00e4asiassa korkealaatuisten perus\u00f6ljyjen avulla. T\u00e4m\u00e4 varmistaa toimintavakauden koko vaihtov\u00e4lin ajan laajalla l\u00e4mp\u00f6tila-alueella. Eritt\u00e4in tehokkaat vaahdonesto-ominaisuudet varmistavat tehokkaan vaihteiston toiminnan ja hyv\u00e4n voitelun my\u00f6s haastavissa olosuhteissa. Neste ATF DCT Multilla on eritt\u00e4in hyv\u00e4 hapettumiskesto,jonka takia \u00f6ljy vanhenee hitaasti ja tarjoaa siten pitk\u00e4n vaihtov\u00e4lin. Huolellisesti valitut lis\u00e4aineet est\u00e4v\u00e4t lietteen ja noen muodostumista est\u00e4en \u00f6ljyn paksuuntumista.<\/p>\n<p><strong>Suorituskykyluokitukset:<\/strong><br \/>\nBMW<br \/>\n&#8211; 6-speed DCT; 83 22 2 167 666; DCTF-1; DCTF-1+; DCTF-2; Drivelogic 7-speed (Getrag); MTF LT-5<\/p>\n<p>Bugatti<br \/>\n&#8211; Veyron (Wet DCT)<\/p>\n<p>BYD<br \/>\n&#8211; 6DT35; DCT; Q; BYD-A1909.0058-2013<\/p>\n<p>Ferrari<br \/>\n&#8211; 7-speed (Getrag); TF DCT-3<\/p>\n<p>Ford<br \/>\n&#8211; F-DC; M2C200-D2; M2C218-A1; M2C936-A; P\/N 1490761; P\/N 1490763; Part # KU7J M2C218AA; Powershift 6-speed (GFT); XT-11-QDC<br \/>\nHyundai\/Kia<br \/>\n&#8211; 04300-2N110 WDHO-1<\/p>\n<p>MB<br \/>\n&#8211; 236.21; 236.22; 236.24; 236.25; 239.21<\/p>\n<p>Mitsubishi<br \/>\n&#8211; Diaqueen NS-2; Diaqueen SSTF-1; MZ320065; TC-SST 6-speed (GFT)<\/p>\n<p>Nissan<br \/>\n&#8211; Powershift 6-speed (GFT)<\/p>\n<p>Porsche<br \/>\n&#8211; #999.917.080.00; P\/N 000 043 201 44; P\/N 999 917 080 01; PDK DCT<\/p>\n<p>Renault<br \/>\n&#8211; DC4 (BOT 450); DW5; DW6; EDC 6 speed (Getrag); EDC 7 speed; Talisman R7D<\/p>\n<p>Stellantis<br \/>\n&#8211; Chrysler P\/N 68044345EA; P\/N 68044345GA; Powershift 6-speed (Getrag)<br \/>\n&#8211; Fiat 9.55550-HE2; 9.55550-MZ6<br \/>\n&#8211; PSA 9734.S2; 9734.S2; DCS 6-speed (GFT)<\/p>\n<p>VAG<br \/>\n&#8211; Audi S-Tronic 7<br \/>\n&#8211; Bentley G 052 524 B2<br \/>\n&#8211; 6 speed; 7 speed; DSG7<br \/>\n&#8211; VW G 052 182; G 052 182 A2; G 052 512; G 052 524 B2; G 052 529; G 052 536; G 055 529; G 055 536<br \/>\n&#8211; VW TL 521 82; TL 525 29<\/p>\n<p>Volvo Cars<br \/>\n&#8211; Volvo P\/N 1161838; P\/N 1161839; Powershift 6-speed (GFT)<\/p>\n<p>ZF<br \/>\n&#8211; 8DT (clutch section); ZF TE-ML 11<\/p>\n","protected":false},"excerpt":{"rendered":"<p>Neste ATF DCT Multi on nykyaikaisiin ajoneuvoihin suunniteltu huippuluokan kaksoiskytkinvaihteisto\u00f6ljy. Edistynytt\u00e4 tekniikkaa hy\u00f6dynt\u00e4en se tarjoaa poikkeuksellisen suorituskyvyn ja luotettavuuden. T\u00e4m\u00e4 neste tarjoaa erinomaisen kaksoiskytkimen kitkanhallinnan sek\u00e4 erinomaisen suojan hammaspy\u00f6rille ja laakereille. Se t\u00e4ytt\u00e4\u00e4 useiden DCT-vaihteistospesifikaatioiden vaatimukset ja on yhteensopiva muiden DCT-nesteiden kanssa. Neste ATF DCT Multi -\u00f6ljyll\u00e4 on erinomainen juoksevuus sek\u00e4 matalissa ett\u00e4 korkeissa l\u00e4mp\u00f6tiloissa, [&hellip;]<\/p>\n","protected":false},"featured_media":1598,"template":"","meta":[],"product_brand":[],"product_cat":[25],"product_tag":[],"class_list":{"0":"post-4218","1":"product","2":"type-product","3":"status-publish","4":"has-post-thumbnail","6":"product_cat-automaattivaihteistooljyt","8":"first","9":"instock","10":"taxable","11":"shipping-taxable","12":"purchasable","13":"product-type-simple"},"_links":{"self":[{"href":"https:\/\/www.lotky.fi\/kauppa\/wp-json\/wp\/v2\/product\/4218","targetHints":{"allow":["GET"]}}],"collection":[{"href":"https:\/\/www.lotky.fi\/kauppa\/wp-json\/wp\/v2\/product"}],"about":[{"href":"https:\/\/www.lotky.fi\/kauppa\/wp-json\/wp\/v2\/types\/product"}],"wp:featuredmedia":[{"embeddable":true,"href":"https:\/\/www.lotky.fi\/kauppa\/wp-json\/wp\/v2\/media\/1598"}],"wp:attachment":[{"href":"https:\/\/www.lotky.fi\/kauppa\/wp-json\/wp\/v2\/media?parent=4218"}],"wp:term":[{"taxonomy":"product_brand","embeddable":true,"href":"https:\/\/www.lotky.fi\/kauppa\/wp-json\/wp\/v2\/product_brand?post=4218"},{"taxonomy":"product_cat","embeddable":true,"href":"https:\/\/www.lotky.fi\/kauppa\/wp-json\/wp\/v2\/product_cat?post=4218"},{"taxonomy":"product_tag","embeddable":true,"href":"https:\/\/www.lotky.fi\/kauppa\/wp-json\/wp\/v2\/product_tag?post=4218"}],"curies":[{"name":"wp","href":"https:\/\/api.w.org\/{rel}","templated":true}]}}