{"id":4211,"date":"2025-12-09T13:31:41","date_gmt":"2025-12-09T11:31:41","guid":{"rendered":"https:\/\/www.lotky.fi\/kauppa\/?post_type=product&#038;p=4211"},"modified":"2025-12-09T13:33:02","modified_gmt":"2025-12-09T11:33:02","slug":"univar-chain-saw-oil-46-1000l","status":"publish","type":"product","link":"https:\/\/www.lotky.fi\/kauppa\/tuote\/univar-chain-saw-oil-46-1000l\/","title":{"rendered":"Univar Chain Saw Oil 46, 1000L"},"content":{"rendered":"<p>Univar Chain Saw Oil 46 on mineraali\u00f6jypohjainen voiteluaine moottisahojen ter\u00e4ketjujen ja laipan sek\u00e4 kuljetinketjujen voiteluun, ymp\u00e4rivuotiseen k\u00e4ytt\u00f6\u00f6n.<\/p>\n<p>Iso vg 46<\/p>\n","protected":false},"excerpt":{"rendered":"<p>Univar Chain Saw Oil 46 on mineraali\u00f6jypohjainen voiteluaine moottisahojen ter\u00e4ketjujen ja laipan sek\u00e4 kuljetinketjujen voiteluun, ymp\u00e4rivuotiseen k\u00e4ytt\u00f6\u00f6n.<\/p>\n","protected":false},"featured_media":432,"template":"","meta":[],"product_brand":[],"product_cat":[155],"product_tag":[],"class_list":{"0":"post-4211","1":"product","2":"type-product","3":"status-publish","4":"has-post-thumbnail","6":"product_cat-teraketjuoljyt","8":"first","9":"instock","10":"taxable","11":"shipping-taxable","12":"purchasable","13":"product-type-simple"},"_links":{"self":[{"href":"https:\/\/www.lotky.fi\/kauppa\/wp-json\/wp\/v2\/product\/4211","targetHints":{"allow":["GET"]}}],"collection":[{"href":"https:\/\/www.lotky.fi\/kauppa\/wp-json\/wp\/v2\/product"}],"about":[{"href":"https:\/\/www.lotky.fi\/kauppa\/wp-json\/wp\/v2\/types\/product"}],"wp:featuredmedia":[{"embeddable":true,"href":"https:\/\/www.lotky.fi\/kauppa\/wp-json\/wp\/v2\/media\/432"}],"wp:attachment":[{"href":"https:\/\/www.lotky.fi\/kauppa\/wp-json\/wp\/v2\/media?parent=4211"}],"wp:term":[{"taxonomy":"product_brand","embeddable":true,"href":"https:\/\/www.lotky.fi\/kauppa\/wp-json\/wp\/v2\/product_brand?post=4211"},{"taxonomy":"product_cat","embeddable":true,"href":"https:\/\/www.lotky.fi\/kauppa\/wp-json\/wp\/v2\/product_cat?post=4211"},{"taxonomy":"product_tag","embeddable":true,"href":"https:\/\/www.lotky.fi\/kauppa\/wp-json\/wp\/v2\/product_tag?post=4211"}],"curies":[{"name":"wp","href":"https:\/\/api.w.org\/{rel}","templated":true}]}}