{"id":4210,"date":"2025-12-09T13:18:18","date_gmt":"2025-12-09T11:18:18","guid":{"rendered":"https:\/\/www.lotky.fi\/kauppa\/?post_type=product&#038;p=4210"},"modified":"2025-12-09T13:22:29","modified_gmt":"2025-12-09T11:22:29","slug":"univar-chain-saw-oil-46-209l","status":"publish","type":"product","link":"https:\/\/www.lotky.fi\/kauppa\/tuote\/univar-chain-saw-oil-46-209l\/","title":{"rendered":"Univar Chain Saw Oil 46, 209L"},"content":{"rendered":"<p>Univar Chain Saw Oil 46 on mineraali\u00f6jypohjainen voiteluaine moottisahojen ter\u00e4ketjujen ja laipan sek\u00e4 kuljetinketjujen voiteluun, ymp\u00e4rivuotiseen k\u00e4ytt\u00f6\u00f6n.<\/p>\n<p>Iso vg 46<\/p>\n","protected":false},"excerpt":{"rendered":"<p>Univar Chain Saw Oil 46 on mineraali\u00f6jypohjainen voiteluaine moottisahojen ter\u00e4ketjujen ja laipan sek\u00e4 kuljetinketjujen voiteluun, ymp\u00e4rivuotiseen k\u00e4ytt\u00f6\u00f6n.<\/p>\n","protected":false},"featured_media":347,"template":"","meta":[],"product_brand":[],"product_cat":[155],"product_tag":[],"class_list":{"0":"post-4210","1":"product","2":"type-product","3":"status-publish","4":"has-post-thumbnail","6":"product_cat-teraketjuoljyt","8":"first","9":"instock","10":"taxable","11":"shipping-taxable","12":"purchasable","13":"product-type-simple"},"_links":{"self":[{"href":"https:\/\/www.lotky.fi\/kauppa\/wp-json\/wp\/v2\/product\/4210","targetHints":{"allow":["GET"]}}],"collection":[{"href":"https:\/\/www.lotky.fi\/kauppa\/wp-json\/wp\/v2\/product"}],"about":[{"href":"https:\/\/www.lotky.fi\/kauppa\/wp-json\/wp\/v2\/types\/product"}],"wp:featuredmedia":[{"embeddable":true,"href":"https:\/\/www.lotky.fi\/kauppa\/wp-json\/wp\/v2\/media\/347"}],"wp:attachment":[{"href":"https:\/\/www.lotky.fi\/kauppa\/wp-json\/wp\/v2\/media?parent=4210"}],"wp:term":[{"taxonomy":"product_brand","embeddable":true,"href":"https:\/\/www.lotky.fi\/kauppa\/wp-json\/wp\/v2\/product_brand?post=4210"},{"taxonomy":"product_cat","embeddable":true,"href":"https:\/\/www.lotky.fi\/kauppa\/wp-json\/wp\/v2\/product_cat?post=4210"},{"taxonomy":"product_tag","embeddable":true,"href":"https:\/\/www.lotky.fi\/kauppa\/wp-json\/wp\/v2\/product_tag?post=4210"}],"curies":[{"name":"wp","href":"https:\/\/api.w.org\/{rel}","templated":true}]}}