{"id":420,"date":"2016-06-01T09:37:04","date_gmt":"2016-06-01T06:37:04","guid":{"rendered":"http:\/\/www.lotky.fi\/kauppa\/?post_type=product&#038;p=420"},"modified":"2026-03-21T19:59:24","modified_gmt":"2026-03-21T17:59:24","slug":"shell-helix-ultra-ect-c2c3-0w-30-209l","status":"publish","type":"product","link":"https:\/\/www.lotky.fi\/kauppa\/tuote\/shell-helix-ultra-ect-c2c3-0w-30-209l\/","title":{"rendered":"Shell Helix Ultra ECT C2\/C3 0W-30, 209L"},"content":{"rendered":"<p>Shell Helix Ultra ECT C2\/C3:n pisimm\u00e4lle kehitetty pakokaasujen j\u00e4lkik\u00e4sittelylaitteiden kanssa yhteensopiva teknologia auttaa pit\u00e4m\u00e4\u00e4n dieselpartikkelisuodattimen puhtaana moottorin suorituskyvyn s\u00e4ilytt\u00e4miseksi. Helix Ultra ECT C2\/C3 voidaan k\u00e4ytt\u00e4\u00e4 nykyaikaisissa bensiinimoottoreissa, partikkelisuodattimella varustetuissa dieselmoottoreissa ja kaasumoottoreissa.<\/p>\n<p>Spesifikaatiot, hyv\u00e4ksynn\u00e4t &amp; suositukset:<\/p>\n<p>SAE 0W-30<br \/>\nACEA C2\/C3<br \/>\nAPI SN<br \/>\nVW 504.00\/507.00<br \/>\nMB 229.52, 229.51, 229.31<br \/>\nFiat 9.55535-GS-1, 9.55535-DS-1<br \/>\nPorsche C30<\/p>\n","protected":false},"excerpt":{"rendered":"<p>Shell Helix Ultra ECT C2\/C3:n pisimm\u00e4lle kehitetty pakokaasujen j\u00e4lkik\u00e4sittelylaitteiden kanssa yhteensopiva teknologia auttaa pit\u00e4m\u00e4\u00e4n dieselpartikkelisuodattimen puhtaana moottorin suorituskyvyn s\u00e4ilytt\u00e4miseksi. Helix Ultra ECT C2\/C3 voidaan k\u00e4ytt\u00e4\u00e4 nykyaikaisissa bensiinimoottoreissa, partikkelisuodattimella varustetuissa dieselmoottoreissa ja kaasumoottoreissa.<\/p>\n","protected":false},"featured_media":347,"template":"","meta":[],"product_brand":[],"product_cat":[17],"product_tag":[],"class_list":{"0":"post-420","1":"product","2":"type-product","3":"status-publish","4":"has-post-thumbnail","6":"product_cat-moottorioljyt-kevyt-kalusto","8":"first","9":"instock","10":"taxable","11":"shipping-taxable","12":"purchasable","13":"product-type-simple"},"_links":{"self":[{"href":"https:\/\/www.lotky.fi\/kauppa\/wp-json\/wp\/v2\/product\/420","targetHints":{"allow":["GET"]}}],"collection":[{"href":"https:\/\/www.lotky.fi\/kauppa\/wp-json\/wp\/v2\/product"}],"about":[{"href":"https:\/\/www.lotky.fi\/kauppa\/wp-json\/wp\/v2\/types\/product"}],"wp:featuredmedia":[{"embeddable":true,"href":"https:\/\/www.lotky.fi\/kauppa\/wp-json\/wp\/v2\/media\/347"}],"wp:attachment":[{"href":"https:\/\/www.lotky.fi\/kauppa\/wp-json\/wp\/v2\/media?parent=420"}],"wp:term":[{"taxonomy":"product_brand","embeddable":true,"href":"https:\/\/www.lotky.fi\/kauppa\/wp-json\/wp\/v2\/product_brand?post=420"},{"taxonomy":"product_cat","embeddable":true,"href":"https:\/\/www.lotky.fi\/kauppa\/wp-json\/wp\/v2\/product_cat?post=420"},{"taxonomy":"product_tag","embeddable":true,"href":"https:\/\/www.lotky.fi\/kauppa\/wp-json\/wp\/v2\/product_tag?post=420"}],"curies":[{"name":"wp","href":"https:\/\/api.w.org\/{rel}","templated":true}]}}