{"id":4198,"date":"2025-12-02T15:53:12","date_gmt":"2025-12-02T13:53:12","guid":{"rendered":"https:\/\/www.lotky.fi\/kauppa\/?post_type=product&#038;p=4198"},"modified":"2026-04-01T09:42:39","modified_gmt":"2026-04-01T06:42:39","slug":"mobil-delvac-modern-5w-30-advanced-protection-v6-208l","status":"publish","type":"product","link":"https:\/\/www.lotky.fi\/kauppa\/tuote\/mobil-delvac-modern-5w-30-advanced-protection-v6-208l\/","title":{"rendered":"Mobil Delvac Modern 5W-30 Advanced Protection V6, 208L"},"content":{"rendered":"<div>\n<p>Mobil Delvac Modern 5W-30 Advanced Protection V6 on eritt\u00e4in suorituskykyinen, synteettinen dieselmoottori\u00f6ljy, joka on kehitetty tarjoamaan ensiluokkainen suojaus ja paremman polttoainetalouden potentiaali vaativissa maantieolosuhteissa toimiville, nykyaikaisille, suorituskykyisille ja matalap\u00e4\u00e4st\u00f6isille moottoreille. Moottori\u00f6ljy on valmistettu edistyneist\u00e4 synteettisist\u00e4 perus\u00f6ljyist\u00e4, joiden ansiosta sill\u00e4 on hyv\u00e4 juoksevuus alhaisissa l\u00e4mp\u00f6tiloissa ja hyv\u00e4 viskositeetin s\u00e4ilyminen kuumissa oloissa, pieni haihtuvuus sek\u00e4 paremman polttoainetalouden potentiaali. Kehittynyt lis\u00e4aineistus on suunniteltu auttamaan p\u00e4\u00e4st\u00f6v\u00e4hennysj\u00e4rjestelmien, kuten dieselhiukkassuodattimien (DPF), k\u00e4ytt\u00f6i\u00e4n pident\u00e4mist\u00e4 ja tehokkuuden yll\u00e4pit\u00e4mist\u00e4. Useimmat autonvalmistajat k\u00e4ytt\u00e4v\u00e4t DPF-tekniikkaa saavuttaakseen nykyaikaisille kuorma- ja linja-autoille asetetut p\u00e4\u00e4st\u00f6rajoitusvaatimukset.<\/p>\n<p>Tuotteella on seuraavat hyv\u00e4ksynn\u00e4t:<br \/>\nMAN M 3677<\/p>\n<p>Tuote t\u00e4ytt\u00e4\u00e4 tai ylitt\u00e4\u00e4 seuraavien spesifikaatioiden vaatimukset:<br \/>\nScania LDF-4<\/p>\n<\/div>\n","protected":false},"excerpt":{"rendered":"<p>Mobil Delvac Modern 5W-30 Advanced Protection V6 on eritt\u00e4in suorituskykyinen, synteettinen dieselmoottori\u00f6ljy, joka on kehitetty tarjoamaan ensiluokkainen suojaus ja paremman polttoainetalouden potentiaali vaativissa maantieolosuhteissa toimiville, nykyaikaisille, suorituskykyisille ja matalap\u00e4\u00e4st\u00f6isille moottoreille. Moottori\u00f6ljy on valmistettu edistyneist\u00e4 synteettisist\u00e4 perus\u00f6ljyist\u00e4, joiden ansiosta sill\u00e4 on hyv\u00e4 juoksevuus alhaisissa l\u00e4mp\u00f6tiloissa ja hyv\u00e4 viskositeetin s\u00e4ilyminen kuumissa oloissa, pieni haihtuvuus sek\u00e4 paremman polttoainetalouden [&hellip;]<\/p>\n","protected":false},"featured_media":185,"template":"","meta":[],"product_brand":[],"product_cat":[18],"product_tag":[],"class_list":{"0":"post-4198","1":"product","2":"type-product","3":"status-publish","4":"has-post-thumbnail","6":"product_cat-moottorioljyt-raskas-kalusto","8":"first","9":"instock","10":"taxable","11":"shipping-taxable","12":"purchasable","13":"product-type-simple"},"_links":{"self":[{"href":"https:\/\/www.lotky.fi\/kauppa\/wp-json\/wp\/v2\/product\/4198","targetHints":{"allow":["GET"]}}],"collection":[{"href":"https:\/\/www.lotky.fi\/kauppa\/wp-json\/wp\/v2\/product"}],"about":[{"href":"https:\/\/www.lotky.fi\/kauppa\/wp-json\/wp\/v2\/types\/product"}],"wp:featuredmedia":[{"embeddable":true,"href":"https:\/\/www.lotky.fi\/kauppa\/wp-json\/wp\/v2\/media\/185"}],"wp:attachment":[{"href":"https:\/\/www.lotky.fi\/kauppa\/wp-json\/wp\/v2\/media?parent=4198"}],"wp:term":[{"taxonomy":"product_brand","embeddable":true,"href":"https:\/\/www.lotky.fi\/kauppa\/wp-json\/wp\/v2\/product_brand?post=4198"},{"taxonomy":"product_cat","embeddable":true,"href":"https:\/\/www.lotky.fi\/kauppa\/wp-json\/wp\/v2\/product_cat?post=4198"},{"taxonomy":"product_tag","embeddable":true,"href":"https:\/\/www.lotky.fi\/kauppa\/wp-json\/wp\/v2\/product_tag?post=4198"}],"curies":[{"name":"wp","href":"https:\/\/api.w.org\/{rel}","templated":true}]}}