{"id":4197,"date":"2025-12-02T15:01:33","date_gmt":"2025-12-02T13:01:33","guid":{"rendered":"https:\/\/www.lotky.fi\/kauppa\/?post_type=product&#038;p=4197"},"modified":"2026-04-02T15:24:33","modified_gmt":"2026-04-02T12:24:33","slug":"valvoline-all-fleet-superior-10w-40-208-l","status":"publish","type":"product","link":"https:\/\/www.lotky.fi\/kauppa\/tuote\/valvoline-all-fleet-superior-10w-40-208-l\/","title":{"rendered":"Valvoline All Fleet Superior 10W-40, 208 L"},"content":{"rendered":"<p>Valvoline All Fleet Superior 10w-40 on suorituskykyinen dieselmoottori\u00f6ljy vaativaan k\u00e4ytt\u00f6\u00f6n. \u00d6ljyll\u00e4 on poikkeuksellisen hyv\u00e4 puhtaanapitokyky, jonka asiosta se soveltuu my\u00f6s pitkille vaihtov\u00e4leille. T\u00e4ytt\u00e4\u00e4 useiden eri moottorivalmistajien suorituskykyvaatimukset. P\u00e4\u00e4s\u00e4\u00e4nt\u00f6isesti ei sovellu dieselhiukkassuodattimella (DPF) varustettuihin moottoreihin. Soveltuu kuitenkin DPF-suodattimella varustettuihin Scania-moottoreihin, jos moottorivalmistaja suosittelee k\u00e4ytett\u00e4v\u00e4ksi Scania LDF-3 -luokituksen mukaista \u00f6ljy\u00e4. Soveltuu erityisesti raskaassa k\u00e4yt\u00f6ss\u00e4 oleviin Scania V8-moottoreihin.<\/p>\n<p>Luokitukset:<br \/>\nSAE 10w-40<br \/>\nAPI CI-4<br \/>\nACEA E4, E7<br \/>\nCummins CES 20077\/78<br \/>\nDeutz DQC IV-18<br \/>\nDaimler Truck DTFR 15B120 (MB 228.5)<br \/>\nMack EO-N<br \/>\nMAN M 3277<br \/>\nMTU Type 3<br \/>\nRenault RLD-2<br \/>\nVolvo VDS-3<br \/>\nVoith Class B<br \/>\nVoidaan k\u00e4ytt\u00e4\u00e4 kohteissa, jossa vaatimuksena DTFR 13D110 (MB235.28)<br \/>\nScania LDF-3<\/p>\n","protected":false},"excerpt":{"rendered":"<p>Valvoline All Fleet Superior 10w-40 on suorituskykyinen dieselmoottori\u00f6ljy vaativaan k\u00e4ytt\u00f6\u00f6n. \u00d6ljyll\u00e4 on poikkeuksellisen hyv\u00e4 puhtaanapitokyky, jonka asiosta se soveltuu my\u00f6s pitkille vaihtov\u00e4leille. T\u00e4ytt\u00e4\u00e4 useiden eri moottorivalmistajien suorituskykyvaatimukset. P\u00e4\u00e4s\u00e4\u00e4nt\u00f6isesti ei sovellu dieselhiukkassuodattimella (DPF) varustettuihin moottoreihin. Soveltuu kuitenkin DPF-suodattimella varustettuihin Scania-moottoreihin, jos moottorivalmistaja suosittelee k\u00e4ytett\u00e4v\u00e4ksi Scania LDF-3 -luokituksen mukaista \u00f6ljy\u00e4. Soveltuu erityisesti raskaassa k\u00e4yt\u00f6ss\u00e4 oleviin Scania V8-moottoreihin.<\/p>\n","protected":false},"featured_media":472,"template":"","meta":[],"product_brand":[],"product_cat":[18],"product_tag":[224],"class_list":{"0":"post-4197","1":"product","2":"type-product","3":"status-publish","4":"has-post-thumbnail","6":"product_cat-moottorioljyt-raskas-kalusto","7":"product_tag-ldf-3","9":"first","10":"instock","11":"taxable","12":"shipping-taxable","13":"purchasable","14":"product-type-simple"},"_links":{"self":[{"href":"https:\/\/www.lotky.fi\/kauppa\/wp-json\/wp\/v2\/product\/4197","targetHints":{"allow":["GET"]}}],"collection":[{"href":"https:\/\/www.lotky.fi\/kauppa\/wp-json\/wp\/v2\/product"}],"about":[{"href":"https:\/\/www.lotky.fi\/kauppa\/wp-json\/wp\/v2\/types\/product"}],"wp:featuredmedia":[{"embeddable":true,"href":"https:\/\/www.lotky.fi\/kauppa\/wp-json\/wp\/v2\/media\/472"}],"wp:attachment":[{"href":"https:\/\/www.lotky.fi\/kauppa\/wp-json\/wp\/v2\/media?parent=4197"}],"wp:term":[{"taxonomy":"product_brand","embeddable":true,"href":"https:\/\/www.lotky.fi\/kauppa\/wp-json\/wp\/v2\/product_brand?post=4197"},{"taxonomy":"product_cat","embeddable":true,"href":"https:\/\/www.lotky.fi\/kauppa\/wp-json\/wp\/v2\/product_cat?post=4197"},{"taxonomy":"product_tag","embeddable":true,"href":"https:\/\/www.lotky.fi\/kauppa\/wp-json\/wp\/v2\/product_tag?post=4197"}],"curies":[{"name":"wp","href":"https:\/\/api.w.org\/{rel}","templated":true}]}}