{"id":4169,"date":"2025-11-26T12:33:17","date_gmt":"2025-11-26T10:33:17","guid":{"rendered":"https:\/\/www.lotky.fi\/kauppa\/?post_type=product&#038;p=4169"},"modified":"2026-03-31T10:08:09","modified_gmt":"2026-03-31T07:08:09","slug":"neste-hd-grease-m5-180-kg","status":"publish","type":"product","link":"https:\/\/www.lotky.fi\/kauppa\/tuote\/neste-hd-grease-m5-180-kg\/","title":{"rendered":"Neste HD Grease M5, 180 kg"},"content":{"rendered":"<p>Neste HD Grease M5 on raskaaseen k\u00e4ytt\u00f6\u00f6n tarkoitettu erikoisrasva erityisesti sis\u00e4k\u00e4ytt\u00f6\u00f6n ja ulkok\u00e4ytt\u00f6\u00f6n kes\u00e4aikana. Saentimena on litiumkompleksi ja perus\u00f6ljyn\u00e4 korkean viskositeetin mineraali\u00f6ljy. Tehokkaiden korroosionesto-, hapetuksenesto-, kulumisenesto- ja EP lis\u00e4aineiden lis\u00e4ksi tuote sis\u00e4lt\u00e4\u00e4 5 % molybdeenidisulfida takaamaan ensiluokkaisen voitelun my\u00f6s kaikkein ankarimmissa k\u00e4ytt\u00f6olosuhteissa. Neste HD Grease M5:n p\u00e4\u00e4asiallisina k\u00e4ytt\u00f6kohteina ovat raskaat ty\u00f6koneet kaivos- ja maanrakennusteollisuudessa kes\u00e4aikaan sek\u00e4 sis\u00e4k\u00e4yt\u00f6ss\u00e4 olevat teollisuuden kiinte\u00e4t laitteet. Tuote soveltuu k\u00e4ytett\u00e4v\u00e4ksi raskaasti kuormitetuissa avohammaspy\u00f6riss\u00e4 sek\u00e4 erityisesti hitaissa ja v\u00e4r\u00e4htelev\u00e4n kuorman alaisissa laakereissa. Huom! Neste HD Grease M5 ei sovellu nopeille ja keskinopeille vierint\u00e4laakereille.<\/p>\n<p><strong>SUORITUSKYKYLUOKITUKSET<\/strong><br \/>\nISO 12924: L-XB(F)CHB3<br \/>\nNLGI 2<br \/>\nDIN 51502: KPF2K-20<br \/>\nNSN 9150-58-001-9679<\/p>\n","protected":false},"excerpt":{"rendered":"<p>Neste HD Grease M5 on raskaaseen k\u00e4ytt\u00f6\u00f6n tarkoitettu erikoisrasva erityisesti sis\u00e4k\u00e4ytt\u00f6\u00f6n ja ulkok\u00e4ytt\u00f6\u00f6n kes\u00e4aikana. Saentimena on litiumkompleksi ja perus\u00f6ljyn\u00e4 korkean viskositeetin mineraali\u00f6ljy. Tehokkaiden korroosionesto-, hapetuksenesto-, kulumisenesto- ja EP lis\u00e4aineiden lis\u00e4ksi tuote sis\u00e4lt\u00e4\u00e4 5 % molybdeenidisulfida takaamaan ensiluokkaisen voitelun my\u00f6s kaikkein ankarimmissa k\u00e4ytt\u00f6olosuhteissa. Neste HD Grease M5:n p\u00e4\u00e4asiallisina k\u00e4ytt\u00f6kohteina ovat raskaat ty\u00f6koneet kaivos- ja maanrakennusteollisuudessa kes\u00e4aikaan [&hellip;]<\/p>\n","protected":false},"featured_media":1598,"template":"","meta":[],"product_brand":[],"product_cat":[19],"product_tag":[],"class_list":{"0":"post-4169","1":"product","2":"type-product","3":"status-publish","4":"has-post-thumbnail","6":"product_cat-rasvat","8":"first","9":"instock","10":"taxable","11":"shipping-taxable","12":"purchasable","13":"product-type-simple"},"_links":{"self":[{"href":"https:\/\/www.lotky.fi\/kauppa\/wp-json\/wp\/v2\/product\/4169","targetHints":{"allow":["GET"]}}],"collection":[{"href":"https:\/\/www.lotky.fi\/kauppa\/wp-json\/wp\/v2\/product"}],"about":[{"href":"https:\/\/www.lotky.fi\/kauppa\/wp-json\/wp\/v2\/types\/product"}],"wp:featuredmedia":[{"embeddable":true,"href":"https:\/\/www.lotky.fi\/kauppa\/wp-json\/wp\/v2\/media\/1598"}],"wp:attachment":[{"href":"https:\/\/www.lotky.fi\/kauppa\/wp-json\/wp\/v2\/media?parent=4169"}],"wp:term":[{"taxonomy":"product_brand","embeddable":true,"href":"https:\/\/www.lotky.fi\/kauppa\/wp-json\/wp\/v2\/product_brand?post=4169"},{"taxonomy":"product_cat","embeddable":true,"href":"https:\/\/www.lotky.fi\/kauppa\/wp-json\/wp\/v2\/product_cat?post=4169"},{"taxonomy":"product_tag","embeddable":true,"href":"https:\/\/www.lotky.fi\/kauppa\/wp-json\/wp\/v2\/product_tag?post=4169"}],"curies":[{"name":"wp","href":"https:\/\/api.w.org\/{rel}","templated":true}]}}