{"id":4133,"date":"2025-11-19T09:53:32","date_gmt":"2025-11-19T07:53:32","guid":{"rendered":"https:\/\/www.lotky.fi\/kauppa\/?post_type=product&#038;p=4133"},"modified":"2026-03-05T14:36:23","modified_gmt":"2026-03-05T12:36:23","slug":"77-lubricants-engine-oil-synth-uhpd-5w30-ldf-4-vds-4-vds-45-tt","status":"publish","type":"product","link":"https:\/\/www.lotky.fi\/kauppa\/tuote\/77-lubricants-engine-oil-synth-uhpd-5w30-ldf-4-vds-4-vds-45-tt\/","title":{"rendered":"77 Lubricants Engine Oil Synth. UHPD 5W-30, LDF-4, VDS-4, VDS-4,5 (TT)"},"content":{"rendered":"<p>Synteettinen polttoainetta s\u00e4\u00e4st\u00e4v\u00e4 raskaankaluston huippulaadukas \u201cMID-SAPS\u201d moottori\u00f6ljy. Suunniteltu ymp\u00e4rivuotiseen k\u00e4ytt\u00f6\u00f6n raskaasti kuormitettuihin dieselmoottoreihin, jotka k\u00e4ytt\u00e4v\u00e4t v\u00e4h\u00e4rikkist\u00e4 polttoainetta (max. 50 ppm). Sopii erityisesti Euro-4, 5 ja 6 p\u00e4\u00e4st\u00f6luokan moottoreihin, jotka ovat varustettu pakokaasun j\u00e4lkik\u00e4sittelylaitteistoilla kuten, EGR*,SCR*, DPF*<\/p>\n<p>T\u00e4ytt\u00e4\u00e4: ACEA E4\/E6\/E7\/E9, API CK-4, CAT ECF-3, Cummins CES 20081, 20086, Detroit Diesel DDC 93K218, DDC 93K222, Deutz DOC IV-18 LA, JASO DH-2, MACK EOS-4.5, MAN M3477, M3777, M3677, M3775, 3691, MB 228.31, MB 228.51, MB228.52MTU Type 3.1 \/ 2.1, Renault VI RLD-3, VI RLD-4, Scania LDF-4, Volvo VDS-4, VDS-4.5.<\/p>\n<p>Hyv\u00e4ksytty: MB 228.51, M3677, M3775, Scania LDF-4, VDS-4.5, MACK EOS-4.5, Renault VI RLD-3<\/p>\n<p>&nbsp;<\/p>\n<p>Tilaustuote, Toimitusaika 4-5 vko<\/p>\n","protected":false},"excerpt":{"rendered":"<p>Synteettinen polttoainetta s\u00e4\u00e4st\u00e4v\u00e4 raskaankaluston huippulaadukas \u201cMID-SAPS\u201d moottori\u00f6ljy. Suunniteltu ymp\u00e4rivuotiseen k\u00e4ytt\u00f6\u00f6n raskaasti kuormitettuihin dieselmoottoreihin, jotka k\u00e4ytt\u00e4v\u00e4t v\u00e4h\u00e4rikkist\u00e4 polttoainetta (max. 50 ppm). Sopii erityisesti Euro-4, 5 ja 6 p\u00e4\u00e4st\u00f6luokan moottoreihin, jotka ovat varustettu pakokaasun j\u00e4lkik\u00e4sittelylaitteistoilla kuten, EGR*,SCR*, DPF* Tilaustuote, Toimitusaika 4-5 vko<\/p>\n","protected":false},"featured_media":432,"template":"","meta":[],"product_brand":[],"product_cat":[18],"product_tag":[],"class_list":{"0":"post-4133","1":"product","2":"type-product","3":"status-publish","4":"has-post-thumbnail","6":"product_cat-moottorioljyt-raskas-kalusto","8":"first","9":"instock","10":"taxable","11":"shipping-taxable","12":"purchasable","13":"product-type-simple"},"_links":{"self":[{"href":"https:\/\/www.lotky.fi\/kauppa\/wp-json\/wp\/v2\/product\/4133","targetHints":{"allow":["GET"]}}],"collection":[{"href":"https:\/\/www.lotky.fi\/kauppa\/wp-json\/wp\/v2\/product"}],"about":[{"href":"https:\/\/www.lotky.fi\/kauppa\/wp-json\/wp\/v2\/types\/product"}],"wp:featuredmedia":[{"embeddable":true,"href":"https:\/\/www.lotky.fi\/kauppa\/wp-json\/wp\/v2\/media\/432"}],"wp:attachment":[{"href":"https:\/\/www.lotky.fi\/kauppa\/wp-json\/wp\/v2\/media?parent=4133"}],"wp:term":[{"taxonomy":"product_brand","embeddable":true,"href":"https:\/\/www.lotky.fi\/kauppa\/wp-json\/wp\/v2\/product_brand?post=4133"},{"taxonomy":"product_cat","embeddable":true,"href":"https:\/\/www.lotky.fi\/kauppa\/wp-json\/wp\/v2\/product_cat?post=4133"},{"taxonomy":"product_tag","embeddable":true,"href":"https:\/\/www.lotky.fi\/kauppa\/wp-json\/wp\/v2\/product_tag?post=4133"}],"curies":[{"name":"wp","href":"https:\/\/api.w.org\/{rel}","templated":true}]}}