{"id":4132,"date":"2025-11-19T09:40:36","date_gmt":"2025-11-19T07:40:36","guid":{"rendered":"https:\/\/www.lotky.fi\/kauppa\/?post_type=product&#038;p=4132"},"modified":"2025-11-19T09:57:38","modified_gmt":"2025-11-19T07:57:38","slug":"77-lubricants-engine-oil-tle-5w-30-1000l-tt","status":"publish","type":"product","link":"https:\/\/www.lotky.fi\/kauppa\/tuote\/77-lubricants-engine-oil-tle-5w-30-1000l-tt\/","title":{"rendered":"77 Lubricants Engine Oil TLE 5W-30, 1000L VDS-4,5 (TT)"},"content":{"rendered":"<p>77 Lubricants ENGINE OIL TLE 5W-30 on polttoainetta s\u00e4\u00e4st\u00e4v\u00e4 MID SAPS -\u00f6ljy, joka perustuu 100 % synteettiseen teknologiaan. Se on suunniteltu raskaasti kuormitetuille dieselmoottoreille kevyiss\u00e4 ja raskaissa hy\u00f6tyajoneuvoissa, joita k\u00e4ytet\u00e4\u00e4n vaativissa olosuhteissa ymp\u00e4ri vuoden. Se sopii k\u00e4ytett\u00e4v\u00e4ksi Euro-4-, Euro-5- ja Euro-6-moottoreissa, joissa on dieselhiukkassuodatin (DPF), ja sopii my\u00f6s dieselmoottoreille, joissa on EGR- ja\/tai SCR-j\u00e4lkik\u00e4sittelyj\u00e4rjestelm\u00e4.<\/p>\n<p>ENGINE OIL TLE 5W-30 on valmistettu korkeajalostetusta synteettisest\u00e4 perus\u00f6ljyst\u00e4 ja erityisest\u00e4 lis\u00e4ainepaketista, jolla saavutetaan seuraavat ominaisuudet:<\/p>\n<ul>\n<li>Erinomainen terminen ja hapettumisenkesto.<\/li>\n<li>Eritt\u00e4in hyv\u00e4 dispergointikyky ja puhdistuskyky.<\/li>\n<li>Korkeat vaahtoamisenesto-, kulumisenesto- ja korroosionesto-ominaisuudet.<\/li>\n<li>Erinomainen suoja &#8221;sylinterin kiillottumista&#8221; vastaan.<\/li>\n<li>Pidennetty vaihtov\u00e4li jopa 150 000 km:iin.<\/li>\n<li>Sopii moottoreille, joissa on dieselhiukkassuodatin (DPF).<\/li>\n<li>Polttoainetta s\u00e4\u00e4st\u00e4v\u00e4.<\/li>\n<\/ul>\n<p>MOOTTORI\u00d6LJY TLE 5W-30 ylitt\u00e4\u00e4 seuraavat suorituskykyvaatimukset:<\/p>\n<p>Hyv\u00e4ksytty: Volvo VDS 4.5, Mack EOS-4.5, Renault VI RLD-3, DTFR 15C110 (MB 228.51)<br \/>\nT\u00e4ytt\u00e4\u00e4: API CK-4, ACEA E7\/E8\/E11, API SN, CAT ECF-3, Scania LDF-4, MAN M3677, MAN M3777, MAN M3775, Cummins CES 20086, DDC 93K222, DAF, IVECO MTU 3.1, Deutz DQC IV-18-LA, JASO DH-2<\/p>\n<p>&nbsp;<\/p>\n<p>Tilaustuote, Toimitusaika 4-5 vko<\/p>\n","protected":false},"excerpt":{"rendered":"<p>77 Lubricants ENGINE OIL TLE 5W-30 on polttoainetta s\u00e4\u00e4st\u00e4v\u00e4 MID SAPS -\u00f6ljy, joka perustuu 100 % synteettiseen teknologiaan. Se on suunniteltu raskaasti kuormitetuille dieselmoottoreille kevyiss\u00e4 ja raskaissa hy\u00f6tyajoneuvoissa, joita k\u00e4ytet\u00e4\u00e4n vaativissa olosuhteissa ymp\u00e4ri vuoden. Se sopii k\u00e4ytett\u00e4v\u00e4ksi Euro-4-, Euro-5- ja Euro-6-moottoreissa, joissa on dieselhiukkassuodatin (DPF), ja sopii my\u00f6s dieselmoottoreille, joissa on EGR- ja\/tai SCR-j\u00e4lkik\u00e4sittelyj\u00e4rjestelm\u00e4. Tilaustuote, [&hellip;]<\/p>\n","protected":false},"featured_media":432,"template":"","meta":[],"product_brand":[],"product_cat":[18],"product_tag":[],"class_list":{"0":"post-4132","1":"product","2":"type-product","3":"status-publish","4":"has-post-thumbnail","6":"product_cat-moottorioljyt-raskas-kalusto","8":"first","9":"instock","10":"taxable","11":"shipping-taxable","12":"purchasable","13":"product-type-simple"},"_links":{"self":[{"href":"https:\/\/www.lotky.fi\/kauppa\/wp-json\/wp\/v2\/product\/4132","targetHints":{"allow":["GET"]}}],"collection":[{"href":"https:\/\/www.lotky.fi\/kauppa\/wp-json\/wp\/v2\/product"}],"about":[{"href":"https:\/\/www.lotky.fi\/kauppa\/wp-json\/wp\/v2\/types\/product"}],"wp:featuredmedia":[{"embeddable":true,"href":"https:\/\/www.lotky.fi\/kauppa\/wp-json\/wp\/v2\/media\/432"}],"wp:attachment":[{"href":"https:\/\/www.lotky.fi\/kauppa\/wp-json\/wp\/v2\/media?parent=4132"}],"wp:term":[{"taxonomy":"product_brand","embeddable":true,"href":"https:\/\/www.lotky.fi\/kauppa\/wp-json\/wp\/v2\/product_brand?post=4132"},{"taxonomy":"product_cat","embeddable":true,"href":"https:\/\/www.lotky.fi\/kauppa\/wp-json\/wp\/v2\/product_cat?post=4132"},{"taxonomy":"product_tag","embeddable":true,"href":"https:\/\/www.lotky.fi\/kauppa\/wp-json\/wp\/v2\/product_tag?post=4132"}],"curies":[{"name":"wp","href":"https:\/\/api.w.org\/{rel}","templated":true}]}}