{"id":4125,"date":"2025-11-17T09:26:08","date_gmt":"2025-11-17T07:26:08","guid":{"rendered":"https:\/\/www.lotky.fi\/kauppa\/?post_type=product&#038;p=4125"},"modified":"2026-03-21T19:34:57","modified_gmt":"2026-03-21T17:34:57","slug":"shell-helix-ultra-professional-af-5w-30-209l","status":"publish","type":"product","link":"https:\/\/www.lotky.fi\/kauppa\/tuote\/shell-helix-ultra-professional-af-5w-30-209l\/","title":{"rendered":"Shell Helix Ultra Professional. AF 5W-30, 209L"},"content":{"rendered":"<p>Shell Helix Ultra Professional AF 5W-30 t\u00e4yssynteettinen moottori\u00f6ljy, joka on r\u00e4\u00e4t\u00e4l\u00f6ity t\u00e4ytt\u00e4m\u00e4\u00e4n moottorivalmistajien erityisvaatimukset. Suunniteltu t\u00e4ytt\u00e4m\u00e4\u00e4n tiettyjen suorituskykyisten moottoreiden vaativat vaatimukset, mukaan lukien Ford ja ACEA A5\/B5 vaatimuksia edellytt\u00e4v\u00e4t moottorit.<\/p>\n<p>ACEA A5\/B5, API SL, Ford WSS-M2C913-C\/ WSS-M2C913-D, Jaguar Land Rover STJLR.03.5003, VW norm VWC 53036<\/p>\n<p>&nbsp;<\/p>\n","protected":false},"excerpt":{"rendered":"<p>Shell Helix Ultra Professional AF 5W-30 t\u00e4yssynteettinen moottori\u00f6ljy, joka on r\u00e4\u00e4t\u00e4l\u00f6ity t\u00e4ytt\u00e4m\u00e4\u00e4n moottorivalmistajien erityisvaatimukset. Suunniteltu t\u00e4ytt\u00e4m\u00e4\u00e4n tiettyjen suorituskykyisten moottoreiden vaativat vaatimukset, mukaan lukien Ford ja ACEA A5\/B5 vaatimuksia edellytt\u00e4v\u00e4t moottorit.<\/p>\n","protected":false},"featured_media":347,"template":"","meta":[],"product_brand":[],"product_cat":[17],"product_tag":[],"class_list":{"0":"post-4125","1":"product","2":"type-product","3":"status-publish","4":"has-post-thumbnail","6":"product_cat-moottorioljyt-kevyt-kalusto","8":"first","9":"instock","10":"taxable","11":"shipping-taxable","12":"purchasable","13":"product-type-simple"},"_links":{"self":[{"href":"https:\/\/www.lotky.fi\/kauppa\/wp-json\/wp\/v2\/product\/4125","targetHints":{"allow":["GET"]}}],"collection":[{"href":"https:\/\/www.lotky.fi\/kauppa\/wp-json\/wp\/v2\/product"}],"about":[{"href":"https:\/\/www.lotky.fi\/kauppa\/wp-json\/wp\/v2\/types\/product"}],"wp:featuredmedia":[{"embeddable":true,"href":"https:\/\/www.lotky.fi\/kauppa\/wp-json\/wp\/v2\/media\/347"}],"wp:attachment":[{"href":"https:\/\/www.lotky.fi\/kauppa\/wp-json\/wp\/v2\/media?parent=4125"}],"wp:term":[{"taxonomy":"product_brand","embeddable":true,"href":"https:\/\/www.lotky.fi\/kauppa\/wp-json\/wp\/v2\/product_brand?post=4125"},{"taxonomy":"product_cat","embeddable":true,"href":"https:\/\/www.lotky.fi\/kauppa\/wp-json\/wp\/v2\/product_cat?post=4125"},{"taxonomy":"product_tag","embeddable":true,"href":"https:\/\/www.lotky.fi\/kauppa\/wp-json\/wp\/v2\/product_tag?post=4125"}],"curies":[{"name":"wp","href":"https:\/\/api.w.org\/{rel}","templated":true}]}}