{"id":4124,"date":"2025-11-17T09:21:18","date_gmt":"2025-11-17T07:21:18","guid":{"rendered":"https:\/\/www.lotky.fi\/kauppa\/?post_type=product&#038;p=4124"},"modified":"2026-03-21T19:35:36","modified_gmt":"2026-03-21T17:35:36","slug":"shell-helix-ultra-professional-as-l-0w-20-209l","status":"publish","type":"product","link":"https:\/\/www.lotky.fi\/kauppa\/tuote\/shell-helix-ultra-professional-as-l-0w-20-209l\/","title":{"rendered":"Shell Helix Ultra Professional AS-L 0W-20, 209L"},"content":{"rendered":"<p>Shell Helix Ultra Professional AS-L 0W-20 on moottori\u00f6ljy, joka on suunniteltu t\u00e4ytt\u00e4m\u00e4\u00e4n tiettyjen korkean suorituskyvyn moottoreiden vaativat vaatimukset, mukaan lukien Volvot ja ACEA C5:t\u00e4 vaativat autot.<\/p>\n<p>Shell Helix Ultra Professional AS-L bensiini- ja dieselmoottoreille on hyv\u00e4ksytty teknisesti haastavan Volvon moottori\u00f6ljyn VCC RBS0-2AE -spesifikaatioiden mukaisesti. joka yhdist\u00e4\u00e4 ACEA C5 -spesifikaatioiden moottoritestit Volvon lis\u00e4testeihin. T\u00e4t\u00e4 \u00f6ljy\u00e4 tulee k\u00e4ytt\u00e4\u00e4 vain uudessa VEA-moottorialustassa, joka on valmistettu vuodesta 2015 eteenp\u00e4in<\/p>\n","protected":false},"excerpt":{"rendered":"<p>Shell Helix Ultra Professional AS-L 0W-20 on moottori\u00f6ljy, joka on suunniteltu t\u00e4ytt\u00e4m\u00e4\u00e4n tiettyjen korkean suorituskyvyn moottoreiden vaativat vaatimukset, mukaan lukien Volvot ja ACEA C5:t\u00e4 vaativat autot.<\/p>\n","protected":false},"featured_media":347,"template":"","meta":[],"product_brand":[],"product_cat":[17],"product_tag":[],"class_list":{"0":"post-4124","1":"product","2":"type-product","3":"status-publish","4":"has-post-thumbnail","6":"product_cat-moottorioljyt-kevyt-kalusto","8":"first","9":"instock","10":"taxable","11":"shipping-taxable","12":"purchasable","13":"product-type-simple"},"_links":{"self":[{"href":"https:\/\/www.lotky.fi\/kauppa\/wp-json\/wp\/v2\/product\/4124","targetHints":{"allow":["GET"]}}],"collection":[{"href":"https:\/\/www.lotky.fi\/kauppa\/wp-json\/wp\/v2\/product"}],"about":[{"href":"https:\/\/www.lotky.fi\/kauppa\/wp-json\/wp\/v2\/types\/product"}],"wp:featuredmedia":[{"embeddable":true,"href":"https:\/\/www.lotky.fi\/kauppa\/wp-json\/wp\/v2\/media\/347"}],"wp:attachment":[{"href":"https:\/\/www.lotky.fi\/kauppa\/wp-json\/wp\/v2\/media?parent=4124"}],"wp:term":[{"taxonomy":"product_brand","embeddable":true,"href":"https:\/\/www.lotky.fi\/kauppa\/wp-json\/wp\/v2\/product_brand?post=4124"},{"taxonomy":"product_cat","embeddable":true,"href":"https:\/\/www.lotky.fi\/kauppa\/wp-json\/wp\/v2\/product_cat?post=4124"},{"taxonomy":"product_tag","embeddable":true,"href":"https:\/\/www.lotky.fi\/kauppa\/wp-json\/wp\/v2\/product_tag?post=4124"}],"curies":[{"name":"wp","href":"https:\/\/api.w.org\/{rel}","templated":true}]}}