{"id":4123,"date":"2025-11-17T09:15:24","date_gmt":"2025-11-17T07:15:24","guid":{"rendered":"https:\/\/www.lotky.fi\/kauppa\/?post_type=product&#038;p=4123"},"modified":"2026-03-21T19:35:57","modified_gmt":"2026-03-21T17:35:57","slug":"shell-helix-ultra-professional-ar-l-5w-30-209l","status":"publish","type":"product","link":"https:\/\/www.lotky.fi\/kauppa\/tuote\/shell-helix-ultra-professional-ar-l-5w-30-209l\/","title":{"rendered":"Shell Helix Ultra Professional AR-L 5W-30, 209L"},"content":{"rendered":"<p>Shell Helix Ultra Professional AR-L 5W-30<\/p>\n<p>T\u00e4yssynteettinen moottori\u00f6ljy, joka on suunniteltu t\u00e4ytt\u00e4m\u00e4\u00e4n tiettyjen suorituskykyisten henkil\u00f6autojen dieselmoottoreiden tiukat vaatimukset, mukaanlukien Renault ja moottorit, joissa vaatimuksena on ACEA C4.<\/p>\n<div class=\"d-flex info__criteria\">\n<div class=\"info__criteria__title\">Valmistajan hyv\u00e4ksym\u00e4;<\/div>\n<div class=\"info__criteria__value\">Fiat 9.55535-S4, Renault RN0720, MB 226.51<\/div>\n<\/div>\n<div class=\"d-flex info__criteria\">\n<div class=\"info__criteria__title\">Erittely;<\/div>\n<div class=\"info__criteria__value\">ACEA C4<\/div>\n<\/div>\n","protected":false},"excerpt":{"rendered":"<p>T\u00e4yssynteettinen moottori\u00f6ljy, joka on suunniteltu t\u00e4ytt\u00e4m\u00e4\u00e4n tiettyjen suorituskykyisten henkil\u00f6autojen dieselmoottoreiden tiukat vaatimukset, mukaanlukien Renault ja moottorit, joissa vaatimuksena on ACEA C4<\/p>\n","protected":false},"featured_media":347,"template":"","meta":[],"product_brand":[],"product_cat":[17],"product_tag":[],"class_list":{"0":"post-4123","1":"product","2":"type-product","3":"status-publish","4":"has-post-thumbnail","6":"product_cat-moottorioljyt-kevyt-kalusto","8":"first","9":"instock","10":"taxable","11":"shipping-taxable","12":"purchasable","13":"product-type-simple"},"_links":{"self":[{"href":"https:\/\/www.lotky.fi\/kauppa\/wp-json\/wp\/v2\/product\/4123","targetHints":{"allow":["GET"]}}],"collection":[{"href":"https:\/\/www.lotky.fi\/kauppa\/wp-json\/wp\/v2\/product"}],"about":[{"href":"https:\/\/www.lotky.fi\/kauppa\/wp-json\/wp\/v2\/types\/product"}],"wp:featuredmedia":[{"embeddable":true,"href":"https:\/\/www.lotky.fi\/kauppa\/wp-json\/wp\/v2\/media\/347"}],"wp:attachment":[{"href":"https:\/\/www.lotky.fi\/kauppa\/wp-json\/wp\/v2\/media?parent=4123"}],"wp:term":[{"taxonomy":"product_brand","embeddable":true,"href":"https:\/\/www.lotky.fi\/kauppa\/wp-json\/wp\/v2\/product_brand?post=4123"},{"taxonomy":"product_cat","embeddable":true,"href":"https:\/\/www.lotky.fi\/kauppa\/wp-json\/wp\/v2\/product_cat?post=4123"},{"taxonomy":"product_tag","embeddable":true,"href":"https:\/\/www.lotky.fi\/kauppa\/wp-json\/wp\/v2\/product_tag?post=4123"}],"curies":[{"name":"wp","href":"https:\/\/api.w.org\/{rel}","templated":true}]}}