{"id":4122,"date":"2025-11-17T08:55:07","date_gmt":"2025-11-17T06:55:07","guid":{"rendered":"https:\/\/www.lotky.fi\/kauppa\/?post_type=product&#038;p=4122"},"modified":"2026-03-21T19:36:21","modified_gmt":"2026-03-21T17:36:21","slug":"shell-helix-ultra-professional-av-l-0w-30-209l","status":"publish","type":"product","link":"https:\/\/www.lotky.fi\/kauppa\/tuote\/shell-helix-ultra-professional-av-l-0w-30-209l\/","title":{"rendered":"Shell Helix Ultra Professional AV-L 0W-30, 209L"},"content":{"rendered":"<div id=\"tab-description\" class=\"tab-pane tab-content active\">\n<div>Shell Helix Ultra Professional AV-L 0W-30. T\u00e4yssynteettinen moottori\u00f6ljy, joka on r\u00e4\u00e4t\u00e4l\u00f6ity vastaamaan moottorinvalmistajan erityisvaatimuksia.<\/div>\n<div>Suunniteltu t\u00e4ytt\u00e4m\u00e4\u00e4n Audin, VW:n ja Porschen korkean suorituskyvyn moottoreiden vaativat vaatimukset.<\/div>\n<div><\/div>\n<div>ACEA C3; API SN; VW Standard 504.00, 507.00; Porsche C30<\/div>\n<\/div>\n<p>&nbsp;<\/p>\n","protected":false},"excerpt":{"rendered":"<p>Shell Helix Ultra Professional AV-L 0W-30. T\u00e4yssynteettinen moottori\u00f6ljy<\/p>\n","protected":false},"featured_media":347,"template":"","meta":[],"product_brand":[],"product_cat":[17],"product_tag":[],"class_list":{"0":"post-4122","1":"product","2":"type-product","3":"status-publish","4":"has-post-thumbnail","6":"product_cat-moottorioljyt-kevyt-kalusto","8":"first","9":"instock","10":"taxable","11":"shipping-taxable","12":"purchasable","13":"product-type-simple"},"_links":{"self":[{"href":"https:\/\/www.lotky.fi\/kauppa\/wp-json\/wp\/v2\/product\/4122","targetHints":{"allow":["GET"]}}],"collection":[{"href":"https:\/\/www.lotky.fi\/kauppa\/wp-json\/wp\/v2\/product"}],"about":[{"href":"https:\/\/www.lotky.fi\/kauppa\/wp-json\/wp\/v2\/types\/product"}],"wp:featuredmedia":[{"embeddable":true,"href":"https:\/\/www.lotky.fi\/kauppa\/wp-json\/wp\/v2\/media\/347"}],"wp:attachment":[{"href":"https:\/\/www.lotky.fi\/kauppa\/wp-json\/wp\/v2\/media?parent=4122"}],"wp:term":[{"taxonomy":"product_brand","embeddable":true,"href":"https:\/\/www.lotky.fi\/kauppa\/wp-json\/wp\/v2\/product_brand?post=4122"},{"taxonomy":"product_cat","embeddable":true,"href":"https:\/\/www.lotky.fi\/kauppa\/wp-json\/wp\/v2\/product_cat?post=4122"},{"taxonomy":"product_tag","embeddable":true,"href":"https:\/\/www.lotky.fi\/kauppa\/wp-json\/wp\/v2\/product_tag?post=4122"}],"curies":[{"name":"wp","href":"https:\/\/api.w.org\/{rel}","templated":true}]}}