{"id":412,"date":"2016-05-31T14:16:41","date_gmt":"2016-05-31T11:16:41","guid":{"rendered":"http:\/\/www.lotky.fi\/kauppa\/?post_type=product&#038;p=412"},"modified":"2026-03-21T20:01:10","modified_gmt":"2026-03-21T18:01:10","slug":"shell-spirax-s1-atf-tasa-209l","status":"publish","type":"product","link":"https:\/\/www.lotky.fi\/kauppa\/tuote\/shell-spirax-s1-atf-tasa-209l\/","title":{"rendered":"Shell Spirax S1 ATF TASA, 209L"},"content":{"rendered":"<p>Korkealaatuinen automaattivaihteisto- ja hydrauli\u00f6ljy. Soveltuu ohjaustehostimiin ja hydrauliikkaan p\u00e4\u00e4asiallisesti raskaisiin ajoneuvoihin.<\/p>\n<p>Suorituskyky:<\/p>\n<p>GM Type A Suffix A<\/p>\n","protected":false},"excerpt":{"rendered":"<p>Korkealaatuinen automaattivaihteisto- ja hydrauli\u00f6ljy. Soveltuu ohjaustehostimiin ja hydrauliikkaan p\u00e4\u00e4asiallisesti raskaisiin ajoneuvoihin.<\/p>\n","protected":false},"featured_media":347,"template":"","meta":[],"product_brand":[],"product_cat":[25],"product_tag":[],"class_list":{"0":"post-412","1":"product","2":"type-product","3":"status-publish","4":"has-post-thumbnail","6":"product_cat-automaattivaihteistooljyt","8":"first","9":"instock","10":"taxable","11":"shipping-taxable","12":"purchasable","13":"product-type-simple"},"_links":{"self":[{"href":"https:\/\/www.lotky.fi\/kauppa\/wp-json\/wp\/v2\/product\/412","targetHints":{"allow":["GET"]}}],"collection":[{"href":"https:\/\/www.lotky.fi\/kauppa\/wp-json\/wp\/v2\/product"}],"about":[{"href":"https:\/\/www.lotky.fi\/kauppa\/wp-json\/wp\/v2\/types\/product"}],"wp:featuredmedia":[{"embeddable":true,"href":"https:\/\/www.lotky.fi\/kauppa\/wp-json\/wp\/v2\/media\/347"}],"wp:attachment":[{"href":"https:\/\/www.lotky.fi\/kauppa\/wp-json\/wp\/v2\/media?parent=412"}],"wp:term":[{"taxonomy":"product_brand","embeddable":true,"href":"https:\/\/www.lotky.fi\/kauppa\/wp-json\/wp\/v2\/product_brand?post=412"},{"taxonomy":"product_cat","embeddable":true,"href":"https:\/\/www.lotky.fi\/kauppa\/wp-json\/wp\/v2\/product_cat?post=412"},{"taxonomy":"product_tag","embeddable":true,"href":"https:\/\/www.lotky.fi\/kauppa\/wp-json\/wp\/v2\/product_tag?post=412"}],"curies":[{"name":"wp","href":"https:\/\/api.w.org\/{rel}","templated":true}]}}