{"id":411,"date":"2016-05-31T14:07:30","date_gmt":"2016-05-31T11:07:30","guid":{"rendered":"http:\/\/www.lotky.fi\/kauppa\/?post_type=product&#038;p=411"},"modified":"2026-03-21T20:01:38","modified_gmt":"2026-03-21T18:01:38","slug":"shell-spirax-s2-atf-ax-209l","status":"publish","type":"product","link":"https:\/\/www.lotky.fi\/kauppa\/tuote\/shell-spirax-s2-atf-ax-209l\/","title":{"rendered":"Shell Spirax S2 ATF AX, 209L"},"content":{"rendered":"<p>Suorituskykyinen automaattivaihteisto-, ohjaustehostin- ja hydrauli\u00f6ljy useisiin MAN-ajoneuvoihin sek\u00e4 Voith ja ZF -vaihteistoihin. Sopii useisiin henkil\u00f6- ja kuorma-autoihin.<\/p>\n<p>Suorituskyky:<\/p>\n<p>GM Dexron IID<br \/>\nFord Mercon<br \/>\nAllison C-4<br \/>\nMB 236.6<br \/>\nZF TE-ML 03D, 04D, 09, 11A, 14A, 17C<br \/>\nVoith 56.6335<br \/>\nMAN 339 tyyppi Z1, 339 tyyppi V1<br \/>\nRenk<\/p>\n","protected":false},"excerpt":{"rendered":"<p>Suorituskykyinen automaattivaihteisto-, ohjaustehostin- ja hydrauli\u00f6ljy useisiin MAN-ajoneuvoihin sek\u00e4 Voith ja ZF -vaihteistoihin. Sopii useisiin henkil\u00f6- ja kuorma-autoihin.<\/p>\n","protected":false},"featured_media":347,"template":"","meta":[],"product_brand":[],"product_cat":[25],"product_tag":[],"class_list":{"0":"post-411","1":"product","2":"type-product","3":"status-publish","4":"has-post-thumbnail","6":"product_cat-automaattivaihteistooljyt","8":"first","9":"instock","10":"taxable","11":"shipping-taxable","12":"purchasable","13":"product-type-simple"},"_links":{"self":[{"href":"https:\/\/www.lotky.fi\/kauppa\/wp-json\/wp\/v2\/product\/411","targetHints":{"allow":["GET"]}}],"collection":[{"href":"https:\/\/www.lotky.fi\/kauppa\/wp-json\/wp\/v2\/product"}],"about":[{"href":"https:\/\/www.lotky.fi\/kauppa\/wp-json\/wp\/v2\/types\/product"}],"wp:featuredmedia":[{"embeddable":true,"href":"https:\/\/www.lotky.fi\/kauppa\/wp-json\/wp\/v2\/media\/347"}],"wp:attachment":[{"href":"https:\/\/www.lotky.fi\/kauppa\/wp-json\/wp\/v2\/media?parent=411"}],"wp:term":[{"taxonomy":"product_brand","embeddable":true,"href":"https:\/\/www.lotky.fi\/kauppa\/wp-json\/wp\/v2\/product_brand?post=411"},{"taxonomy":"product_cat","embeddable":true,"href":"https:\/\/www.lotky.fi\/kauppa\/wp-json\/wp\/v2\/product_cat?post=411"},{"taxonomy":"product_tag","embeddable":true,"href":"https:\/\/www.lotky.fi\/kauppa\/wp-json\/wp\/v2\/product_tag?post=411"}],"curies":[{"name":"wp","href":"https:\/\/api.w.org\/{rel}","templated":true}]}}