{"id":410,"date":"2016-05-31T13:58:58","date_gmt":"2016-05-31T10:58:58","guid":{"rendered":"http:\/\/www.lotky.fi\/kauppa\/?post_type=product&#038;p=410"},"modified":"2026-03-21T20:02:04","modified_gmt":"2026-03-21T18:02:04","slug":"shell-spirax-s4-atf-hdx-209l","status":"publish","type":"product","link":"https:\/\/www.lotky.fi\/kauppa\/tuote\/shell-spirax-s4-atf-hdx-209l\/","title":{"rendered":"Shell Spirax S4 ATF HDX, 209L"},"content":{"rendered":"<div>Shell Spirax S4 ATF HDX on laadukas automaattivaihteisto\u00f6ljy useisiin raskaan kaluston ja henkil\u00f6autojen automaattivaihteistoihin. Synteettisen teknologian perus\u00f6ljyist\u00e4 valmistettu Spirax S4 ATF HDX on hyvin suorituskykyinen automaattivaihteisto\u00f6ljy, joka mahdollistaa pitk\u00e4t \u00f6ljynvaihtov\u00e4lit raskaimmissakin k\u00e4ytt\u00f6olosuhteissa.<\/div>\n<div><\/div>\n<div>\n<div>\n<p>Spesifikaatiot, hyv\u00e4ksynn\u00e4t &amp; suositukset:<\/p>\n<\/div>\n<div>ZF TE-ML 03D, 04D, 14B, 16L, 17C<\/div>\n<div>MAN 339 Typ Z2, V2<\/div>\n<div>Mercedes-Benz 236.9<\/div>\n<div>Voith 55.6336.XX (normaalit vaihtov\u00e4lit jopa 120 000 km)<\/div>\n<div>Volvo 97341:39<\/div>\n<div>Ford Mercon \u00ae<\/div>\n<div>General Motors Dexron \u00ae<\/div>\n<div>IIIG<\/div>\n<div>Allison C4<\/div>\n<\/div>\n","protected":false},"excerpt":{"rendered":"<p>Shell Spirax S4 ATF HDX on laadukas automaattivaihteisto\u00f6ljy useisiin raskaan kaluston ja henkil\u00f6autojen automaattivaihteistoihin. Synteettisen teknologian perus\u00f6ljyist\u00e4 valmistettu Spirax S4 ATF HDX on hyvin suorituskykyinen automaattivaihteisto\u00f6ljy, joka mahdollistaa pitk\u00e4t \u00f6ljynvaihtov\u00e4lit raskaimmissakin k\u00e4ytt\u00f6olosuhteissa.<\/p>\n","protected":false},"featured_media":347,"template":"","meta":[],"product_brand":[],"product_cat":[25],"product_tag":[],"class_list":{"0":"post-410","1":"product","2":"type-product","3":"status-publish","4":"has-post-thumbnail","6":"product_cat-automaattivaihteistooljyt","8":"first","9":"instock","10":"taxable","11":"shipping-taxable","12":"purchasable","13":"product-type-simple"},"_links":{"self":[{"href":"https:\/\/www.lotky.fi\/kauppa\/wp-json\/wp\/v2\/product\/410","targetHints":{"allow":["GET"]}}],"collection":[{"href":"https:\/\/www.lotky.fi\/kauppa\/wp-json\/wp\/v2\/product"}],"about":[{"href":"https:\/\/www.lotky.fi\/kauppa\/wp-json\/wp\/v2\/types\/product"}],"wp:featuredmedia":[{"embeddable":true,"href":"https:\/\/www.lotky.fi\/kauppa\/wp-json\/wp\/v2\/media\/347"}],"wp:attachment":[{"href":"https:\/\/www.lotky.fi\/kauppa\/wp-json\/wp\/v2\/media?parent=410"}],"wp:term":[{"taxonomy":"product_brand","embeddable":true,"href":"https:\/\/www.lotky.fi\/kauppa\/wp-json\/wp\/v2\/product_brand?post=410"},{"taxonomy":"product_cat","embeddable":true,"href":"https:\/\/www.lotky.fi\/kauppa\/wp-json\/wp\/v2\/product_cat?post=410"},{"taxonomy":"product_tag","embeddable":true,"href":"https:\/\/www.lotky.fi\/kauppa\/wp-json\/wp\/v2\/product_tag?post=410"}],"curies":[{"name":"wp","href":"https:\/\/api.w.org\/{rel}","templated":true}]}}