{"id":409,"date":"2016-05-31T13:41:05","date_gmt":"2016-05-31T10:41:05","guid":{"rendered":"http:\/\/www.lotky.fi\/kauppa\/?post_type=product&#038;p=409"},"modified":"2026-03-31T10:29:44","modified_gmt":"2026-03-31T07:29:44","slug":"neste-atf-multi-200l","status":"publish","type":"product","link":"https:\/\/www.lotky.fi\/kauppa\/tuote\/neste-atf-multi-200l\/","title":{"rendered":"Neste ATF Multi, 200L"},"content":{"rendered":"<p>Neste ATF Multi edustaa merkitt\u00e4v\u00e4\u00e4 edistysaskelta automaattivaihteisto\u00f6ljytekniikassa. T\u00e4m\u00e4 erinomainen, matalaviskositeettinen ja monelle merkille sopiva tuote on suunniteltu erityisesti laajalle joukolle automaattivaihteistoja ja se tarjoaa vertaansa vailla olevaa suorituskyky\u00e4 ja suojaa. Neste ATF Multi asettaa uuden tason suorituskyvylle kylmiss\u00e4 ilmastoissa. Sen edistyksellinen koostumus varmistaa optimaalisen juoksevuuden jopa eritt\u00e4in alhaisissa l\u00e4mp\u00f6tiloissa, helpottaen vaihteenvaihtoa heti k\u00e4ynnistyksest\u00e4 ja minimoiden kulumisen kriittisten k\u00e4ynnistysvaiheiden aikana. T\u00e4m\u00e4 tuote on suunniteltu pitk\u00e4aikaiseen kest\u00e4vyyteen ja vaativiin k\u00e4ytt\u00f6olosuhteisiin. Sen luontainen kest\u00e4vyys edist\u00e4\u00e4 tuotteen pidemp\u00e4\u00e4 k\u00e4ytt\u00f6ik\u00e4\u00e4 ja tasaista suorituskyky\u00e4. Neste ATF Multi s\u00e4ilytt\u00e4\u00e4 tarkoitetun viskositeettinsa korkeassa leikkausj\u00e4nnityksess\u00e4 varmistaen tasaisen kalvon paksuuden ja suojan, jopa raskaissa kuormissa ja aggressiivisessa ajossa.<\/p>\n<p><strong><br \/>\nSuorituskykyluokitukset:<br \/>\n<\/strong>Aisin Warner JWS 3309 (T-IV), 3324 (WS), AW-1, AW-2<br \/>\nAllison C-3, C-4, TES-389<br \/>\nBentley PY112995PA<br \/>\nBMW LA 2634 (83 22 9 407 765), 7045E (83 22 0 026 922), 8072B (83 22 0 397 114, 83 22 0 403 249), ATF 3+ (83 22 2 289 720), ATF2 (83 22 2 305 396), ATF6 (83 22 2 355 599), ATF7 (83 22 2 413 477), LT71141<br \/>\nBosch TE-ML 09<br \/>\nChrysler ATF + (MS 7176), ATF +2 (MS 7176D), ATF +3 (MS 7176E), ATF +4 (MS 9602), LT71141<br \/>\nChrysler P-N 68049954AA, P-N 68171869AA, P-N 68218925AB, P\/N 05127382AA, P\/N 68043742AA, P\/N 68157995AA, P\/N 68157995AB, P\/N 68171866AA, P\/N 68218925AA<br \/>\nDaihatsu Ammix ATF D-II, Ammix ATF D-III SP<br \/>\nFCA 9.55550-AV2, -AV3, -AV5, -AV6<br \/>\nFord ATF C-ML5, EAP -M2C166H, FNR5, Mercon, Mercon LV<br \/>\nFord M2C138-CJ, M2C166-H, M2C922-A1, M2C924-A, M2C938-A<br \/>\nFord XL-12, XT-2-QDX (M), XT-2-QSM (S), XT-6-DSP, XT-8-QAW, XT-9-QMM5<br \/>\nFuso ATF-A4, ATF-II, ATF-SPIII<br \/>\nGM 1940700,1940767, 22717466, 88863400, 88863401, 88900925, 93160393, 21005966 (Transaxle), 9986195 (Aisin AW, JWS 3309), ATF Type A (Suffix A), TASA, Transfer Case (Auto Trak II)<br \/>\nGM Dexron VI, IIIH, IIIG, IIIF, III, IIE, IID, II<br \/>\nHonda ATF Ultra II, DW-1, Type 3.0, Type 3.1 (08263-999-01HE (EU), Z-1 (except in CVT&#8217;s)<br \/>\nHyundai\/Kia 040000C90SG, NUMM040 CH20 Red-1, NWS-9638, SP-II, SP-III (except in CVT&#8217;s), SP-IV, SP-IV M, SP-IV RR, SP4-M, SPH-IV<br \/>\nIsuzu ATF WSI, Besco 08200-9001, Besco ATF SP, Besco ATF-II, Besco ATF-III<br \/>\nJASO M315 Type 1A, Type 1A LV, Type 2A<br \/>\nJeep ATF +3 (MS 7176E)<br \/>\nJLR LT71141, 02JDE26444, ATF 3403 M115, Fluid 8432, JLM 20238, JLM 20292, K17, LR0022460, LR023288, M2C 922-A1, TYK500050<br \/>\nMAN 339 Type A<br \/>\nMazda ATF 3317, ATF A7, ATF D-II, ATF F-1, ATF FZ, ATF M-III, ATF M-V, ATF N-1, ATF S-1<br \/>\nMB 236.3, .12, .14, .15, .17, .41<br \/>\nMitsubishi Diaqueen ATF MA1, ATF PA, AW, J2, J3, SK, SP-II, SP-III (except in CVT&#8217;s), SP-IV<br \/>\nMOPAR AS68RC (PN 05189966AB), AS69RC (LifeguardFluid 8)<br \/>\nNAG-1 (Chrysler, Dodge, Jeep, Mercedes-Benz)<br \/>\nNissan Matic C, Matic D, Matic J, Matic K, Matic P, Matic S, Matic W<br \/>\nOpel Original ATF 09117946, 93160393<br \/>\nPorsche ATF 3403-M115, P\/N 000 043 205 09, P\/N 000 043 205 28, P\/N 999 917 547 00, LT71141, Z 000169756<br \/>\nPSA 9730.AE, B71 2340, P-N 16 350 56 080, Z 000169756 (LifeguardFluid 5)<br \/>\nRenault Matic D2<br \/>\nSaab P\/N 45 30 09 800, 93 160 548, 93 160 393, 93 165 147<br \/>\nSsang Yong DSIH 5M-66<br \/>\nSubaru ATF, K0710Y0700<br \/>\nSuzuki AT OIL 5D06, ATF 2326, 2384K<br \/>\nSuzuki ATF 3317<br \/>\nToyota\/Lexus ATF WS including Toyota hybrid system<br \/>\nToyota\/Lexus D-II, D-III, Hybrid, T-III<br \/>\nVoith H55.6335.xx, Svc Bltn #013, Svc Bltn #118<br \/>\nVolvo 97325, 97335, 97342 (AT 102), CE 97340<br \/>\nVolvo P-N 1161521, P\/N 1161540, P\/N 1161621, P\/N 1161640, P\/N 31256675, P\/N 31256774<br \/>\nVW G 052 025, G 052 055, G 052 533, G 052 990, G 053 001, G 053 025, G 055 025, G 055 540<br \/>\nVW G 052 162 (ZFLifeguardFluid 5), G 055 005 (ZFLifeguardFluid 6), G 055 162 (ZFLifeguardFluid 6 Plus), G 060 162 (ZFLifeguardFluid 8)<br \/>\nVW LT71141, TL 521 62<br \/>\nZF 3HP, 4HP, 5HP, 6HP, 8HP, 9HP<br \/>\nZF No. S671 090 170 (LifeguardFluid 5), No. S671 090 255 (LifeguardFluid 6), No. S671 090 281 (LifeguardFluid 6 Plus), No. S671 090 312 (LifeguardFluid 8), LifeguardFluid 9<br \/>\nZF TE-ML 05L, 09, 11A, 11B, 21L<\/p>\n","protected":false},"excerpt":{"rendered":"<p>Neste ATF Multi edustaa merkitt\u00e4v\u00e4\u00e4 edistysaskelta automaattivaihteisto\u00f6ljytekniikassa. T\u00e4m\u00e4 erinomainen, matalaviskositeettinen ja monelle merkille sopiva tuote on suunniteltu erityisesti laajalle joukolle automaattivaihteistoja ja se tarjoaa vertaansa vailla olevaa suorituskyky\u00e4 ja suojaa. Neste ATF Multi asettaa uuden tason suorituskyvylle kylmiss\u00e4 ilmastoissa. Sen edistyksellinen koostumus varmistaa optimaalisen juoksevuuden jopa eritt\u00e4in alhaisissa l\u00e4mp\u00f6tiloissa, helpottaen vaihteenvaihtoa heti k\u00e4ynnistyksest\u00e4 ja minimoiden [&hellip;]<\/p>\n","protected":false},"featured_media":1598,"template":"","meta":[],"product_brand":[],"product_cat":[25],"product_tag":[],"class_list":{"0":"post-409","1":"product","2":"type-product","3":"status-publish","4":"has-post-thumbnail","6":"product_cat-automaattivaihteistooljyt","8":"first","9":"instock","10":"taxable","11":"shipping-taxable","12":"purchasable","13":"product-type-simple"},"_links":{"self":[{"href":"https:\/\/www.lotky.fi\/kauppa\/wp-json\/wp\/v2\/product\/409","targetHints":{"allow":["GET"]}}],"collection":[{"href":"https:\/\/www.lotky.fi\/kauppa\/wp-json\/wp\/v2\/product"}],"about":[{"href":"https:\/\/www.lotky.fi\/kauppa\/wp-json\/wp\/v2\/types\/product"}],"wp:featuredmedia":[{"embeddable":true,"href":"https:\/\/www.lotky.fi\/kauppa\/wp-json\/wp\/v2\/media\/1598"}],"wp:attachment":[{"href":"https:\/\/www.lotky.fi\/kauppa\/wp-json\/wp\/v2\/media?parent=409"}],"wp:term":[{"taxonomy":"product_brand","embeddable":true,"href":"https:\/\/www.lotky.fi\/kauppa\/wp-json\/wp\/v2\/product_brand?post=409"},{"taxonomy":"product_cat","embeddable":true,"href":"https:\/\/www.lotky.fi\/kauppa\/wp-json\/wp\/v2\/product_cat?post=409"},{"taxonomy":"product_tag","embeddable":true,"href":"https:\/\/www.lotky.fi\/kauppa\/wp-json\/wp\/v2\/product_tag?post=409"}],"curies":[{"name":"wp","href":"https:\/\/api.w.org\/{rel}","templated":true}]}}