{"id":407,"date":"2016-05-30T15:59:54","date_gmt":"2016-05-30T12:59:54","guid":{"rendered":"http:\/\/www.lotky.fi\/kauppa\/?post_type=product&#038;p=407"},"modified":"2026-03-21T20:02:47","modified_gmt":"2026-03-21T18:02:47","slug":"shell-spirax-s3-g-80w-209l","status":"publish","type":"product","link":"https:\/\/www.lotky.fi\/kauppa\/tuote\/shell-spirax-s3-g-80w-209l\/","title":{"rendered":"Shell Spirax S3 G 80W, 209L"},"content":{"rendered":"<p>Shell Spirax S3 G 80W on pitk\u00e4ik\u00e4inen vaihteisto\u00f6ljy, joka on suunniteltu antamaan uusia etuja ja tehokkaampaa suojaa tulevaisuuden vaihteistojen vaatimusten t\u00e4ytt\u00e4miseksi. Suorituskykyinen vaihteisto\u00f6ljy Mercedes ja muiden ajoneuvojen k\u00e4sivalintaisiin vaihteistoihin. K\u00e4ytt\u00f6 ajoneuvojen vaihteistot ja synkronoidut vaihteistot.<\/p>\n<p>Suorituskyky:<\/p>\n<p>SAE 80W<br \/>\nAPI GL-4<br \/>\nMB 235.1, 223.5<br \/>\nMAN 341 tyyppi E2, 341 tyyppi Z2<br \/>\nZF TE-ML 02B, 17A<br \/>\nEaton<br \/>\nIsuzu<\/p>\n","protected":false},"excerpt":{"rendered":"<p>Shell Spirax S3 G 80W on pitk\u00e4ik\u00e4inen vaihteisto\u00f6ljy, joka on suunniteltu antamaan uusia etuja ja tehokkaampaa suojaa tulevaisuuden vaihteistojen vaatimusten t\u00e4ytt\u00e4miseksi. Suorituskykyinen vaihteisto\u00f6ljy Mercedes ja muiden ajoneuvojen k\u00e4sivalintaisiin vaihteistoihin. K\u00e4ytt\u00f6 ajoneuvojen vaihteistot ja synkronoidut vaihteistot. Suorituskyky: SAE 80W API GL-4 MB 235.1, 223.5 MAN 341 tyyppi E2, 341 tyyppi Z2 ZF TE-ML 02B, 17A Eaton [&hellip;]<\/p>\n","protected":false},"featured_media":347,"template":"","meta":[],"product_brand":[],"product_cat":[24],"product_tag":[],"class_list":{"0":"post-407","1":"product","2":"type-product","3":"status-publish","4":"has-post-thumbnail","6":"product_cat-vaihteistooljyt","8":"first","9":"instock","10":"taxable","11":"shipping-taxable","12":"purchasable","13":"product-type-simple"},"_links":{"self":[{"href":"https:\/\/www.lotky.fi\/kauppa\/wp-json\/wp\/v2\/product\/407","targetHints":{"allow":["GET"]}}],"collection":[{"href":"https:\/\/www.lotky.fi\/kauppa\/wp-json\/wp\/v2\/product"}],"about":[{"href":"https:\/\/www.lotky.fi\/kauppa\/wp-json\/wp\/v2\/types\/product"}],"wp:featuredmedia":[{"embeddable":true,"href":"https:\/\/www.lotky.fi\/kauppa\/wp-json\/wp\/v2\/media\/347"}],"wp:attachment":[{"href":"https:\/\/www.lotky.fi\/kauppa\/wp-json\/wp\/v2\/media?parent=407"}],"wp:term":[{"taxonomy":"product_brand","embeddable":true,"href":"https:\/\/www.lotky.fi\/kauppa\/wp-json\/wp\/v2\/product_brand?post=407"},{"taxonomy":"product_cat","embeddable":true,"href":"https:\/\/www.lotky.fi\/kauppa\/wp-json\/wp\/v2\/product_cat?post=407"},{"taxonomy":"product_tag","embeddable":true,"href":"https:\/\/www.lotky.fi\/kauppa\/wp-json\/wp\/v2\/product_tag?post=407"}],"curies":[{"name":"wp","href":"https:\/\/api.w.org\/{rel}","templated":true}]}}