{"id":406,"date":"2016-05-30T15:30:13","date_gmt":"2016-05-30T12:30:13","guid":{"rendered":"http:\/\/www.lotky.fi\/kauppa\/?post_type=product&#038;p=406"},"modified":"2026-03-21T20:03:39","modified_gmt":"2026-03-21T18:03:39","slug":"shell-spirax-s4-g-75w-90-209l","status":"publish","type":"product","link":"https:\/\/www.lotky.fi\/kauppa\/tuote\/shell-spirax-s4-g-75w-90-209l\/","title":{"rendered":"Shell Spirax S6 GTME 75W-80, 209L"},"content":{"rendered":"<p>Shell Spirax S6 GTME 75W-80 on synteettinen korkean suorituskyvyn vaihteisto\u00f6ljy ja se on suunniteltu erityisesti uusimman sukupolven high-efficient driveline teknologiaa k\u00e4ytt\u00e4viin kohteisiin. Soveltuu esim. MAN, Scania ja Navistar uusimpiin laitteisiin.<\/p>\n<p>Suorituskyky:<\/p>\n<p>SAE 75W-80 synteettinen<br \/>\nAPI GL-4<br \/>\nScania STO MTF<br \/>\nMAN 341 GA2, 341 GB<br \/>\nNavistar MPAPS B-6825<\/p>\n","protected":false},"excerpt":{"rendered":"<p>Shell Spirax S6 GTME 75W-80 on synteettinen korkean suorituskyvyn vaihteisto\u00f6ljy ja se on suunniteltu erityisesti uusimman sukupolven high-efficient driveline teknologiaa k\u00e4ytt\u00e4viin kohteisiin. Soveltuu esim. MAN, Scania ja Navistar uusimpiin laitteisiin.<\/p>\n","protected":false},"featured_media":347,"template":"","meta":[],"product_brand":[],"product_cat":[24],"product_tag":[205,120],"class_list":{"0":"post-406","1":"product","2":"type-product","3":"status-publish","4":"has-post-thumbnail","6":"product_cat-vaihteistooljyt","7":"product_tag-scania-sto-mtf","8":"product_tag-tayssynteettinen","10":"first","11":"instock","12":"taxable","13":"shipping-taxable","14":"purchasable","15":"product-type-simple"},"_links":{"self":[{"href":"https:\/\/www.lotky.fi\/kauppa\/wp-json\/wp\/v2\/product\/406","targetHints":{"allow":["GET"]}}],"collection":[{"href":"https:\/\/www.lotky.fi\/kauppa\/wp-json\/wp\/v2\/product"}],"about":[{"href":"https:\/\/www.lotky.fi\/kauppa\/wp-json\/wp\/v2\/types\/product"}],"wp:featuredmedia":[{"embeddable":true,"href":"https:\/\/www.lotky.fi\/kauppa\/wp-json\/wp\/v2\/media\/347"}],"wp:attachment":[{"href":"https:\/\/www.lotky.fi\/kauppa\/wp-json\/wp\/v2\/media?parent=406"}],"wp:term":[{"taxonomy":"product_brand","embeddable":true,"href":"https:\/\/www.lotky.fi\/kauppa\/wp-json\/wp\/v2\/product_brand?post=406"},{"taxonomy":"product_cat","embeddable":true,"href":"https:\/\/www.lotky.fi\/kauppa\/wp-json\/wp\/v2\/product_cat?post=406"},{"taxonomy":"product_tag","embeddable":true,"href":"https:\/\/www.lotky.fi\/kauppa\/wp-json\/wp\/v2\/product_tag?post=406"}],"curies":[{"name":"wp","href":"https:\/\/api.w.org\/{rel}","templated":true}]}}