{"id":4041,"date":"2025-09-29T11:32:36","date_gmt":"2025-09-29T08:32:36","guid":{"rendered":"https:\/\/www.lotky.fi\/kauppa\/?post_type=product&#038;p=4041"},"modified":"2026-03-31T10:14:51","modified_gmt":"2026-03-31T07:14:51","slug":"neste-turbo-nex-10w-40-60l-toimitettuna","status":"publish","type":"product","link":"https:\/\/www.lotky.fi\/kauppa\/tuote\/neste-turbo-nex-10w-40-60l-toimitettuna\/","title":{"rendered":"Neste Turbo+ NEX 10W-40, 60L toimitettuna"},"content":{"rendered":"<p>Neste Turbo+ NEX\u00a0 10w-40 on t\u00e4yssynteettinen moottori\u00f6ljy nykyaikaisille raskaan ja kevyen kaluston dieselmoottoreille. Neste Turbo+ NEX 10w-40 ei sis\u00e4ll\u00e4 mineraali\u00f6ljy\u00e4. Neste Turbo+ NEX turboluokan \u00f6ljy on kehitetty vastaamaan autonvalmistajien uusimpiin vaatimuksiin. Neste Turbo+ NEX \u00f6ljyt parantavat pakokaasujen j\u00e4lkik\u00e4sittelylaitteiston kuten esim. dieselpartikkelisuodattimien k\u00e4ytt\u00f6ik\u00e4\u00e4 est\u00e4m\u00e4ll\u00e4 suodattimen tukkeutumista, moottorin kulumista, hapettumisen aiheuttamaa \u00f6ljyn paksuuntumista, parantamalla m\u00e4nn\u00e4n puhtautta, noen sitomiskyky\u00e4, vaahdonestoa ja moottori\u00f6ljyn leikkautumista k\u00e4yt\u00f6n aikana. Neste Turbo+ NEX 10w-40 on suunniteltu kaikkiin moottoreihin miss\u00e4 dieselpolttoaineen rikkipitoisuus on korkeintaan 500 ppm. Korkeampi polttoaineen rikkipitoisuus voi vaikuttaa pakokaasujen j\u00e4lkik\u00e4sittelylaitteiston toimintaan tai moottori\u00f6ljyn vaihtov\u00e4liin. Neste Turbo+ NEX soveltuu erityisesti Volvon dieselmoottoreihin, joissa vaaditaan Volvo VDS-4 luokan \u00f6ljyn k\u00e4ytt\u00f6\u00e4.<\/p>\n<p>Luokitukset: SAE 10W-40, t\u00e4yssynteettinen.<\/p>\n<p>ACEA E9<br \/>\nAPI CJ-4\/SN<br \/>\nMercedes-Benz 228.31<br \/>\nMAN M3575<br \/>\nMTU Type 2.1<br \/>\nVolvo VDS-4, VDS-3<br \/>\nMack EO-O Premium Plus<br \/>\nRenault Trucks RLD-3<br \/>\nCummins CES 20081<br \/>\nCaterpillar ECF-3<br \/>\nDeutz DQC III-10LA<br \/>\nDetroit Diesel DDC 93K218<\/p>\n","protected":false},"excerpt":{"rendered":"<p>este Turbo+ NEX\u00a0 10w-40 on t\u00e4yssynteettinen moottori\u00f6ljy nykyaikaisille raskaan ja kevyen kaluston dieselmoottoreille. Neste Turbo+ NEX 10w-40 ei sis\u00e4ll\u00e4 mineraali\u00f6ljy\u00e4. Neste Turbo+ NEX turboluokan \u00f6ljy on kehitetty vastaamaan autonvalmistajien uusimpiin vaatimuksiin. Neste Turbo+ NEX 10w-40 soveltuu erityisesti Volvon dieselmoottoreihin, joissa vaaditaan Volvo VDS-4 luokan \u00f6ljyn k\u00e4ytt\u00f6\u00e4.<\/p>\n","protected":false},"featured_media":1598,"template":"","meta":[],"product_brand":[],"product_cat":[18],"product_tag":[74,73,116,120],"class_list":{"0":"post-4041","1":"product","2":"type-product","3":"status-publish","4":"has-post-thumbnail","6":"product_cat-moottorioljyt-raskas-kalusto","7":"product_tag-dpf","8":"product_tag-egr","9":"product_tag-hiukkasloukku","10":"product_tag-tayssynteettinen","12":"first","13":"instock","14":"taxable","15":"shipping-taxable","16":"purchasable","17":"product-type-simple"},"_links":{"self":[{"href":"https:\/\/www.lotky.fi\/kauppa\/wp-json\/wp\/v2\/product\/4041","targetHints":{"allow":["GET"]}}],"collection":[{"href":"https:\/\/www.lotky.fi\/kauppa\/wp-json\/wp\/v2\/product"}],"about":[{"href":"https:\/\/www.lotky.fi\/kauppa\/wp-json\/wp\/v2\/types\/product"}],"wp:featuredmedia":[{"embeddable":true,"href":"https:\/\/www.lotky.fi\/kauppa\/wp-json\/wp\/v2\/media\/1598"}],"wp:attachment":[{"href":"https:\/\/www.lotky.fi\/kauppa\/wp-json\/wp\/v2\/media?parent=4041"}],"wp:term":[{"taxonomy":"product_brand","embeddable":true,"href":"https:\/\/www.lotky.fi\/kauppa\/wp-json\/wp\/v2\/product_brand?post=4041"},{"taxonomy":"product_cat","embeddable":true,"href":"https:\/\/www.lotky.fi\/kauppa\/wp-json\/wp\/v2\/product_cat?post=4041"},{"taxonomy":"product_tag","embeddable":true,"href":"https:\/\/www.lotky.fi\/kauppa\/wp-json\/wp\/v2\/product_tag?post=4041"}],"curies":[{"name":"wp","href":"https:\/\/api.w.org\/{rel}","templated":true}]}}