{"id":404,"date":"2016-05-30T15:10:14","date_gmt":"2016-05-30T12:10:14","guid":{"rendered":"http:\/\/www.lotky.fi\/kauppa\/?post_type=product&#038;p=404"},"modified":"2026-03-21T20:03:59","modified_gmt":"2026-03-21T18:03:59","slug":"shell-spirax-s6-gxme-75w-80-209l","status":"publish","type":"product","link":"https:\/\/www.lotky.fi\/kauppa\/tuote\/shell-spirax-s6-gxme-75w-80-209l\/","title":{"rendered":"Shell Spirax S6 GXME 75W-80, 209L"},"content":{"rendered":"<p>Shell Spirax S6 GXME 75W-80 on polttoainetta s\u00e4\u00e4st\u00e4v\u00e4 pitk\u00e4ik\u00e4inen vaihteisto\u00f6ljy, joka on suunniteltu antamaan huippuluokan suorituskyvyn ja suojan nykyisten ja tulevaisuuden vaihteistojen tarpeiden t\u00e4ytt\u00e4miseksi. Soveltuu synkronoituihin vaihteistoihin, my\u00f6s hidastimella varustetut (retarder) ja kohtuullisesti kuormitetut akselipy\u00f6r\u00e4st\u00f6t, joihin suositellaan mineraali- tai synteettisi\u00e4 \u00f6ljyjy\u00e4.<\/p>\n<p>Suorituskyky:<\/p>\n<p>SAE 75W-80<br \/>\nAPI GL-4<br \/>\nMAN 341 tyyppi Z4<br \/>\nZF TE-ML 01L, 02L, 16K<br \/>\nVolvo Transmission 97307<\/p>\n","protected":false},"excerpt":{"rendered":"<p>Shell Spirax S6 GXME 75W-80 on polttoainetta s\u00e4\u00e4st\u00e4v\u00e4 pitk\u00e4ik\u00e4inen vaihteisto\u00f6ljy, joka on suunniteltu antamaan huippuluokan suorituskyvyn ja suojan nykyisten ja tulevaisuuden vaihteistojen tarpeiden t\u00e4ytt\u00e4miseksi. Soveltuu synkronoituihin vaihteistoihin, my\u00f6s hidastimella varustetut (retarder) ja kohtuullisesti kuormitetut akselipy\u00f6r\u00e4st\u00f6t, joihin suositellaan mineraali- tai synteettisi\u00e4 \u00f6ljyjy\u00e4.<\/p>\n","protected":false},"featured_media":347,"template":"","meta":[],"product_brand":[],"product_cat":[24],"product_tag":[],"class_list":{"0":"post-404","1":"product","2":"type-product","3":"status-publish","4":"has-post-thumbnail","6":"product_cat-vaihteistooljyt","8":"first","9":"instock","10":"taxable","11":"shipping-taxable","12":"purchasable","13":"product-type-simple"},"_links":{"self":[{"href":"https:\/\/www.lotky.fi\/kauppa\/wp-json\/wp\/v2\/product\/404","targetHints":{"allow":["GET"]}}],"collection":[{"href":"https:\/\/www.lotky.fi\/kauppa\/wp-json\/wp\/v2\/product"}],"about":[{"href":"https:\/\/www.lotky.fi\/kauppa\/wp-json\/wp\/v2\/types\/product"}],"wp:featuredmedia":[{"embeddable":true,"href":"https:\/\/www.lotky.fi\/kauppa\/wp-json\/wp\/v2\/media\/347"}],"wp:attachment":[{"href":"https:\/\/www.lotky.fi\/kauppa\/wp-json\/wp\/v2\/media?parent=404"}],"wp:term":[{"taxonomy":"product_brand","embeddable":true,"href":"https:\/\/www.lotky.fi\/kauppa\/wp-json\/wp\/v2\/product_brand?post=404"},{"taxonomy":"product_cat","embeddable":true,"href":"https:\/\/www.lotky.fi\/kauppa\/wp-json\/wp\/v2\/product_cat?post=404"},{"taxonomy":"product_tag","embeddable":true,"href":"https:\/\/www.lotky.fi\/kauppa\/wp-json\/wp\/v2\/product_tag?post=404"}],"curies":[{"name":"wp","href":"https:\/\/api.w.org\/{rel}","templated":true}]}}