{"id":4037,"date":"2025-09-29T11:04:42","date_gmt":"2025-09-29T08:04:42","guid":{"rendered":"https:\/\/www.lotky.fi\/kauppa\/?post_type=product&#038;p=4037"},"modified":"2026-03-31T10:15:18","modified_gmt":"2026-03-31T07:15:18","slug":"neste-farm-universal-10w-40-200l","status":"publish","type":"product","link":"https:\/\/www.lotky.fi\/kauppa\/tuote\/neste-farm-universal-10w-40-200l\/","title":{"rendered":"Neste Farm Universal 10W-40, 200L"},"content":{"rendered":"<p>Neste Farm Universal 10W-40 on traktori- ja maatalouskalustoon tarkoitettu moniasteinen yleis\u00f6ljy (STOU). Sen lis\u00e4aineistus pit\u00e4\u00e4 moottorin puhtaana ja est\u00e4\u00e4 tehokkaasti kulumista vaihteistoissa, taka-akseleissa ja hydrauliikassa. Erityiset kitkaa modifioivat lis\u00e4aineet tekev\u00e4t sen sopivaksi my\u00f6s \u00f6ljykylpyjarrujen voiteluun. Neste Farm Universal 10W-40 sopii useimpiin maatalousk\u00e4yt\u00f6ss\u00e4 oleviin traktoreihin ymp\u00e4rivuotiseksi moottori-, vaihteisto-, taka-akseli-ja hydrauli\u00f6ljyksi. Se k\u00e4y yht\u00e4 hyvin ahdettuihin ja ahtamattomiin dieselmoottoreihin. Muita k\u00e4ytt\u00f6kohteita ovat esim. leikkuupuimurit, paikallismoottorit, henkil\u00f6- ja pakettiautot sek\u00e4 trukki- ja kuormauskalusto.<\/p>\n<p>Luokitukset:<\/p>\n<p>SAE 10W-40, mineraali\u00f6ljy.<br \/>\nAPI CG-4, CF-4, CF, CE\/SF<br \/>\nAPI GL-4<br \/>\nACEA E3, E2, E1<br \/>\nAllison C-4, C-3<br \/>\nCaterpillar TO-2<br \/>\nEaton Vickers I-286-S, M-2950-S<br \/>\nFord WSS-M2C159B, C<br \/>\nJDM J20C<br \/>\nJDM J27<br \/>\nMF M1139, M1144, M1145<br \/>\nNSN 9150-58-001-9614<br \/>\nZF TE-ML 06B, 06R, 07B<\/p>\n","protected":false},"excerpt":{"rendered":"<p>Neste Farm Universal 10W-40 on traktori- ja maatalouskalustoon tarkoitettu moniasteinen yleis\u00f6ljy (STOU). Sen lis\u00e4aineistus pit\u00e4\u00e4 moottorin puhtaana ja est\u00e4\u00e4 tehokkaasti kulumista vaihteistoissa, taka-akseleissa ja hydrauliikassa. Erityiset kitkaa modifioivat lis\u00e4aineet tekev\u00e4t sen sopivaksi my\u00f6s \u00f6ljykylpyjarrujen voiteluun. Neste Farm Universal 10W-40 sopii useimpiin maatalousk\u00e4yt\u00f6ss\u00e4 oleviin traktoreihin ymp\u00e4rivuotiseksi moottori-, vaihteisto-, taka-akseli-ja hydrauli\u00f6ljyksi. Se k\u00e4y yht\u00e4 hyvin ahdettuihin ja [&hellip;]<\/p>\n","protected":false},"featured_media":1598,"template":"","meta":[],"product_brand":[],"product_cat":[23],"product_tag":[],"class_list":{"0":"post-4037","1":"product","2":"type-product","3":"status-publish","4":"has-post-thumbnail","6":"product_cat-maatalousoljyt","8":"first","9":"instock","10":"taxable","11":"shipping-taxable","12":"purchasable","13":"product-type-simple"},"_links":{"self":[{"href":"https:\/\/www.lotky.fi\/kauppa\/wp-json\/wp\/v2\/product\/4037","targetHints":{"allow":["GET"]}}],"collection":[{"href":"https:\/\/www.lotky.fi\/kauppa\/wp-json\/wp\/v2\/product"}],"about":[{"href":"https:\/\/www.lotky.fi\/kauppa\/wp-json\/wp\/v2\/types\/product"}],"wp:featuredmedia":[{"embeddable":true,"href":"https:\/\/www.lotky.fi\/kauppa\/wp-json\/wp\/v2\/media\/1598"}],"wp:attachment":[{"href":"https:\/\/www.lotky.fi\/kauppa\/wp-json\/wp\/v2\/media?parent=4037"}],"wp:term":[{"taxonomy":"product_brand","embeddable":true,"href":"https:\/\/www.lotky.fi\/kauppa\/wp-json\/wp\/v2\/product_brand?post=4037"},{"taxonomy":"product_cat","embeddable":true,"href":"https:\/\/www.lotky.fi\/kauppa\/wp-json\/wp\/v2\/product_cat?post=4037"},{"taxonomy":"product_tag","embeddable":true,"href":"https:\/\/www.lotky.fi\/kauppa\/wp-json\/wp\/v2\/product_tag?post=4037"}],"curies":[{"name":"wp","href":"https:\/\/api.w.org\/{rel}","templated":true}]}}