{"id":403,"date":"2016-05-30T14:42:47","date_gmt":"2016-05-30T11:42:47","guid":{"rendered":"http:\/\/www.lotky.fi\/kauppa\/?post_type=product&#038;p=403"},"modified":"2026-04-30T14:52:11","modified_gmt":"2026-04-30T11:52:11","slug":"shell-spirax-s2-als-90-209l","status":"publish","type":"product","link":"https:\/\/www.lotky.fi\/kauppa\/tuote\/shell-spirax-s2-als-90-209l\/","title":{"rendered":"Shell Spirax S2 ALS 90, 209L"},"content":{"rendered":"<p>Shell Spirax S2 ALS 90 on tarkoitettu tasauspy\u00f6r\u00e4st\u00f6n lukolla varustettuihin ajoneuvojen akselistoihin. Sopii raskaan kaluston, ty\u00f6koneiden, linja-autojen ja henkil\u00f6autojen limited slip -tasauspy\u00f6r\u00e4st\u00f6ihin. Voidaan k\u00e4ytt\u00e4\u00e4 my\u00f6s muissa vaihteissa, joissa sallitaan kitkanmuokkaajaa sis\u00e4lt\u00e4v\u00e4 hypoidi\u00f6ljy, kohtuullisesti kuormitetuista raskaasti kuormitettuihin.<\/p>\n<p>Suorituskyky:<\/p>\n<p>SAE 90<br \/>\nAPI GL-5 Limited Slip<\/p>\n","protected":false},"excerpt":{"rendered":"<p>Shell Spirax S2 ALS 90 on tarkoitettu tasauspy\u00f6r\u00e4st\u00f6n lukolla varustettuihin ajoneuvojen akselistoihin. Sopii raskaan kaluston, ty\u00f6koneiden, linja-autojen ja henkil\u00f6autojen limited slip -tasauspy\u00f6r\u00e4st\u00f6ihin. Voidaan k\u00e4ytt\u00e4\u00e4 my\u00f6s muissa vaihteissa, joissa sallitaan kitkanmuokkaajaa sis\u00e4lt\u00e4v\u00e4 hypoidi\u00f6ljy, kohtuullisesti kuormitetuista raskaasti kuormitettuihin.<\/p>\n","protected":false},"featured_media":347,"template":"","meta":[],"product_brand":[],"product_cat":[24],"product_tag":[],"class_list":{"0":"post-403","1":"product","2":"type-product","3":"status-publish","4":"has-post-thumbnail","6":"product_cat-vaihteistooljyt","8":"first","9":"instock","10":"taxable","11":"shipping-taxable","12":"purchasable","13":"product-type-simple"},"_links":{"self":[{"href":"https:\/\/www.lotky.fi\/kauppa\/wp-json\/wp\/v2\/product\/403","targetHints":{"allow":["GET"]}}],"collection":[{"href":"https:\/\/www.lotky.fi\/kauppa\/wp-json\/wp\/v2\/product"}],"about":[{"href":"https:\/\/www.lotky.fi\/kauppa\/wp-json\/wp\/v2\/types\/product"}],"wp:featuredmedia":[{"embeddable":true,"href":"https:\/\/www.lotky.fi\/kauppa\/wp-json\/wp\/v2\/media\/347"}],"wp:attachment":[{"href":"https:\/\/www.lotky.fi\/kauppa\/wp-json\/wp\/v2\/media?parent=403"}],"wp:term":[{"taxonomy":"product_brand","embeddable":true,"href":"https:\/\/www.lotky.fi\/kauppa\/wp-json\/wp\/v2\/product_brand?post=403"},{"taxonomy":"product_cat","embeddable":true,"href":"https:\/\/www.lotky.fi\/kauppa\/wp-json\/wp\/v2\/product_cat?post=403"},{"taxonomy":"product_tag","embeddable":true,"href":"https:\/\/www.lotky.fi\/kauppa\/wp-json\/wp\/v2\/product_tag?post=403"}],"curies":[{"name":"wp","href":"https:\/\/api.w.org\/{rel}","templated":true}]}}