{"id":4016,"date":"2025-09-08T12:32:41","date_gmt":"2025-09-08T09:32:41","guid":{"rendered":"https:\/\/www.lotky.fi\/kauppa\/?post_type=product&#038;p=4016"},"modified":"2026-04-01T09:56:12","modified_gmt":"2026-04-01T06:56:12","slug":"mobil-super-3000-formula-v-5w-30-208l","status":"publish","type":"product","link":"https:\/\/www.lotky.fi\/kauppa\/tuote\/mobil-super-3000-formula-v-5w-30-208l\/","title":{"rendered":"Mobil Super 3000 Formula V 5W-30, 208L"},"content":{"rendered":"<p>Mobil Super 3000 Formula V 5W-30 tarjoaa ensiluokkaisen kulumissuojan korkeissa ja matalissa l\u00e4mp\u00f6tiloissa sek\u00e4 parannetun moottorin puhtauden. Mobil Super 3000 Formula V 5W-30 on suunniteltu t\u00e4ytt\u00e4m\u00e4\u00e4n nykyaikaisten (Euro 6 ja aikaisemmat) turboahdettujen, hiukkassuodattimella tai katalysaattorilla varustettujen diesel- ja bensiinimoottoreiden vaatimukset. Volkswagenin henkil\u00f6autot ja kevyet kuljetusajoneuvot tai pakettiautot (t\u00e4ytt\u00e4\u00e4 VW-ryhm\u00e4n uusimmat moottoreiden vaatimukset, joissa edellytyksen\u00e4 on pidennetyt vaihtov\u00e4lit) \u00d6ljy\u00e4 suositellaan lis\u00e4ksi moniin BMW:n ja MB:n ajoneuvoihin.<\/p>\n<p>Tuotteella on seuraavat hyv\u00e4ksynn\u00e4t:<br \/>\nVW 504 00, 507 00<br \/>\nMB-Approval 229.51, 229.31<br \/>\nPorsche C30<br \/>\nBMW Longlife 04<\/p>\n<p>Tuote t\u00e4ytt\u00e4\u00e4 tai ylitt\u00e4\u00e4 seuraavien spesifikaatioiden vaatimukset:<br \/>\nAPI SN<br \/>\nACEA C3<\/p>\n","protected":false},"excerpt":{"rendered":"<p>Mobil Super 3000 Formula V 5W-30 tarjoaa ensiluokkaisen kulumissuojan korkeissa ja matalissa l\u00e4mp\u00f6tiloissa sek\u00e4 parannetun moottorin puhtauden. Mobil Super 3000 Formula V 5W-30 on suunniteltu t\u00e4ytt\u00e4m\u00e4\u00e4n nykyaikaisten (Euro 6 ja aikaisemmat) turboahdettujen, hiukkassuodattimella tai katalysaattorilla varustettujen diesel- ja bensiinimoottoreiden vaatimukset. Volkswagenin henkil\u00f6autot ja kevyet kuljetusajoneuvot tai pakettiautot (t\u00e4ytt\u00e4\u00e4 VW-ryhm\u00e4n uusimmat moottoreiden vaatimukset, joissa edellytyksen\u00e4 on [&hellip;]<\/p>\n","protected":false},"featured_media":233,"template":"","meta":[],"product_brand":[],"product_cat":[17],"product_tag":[],"class_list":{"0":"post-4016","1":"product","2":"type-product","3":"status-publish","4":"has-post-thumbnail","6":"product_cat-moottorioljyt-kevyt-kalusto","8":"first","9":"instock","10":"taxable","11":"shipping-taxable","12":"purchasable","13":"product-type-simple"},"_links":{"self":[{"href":"https:\/\/www.lotky.fi\/kauppa\/wp-json\/wp\/v2\/product\/4016","targetHints":{"allow":["GET"]}}],"collection":[{"href":"https:\/\/www.lotky.fi\/kauppa\/wp-json\/wp\/v2\/product"}],"about":[{"href":"https:\/\/www.lotky.fi\/kauppa\/wp-json\/wp\/v2\/types\/product"}],"wp:featuredmedia":[{"embeddable":true,"href":"https:\/\/www.lotky.fi\/kauppa\/wp-json\/wp\/v2\/media\/233"}],"wp:attachment":[{"href":"https:\/\/www.lotky.fi\/kauppa\/wp-json\/wp\/v2\/media?parent=4016"}],"wp:term":[{"taxonomy":"product_brand","embeddable":true,"href":"https:\/\/www.lotky.fi\/kauppa\/wp-json\/wp\/v2\/product_brand?post=4016"},{"taxonomy":"product_cat","embeddable":true,"href":"https:\/\/www.lotky.fi\/kauppa\/wp-json\/wp\/v2\/product_cat?post=4016"},{"taxonomy":"product_tag","embeddable":true,"href":"https:\/\/www.lotky.fi\/kauppa\/wp-json\/wp\/v2\/product_tag?post=4016"}],"curies":[{"name":"wp","href":"https:\/\/api.w.org\/{rel}","templated":true}]}}