{"id":4015,"date":"2025-09-08T12:09:36","date_gmt":"2025-09-08T09:09:36","guid":{"rendered":"https:\/\/www.lotky.fi\/kauppa\/?post_type=product&#038;p=4015"},"modified":"2026-04-01T10:05:47","modified_gmt":"2026-04-01T07:05:47","slug":"mobil-super-3000-xe1-5w-30-208l","status":"publish","type":"product","link":"https:\/\/www.lotky.fi\/kauppa\/tuote\/mobil-super-3000-xe1-5w-30-208l\/","title":{"rendered":"Mobil Super 3000 XE1 5W-30, 208L"},"content":{"rendered":"<p>Mobil Super\u2122 3000 XE1 5W-30 on edistynyt synteettinen matalatuhkainen moottori\u00f6ljy, joka on suunniteltu pident\u00e4m\u00e4\u00e4n sek\u00e4 diesel- ett\u00e4 bensiinimoottorilla varustettujen autojen p\u00e4\u00e4st\u00f6v\u00e4hennysj\u00e4rjestelmien k\u00e4ytt\u00f6ik\u00e4\u00e4 ja yll\u00e4pit\u00e4m\u00e4\u00e4n niiden tehokkuutta. Mobil Super 3000 XE1 5W-30 on kehitetty t\u00e4ytt\u00e4m\u00e4\u00e4n t\u00e4rkeimpien autonvalmistajien vaatimat, viimeisimm\u00e4t moottori\u00f6ljyspesifikaatiot ja se on yhteensopiva uusimpien dieselhiukkassuodattimien (DPF) ja kaikkien bensiinimoottoreiden katalysaattoreiden kanssa. \u00d6ljy tarjoaa erinomaisen suorituskyvyn niin alhaisissa kuin korkeissakin k\u00e4ytt\u00f6l\u00e4mp\u00f6tiloissa ja pitk\u00e4kestoisen moottorin suojauksen karstoittumista ja sakan kertymist\u00e4 vastaan. \u00d6ljy\u00e4 suositellaan k\u00e4ytt\u00e4m\u00e4\u00e4n BMW-autoissa, joissa vaatimuksena on BMW LL-04.<\/p>\n<p>Tuotteella on seuraavat hyv\u00e4ksynn\u00e4t:<\/p>\n<p>BMW Longlife 04<br \/>\nMB-Approval 229.31, 229.51,\u00a0229.52<\/p>\n<p>Tuote t\u00e4ytt\u00e4\u00e4 tai ylitt\u00e4\u00e4 seuraavien spesifikaatioiden vaatimukset:<\/p>\n<p>API SL, SM, SN, SN PLUS<br \/>\nACEA C2, C3<\/p>\n<p>&nbsp;<\/p>\n<div><\/div>\n","protected":false},"excerpt":{"rendered":"<p>Mobil Super\u2122 3000 XE1 5W-30 on edistynyt synteettinen matalatuhkainen moottori\u00f6ljy, joka on suunniteltu pident\u00e4m\u00e4\u00e4n sek\u00e4 diesel- ett\u00e4 bensiinimoottorilla varustettujen autojen p\u00e4\u00e4st\u00f6v\u00e4hennysj\u00e4rjestelmien k\u00e4ytt\u00f6ik\u00e4\u00e4 ja yll\u00e4pit\u00e4m\u00e4\u00e4n niiden tehokkuutta. Mobil Super 3000 XE1 5W-30 on kehitetty t\u00e4ytt\u00e4m\u00e4\u00e4n t\u00e4rkeimpien autonvalmistajien vaatimat, viimeisimm\u00e4t moottori\u00f6ljyspesifikaatiot ja se on yhteensopiva uusimpien dieselhiukkassuodattimien (DPF) ja kaikkien bensiinimoottoreiden katalysaattoreiden kanssa. \u00d6ljy tarjoaa erinomaisen suorituskyvyn [&hellip;]<\/p>\n","protected":false},"featured_media":233,"template":"","meta":[],"product_brand":[],"product_cat":[17],"product_tag":[],"class_list":{"0":"post-4015","1":"product","2":"type-product","3":"status-publish","4":"has-post-thumbnail","6":"product_cat-moottorioljyt-kevyt-kalusto","8":"first","9":"instock","10":"taxable","11":"shipping-taxable","12":"purchasable","13":"product-type-simple"},"_links":{"self":[{"href":"https:\/\/www.lotky.fi\/kauppa\/wp-json\/wp\/v2\/product\/4015","targetHints":{"allow":["GET"]}}],"collection":[{"href":"https:\/\/www.lotky.fi\/kauppa\/wp-json\/wp\/v2\/product"}],"about":[{"href":"https:\/\/www.lotky.fi\/kauppa\/wp-json\/wp\/v2\/types\/product"}],"wp:featuredmedia":[{"embeddable":true,"href":"https:\/\/www.lotky.fi\/kauppa\/wp-json\/wp\/v2\/media\/233"}],"wp:attachment":[{"href":"https:\/\/www.lotky.fi\/kauppa\/wp-json\/wp\/v2\/media?parent=4015"}],"wp:term":[{"taxonomy":"product_brand","embeddable":true,"href":"https:\/\/www.lotky.fi\/kauppa\/wp-json\/wp\/v2\/product_brand?post=4015"},{"taxonomy":"product_cat","embeddable":true,"href":"https:\/\/www.lotky.fi\/kauppa\/wp-json\/wp\/v2\/product_cat?post=4015"},{"taxonomy":"product_tag","embeddable":true,"href":"https:\/\/www.lotky.fi\/kauppa\/wp-json\/wp\/v2\/product_tag?post=4015"}],"curies":[{"name":"wp","href":"https:\/\/api.w.org\/{rel}","templated":true}]}}