{"id":401,"date":"2016-05-30T12:07:15","date_gmt":"2016-05-30T09:07:15","guid":{"rendered":"http:\/\/www.lotky.fi\/kauppa\/?post_type=product&#038;p=401"},"modified":"2026-03-21T20:05:13","modified_gmt":"2026-03-21T18:05:13","slug":"shell-spirax-s3-ax-85w-140-209l","status":"publish","type":"product","link":"https:\/\/www.lotky.fi\/kauppa\/tuote\/shell-spirax-s3-ax-85w-140-209l\/","title":{"rendered":"Shell Spirax S3 AX 85W-140, 209L"},"content":{"rendered":"<p>Shell Spirax S3 AX 80W-140 on suorituskykyinen API GL-5 -vaihteisto- ja vetopy\u00f6r\u00e4st\u00f6-\u00f6ljy kohtuullisesti kuormitetuista raskaasti kuormitettuihin voimansiirtoihin, joissa vaatimuksena on SAE 80W-140, niin maantieliikenne- kuin ty\u00f6konek\u00e4yt\u00f6ss\u00e4.<\/p>\n<p>Suorituskyky:<\/p>\n<p>SAE 85W-140<br \/>\nAPI GL-5<br \/>\nMAN 342 type M1<br \/>\nZF TE-ML 07A, 16D, 21A<br \/>\nUS Military MIL-L-2105D<\/p>\n","protected":false},"excerpt":{"rendered":"<p>Shell Spirax S3 AX 80W-140 on suorituskykyinen API GL-5 -vaihteisto- ja vetopy\u00f6r\u00e4st\u00f6-\u00f6ljy kohtuullisesti kuormitetuista raskaasti kuormitettuihin voimansiirtoihin, joissa vaatimuksena on SAE 80W-140, niin maantieliikenne- kuin ty\u00f6konek\u00e4yt\u00f6ss\u00e4.<\/p>\n","protected":false},"featured_media":347,"template":"","meta":[],"product_brand":[],"product_cat":[24],"product_tag":[],"class_list":{"0":"post-401","1":"product","2":"type-product","3":"status-publish","4":"has-post-thumbnail","6":"product_cat-vaihteistooljyt","8":"first","9":"instock","10":"taxable","11":"shipping-taxable","12":"purchasable","13":"product-type-simple"},"_links":{"self":[{"href":"https:\/\/www.lotky.fi\/kauppa\/wp-json\/wp\/v2\/product\/401","targetHints":{"allow":["GET"]}}],"collection":[{"href":"https:\/\/www.lotky.fi\/kauppa\/wp-json\/wp\/v2\/product"}],"about":[{"href":"https:\/\/www.lotky.fi\/kauppa\/wp-json\/wp\/v2\/types\/product"}],"wp:featuredmedia":[{"embeddable":true,"href":"https:\/\/www.lotky.fi\/kauppa\/wp-json\/wp\/v2\/media\/347"}],"wp:attachment":[{"href":"https:\/\/www.lotky.fi\/kauppa\/wp-json\/wp\/v2\/media?parent=401"}],"wp:term":[{"taxonomy":"product_brand","embeddable":true,"href":"https:\/\/www.lotky.fi\/kauppa\/wp-json\/wp\/v2\/product_brand?post=401"},{"taxonomy":"product_cat","embeddable":true,"href":"https:\/\/www.lotky.fi\/kauppa\/wp-json\/wp\/v2\/product_cat?post=401"},{"taxonomy":"product_tag","embeddable":true,"href":"https:\/\/www.lotky.fi\/kauppa\/wp-json\/wp\/v2\/product_tag?post=401"}],"curies":[{"name":"wp","href":"https:\/\/api.w.org\/{rel}","templated":true}]}}