{"id":397,"date":"2016-05-30T11:32:27","date_gmt":"2016-05-30T08:32:27","guid":{"rendered":"http:\/\/www.lotky.fi\/kauppa\/?post_type=product&#038;p=397"},"modified":"2026-03-21T20:06:03","modified_gmt":"2026-03-21T18:06:03","slug":"shell-spirax-s3-am-80w-90-209l","status":"publish","type":"product","link":"https:\/\/www.lotky.fi\/kauppa\/tuote\/shell-spirax-s3-am-80w-90-209l\/","title":{"rendered":"Shell Spirax S3 AM 80W-90, 209L"},"content":{"rendered":"<p>Shell Spirax S3 AM 80W-90 on &#8221;universal&#8221;-vaihteisto\u00f6ljy, joka on suunniteltu nykyaikaisiin raskaan kaluston vaihteistoihin ja vetopy\u00f6r\u00e4st\u00f6ihin, yksi \u00f6ljy koko voimansiirtoon. Spirax S3 AM 80W-90 mahdollistaa pitk\u00e4t \u00f6ljynvaihtov\u00e4lit. Soveltuu erityisesti MAN, ZF, Mack ja Scania -voimansiirtoihin.<\/p>\n<p>Suorituskyky:<\/p>\n<p>SAE 80W-90<br \/>\nAPI GL-4, GL-5, MT-1<br \/>\nMAN 341 tyyppi E2, MAN 341 tyyppi Z2, MAN 342 tyyppi M2<br \/>\nZF TE-ML: 02B, 05A, 07A, 12L, 12M, 16C, 17B, 19B, 21A<br \/>\nMack: GO-J<br \/>\nScania: STO 1:0<br \/>\nUS Military MIL-PRF-2105E<br \/>\nSAE J 2360<\/p>\n","protected":false},"excerpt":{"rendered":"<p>Shell Spirax S3 AM 80W-90 on &#8221;universal&#8221;-vaihteisto\u00f6ljy, joka on suunniteltu nykyaikaisiin raskaan kaluston vaihteistoihin ja vetopy\u00f6r\u00e4st\u00f6ihin, yksi \u00f6ljy koko voimansiirtoon. Spirax S3 AM 80W-90 mahdollistaa pitk\u00e4t \u00f6ljynvaihtov\u00e4lit. Soveltuu erityisesti MAN, ZF, Mack ja Scania -voimansiirtoihin.<\/p>\n","protected":false},"featured_media":347,"template":"","meta":[],"product_brand":[],"product_cat":[24],"product_tag":[],"class_list":{"0":"post-397","1":"product","2":"type-product","3":"status-publish","4":"has-post-thumbnail","6":"product_cat-vaihteistooljyt","8":"first","9":"instock","10":"taxable","11":"shipping-taxable","12":"purchasable","13":"product-type-simple"},"_links":{"self":[{"href":"https:\/\/www.lotky.fi\/kauppa\/wp-json\/wp\/v2\/product\/397","targetHints":{"allow":["GET"]}}],"collection":[{"href":"https:\/\/www.lotky.fi\/kauppa\/wp-json\/wp\/v2\/product"}],"about":[{"href":"https:\/\/www.lotky.fi\/kauppa\/wp-json\/wp\/v2\/types\/product"}],"wp:featuredmedia":[{"embeddable":true,"href":"https:\/\/www.lotky.fi\/kauppa\/wp-json\/wp\/v2\/media\/347"}],"wp:attachment":[{"href":"https:\/\/www.lotky.fi\/kauppa\/wp-json\/wp\/v2\/media?parent=397"}],"wp:term":[{"taxonomy":"product_brand","embeddable":true,"href":"https:\/\/www.lotky.fi\/kauppa\/wp-json\/wp\/v2\/product_brand?post=397"},{"taxonomy":"product_cat","embeddable":true,"href":"https:\/\/www.lotky.fi\/kauppa\/wp-json\/wp\/v2\/product_cat?post=397"},{"taxonomy":"product_tag","embeddable":true,"href":"https:\/\/www.lotky.fi\/kauppa\/wp-json\/wp\/v2\/product_tag?post=397"}],"curies":[{"name":"wp","href":"https:\/\/api.w.org\/{rel}","templated":true}]}}