{"id":3961,"date":"2025-07-28T12:30:23","date_gmt":"2025-07-28T09:30:23","guid":{"rendered":"https:\/\/www.lotky.fi\/kauppa\/?post_type=product&#038;p=3961"},"modified":"2025-07-28T12:32:54","modified_gmt":"2025-07-28T09:32:54","slug":"77-lubricants-hydraulic-oil-hv-68-200l","status":"publish","type":"product","link":"https:\/\/www.lotky.fi\/kauppa\/tuote\/77-lubricants-hydraulic-oil-hv-68-200l\/","title":{"rendered":"77 Lubricants Hydraulic Oil HV 68, 200L"},"content":{"rendered":"<p>HYDRAULIC OIL HV 68 on yleinen, eritt\u00e4in suorituskykyinen HVI-hydrauli\u00f6ljy k\u00e4ytett\u00e4v\u00e4ksi raskaiden ajoneuvojen hydraulij\u00e4rjestelmiin ja kevyt ajoneuvojen vaihteistolaatikoihin, laakereihin sek\u00e4 yleiseen voiteluun. Ei sovellu turbiineihin. Perustuu korkealaatuiseen, puhdistettuun mineraaliperus\u00f6ljypohjaan yhdess\u00e4 EP-lis\u00e4aineistuksen kanssa.<\/p>\n<p>Luokitukset: ISO VG 68<\/p>\n<p>Viskositeetti-indeksi: 164 (ASTM D2270)<br \/>\nJ\u00e4hmepiste: -39 \u00b0C (ASTM D7346)<br \/>\nISO 11158 HV<br \/>\nDIN 51524 part 3 HVLP<br \/>\nAFNOR NF E-48-603<br \/>\nCincinnati P-69<br \/>\nEaton Vickers M-2950-S\/I-386<br \/>\nSauer Danfoss 520L0463<\/p>\n","protected":false},"excerpt":{"rendered":"<p>HYDRAULIC OIL HV 68 on yleinen, eritt\u00e4in suorituskykyinen HVI-hydrauli\u00f6ljy k\u00e4ytett\u00e4v\u00e4ksi raskaiden ajoneuvojen hydraulij\u00e4rjestelmiin ja kevyt ajoneuvojen vaihteistolaatikoihin, laakereihin sek\u00e4 yleiseen voiteluun.<\/p>\n","protected":false},"featured_media":3065,"template":"","meta":[],"product_brand":[],"product_cat":[6],"product_tag":[],"class_list":{"0":"post-3961","1":"product","2":"type-product","3":"status-publish","4":"has-post-thumbnail","6":"product_cat-hydrauliikkaoljyt","8":"first","9":"instock","10":"taxable","11":"shipping-taxable","12":"purchasable","13":"product-type-simple"},"_links":{"self":[{"href":"https:\/\/www.lotky.fi\/kauppa\/wp-json\/wp\/v2\/product\/3961","targetHints":{"allow":["GET"]}}],"collection":[{"href":"https:\/\/www.lotky.fi\/kauppa\/wp-json\/wp\/v2\/product"}],"about":[{"href":"https:\/\/www.lotky.fi\/kauppa\/wp-json\/wp\/v2\/types\/product"}],"wp:featuredmedia":[{"embeddable":true,"href":"https:\/\/www.lotky.fi\/kauppa\/wp-json\/wp\/v2\/media\/3065"}],"wp:attachment":[{"href":"https:\/\/www.lotky.fi\/kauppa\/wp-json\/wp\/v2\/media?parent=3961"}],"wp:term":[{"taxonomy":"product_brand","embeddable":true,"href":"https:\/\/www.lotky.fi\/kauppa\/wp-json\/wp\/v2\/product_brand?post=3961"},{"taxonomy":"product_cat","embeddable":true,"href":"https:\/\/www.lotky.fi\/kauppa\/wp-json\/wp\/v2\/product_cat?post=3961"},{"taxonomy":"product_tag","embeddable":true,"href":"https:\/\/www.lotky.fi\/kauppa\/wp-json\/wp\/v2\/product_tag?post=3961"}],"curies":[{"name":"wp","href":"https:\/\/api.w.org\/{rel}","templated":true}]}}