{"id":3948,"date":"2025-07-08T11:02:12","date_gmt":"2025-07-08T08:02:12","guid":{"rendered":"https:\/\/www.lotky.fi\/kauppa\/?post_type=product&#038;p=3948"},"modified":"2026-04-01T10:09:04","modified_gmt":"2026-04-01T07:09:04","slug":"mobil-delvac-modern-5w-20-advanced-protection-208l","status":"publish","type":"product","link":"https:\/\/www.lotky.fi\/kauppa\/tuote\/mobil-delvac-modern-5w-20-advanced-protection-208l\/","title":{"rendered":"Mobil Delvac Modern 5W-20 Advanced Protection, 208L"},"content":{"rendered":"<p>Mobil Delvac Modern 5W-20 Advanced Protection on eritt\u00e4in suorituskykyinen dieselmoottori\u00f6ljy, joka on suunniteltu tarjoamaan erinomaista suojaa ja mahdollista polttoaineen s\u00e4\u00e4st\u00f6\u00e4 nykyaikaisille, tehokkaille ja v\u00e4h\u00e4p\u00e4\u00e4st\u00f6isille moottoreille raskaissa tiesovelluksissa. Mobil Delvac Modern 5W-20 Advanced Protection moottori\u00f6ljy on erityisesti kehitetty t\u00e4ytt\u00e4m\u00e4\u00e4n MAN M 3977:n ja Scania LDF 5:n uusimmat vaatimukset nykyaikaisille dieselmoottoreille, jotka on varustettu hiukkassuodattimilla (DPF). Mobil Delvac Modern 5W-20 Advanced Protection moottori\u00f6ljy koostuu edistyneist\u00e4 synteettisen teknologian perus\u00f6ljyist\u00e4, jotka takaavat erinomaisen suorituskyvyn ja juoksevuuden matalissa l\u00e4mp\u00f6tiloissa, viskositeetin s\u00e4ilymisen korkeissa l\u00e4mp\u00f6tiloissa, alhaisen haihtuvuuden sek\u00e4 edist\u00e4\u00e4 parempaa polttoainetehokkuutta. Edistyksellinen lis\u00e4ainej\u00e4rjestelm\u00e4 on suunniteltu ammattitaidolla pident\u00e4m\u00e4\u00e4n p\u00e4\u00e4st\u00f6j\u00e4 v\u00e4hent\u00e4vien j\u00e4rjestelmien, kuten DPF:n, k\u00e4ytt\u00f6ik\u00e4\u00e4 ja yll\u00e4pit\u00e4\u00e4 sen tehokkuutta.<\/p>\n<p>Uudet v\u00e4h\u00e4p\u00e4\u00e4st\u00f6iset moottoritekniikat, kuten korkeampi polttoaineen ruiskutuspaine, hidastettu ajoitus- ja j\u00e4lkik\u00e4sittelylaitteet vaativat parempaa \u00f6ljyn suorituskyky\u00e4 usealla eri osa-alueella. Kehittynyt Mobil Delvac Modern\u2122 5W-20 Advanced Protection tarjoaa erinomaisen suorituskyvyn ja suojan dieselhiukkassuodattimella varustetuille pakoj\u00e4rjestelmille.<\/p>\n<p>&nbsp;<\/p>\n<p>&nbsp;<\/p>\n<p>Tuotteella on seuraavat hyv\u00e4ksynn\u00e4t:<br \/>\nMAN M 3977<\/p>\n<p>Tuote t\u00e4ytt\u00e4\u00e4 tai ylitt\u00e4\u00e4 seuraavien spesifikaatioiden vaatimukset:<br \/>\nScania LDF-5<\/p>\n","protected":false},"excerpt":{"rendered":"<p>Mobil Delvac Modern 5W-20 Advanced Protection on eritt\u00e4in suorituskykyinen dieselmoottori\u00f6ljy, joka on suunniteltu tarjoamaan erinomaista suojaa ja mahdollista polttoaineen s\u00e4\u00e4st\u00f6\u00e4 nykyaikaisille, tehokkaille ja v\u00e4h\u00e4p\u00e4\u00e4st\u00f6isille moottoreille raskaissa tiesovelluksissa. Mobil Delvac Modern 5W-20 Advanced Protection moottori\u00f6ljy on erityisesti kehitetty t\u00e4ytt\u00e4m\u00e4\u00e4n MAN M 3977:n ja Scania LDF 5:n uusimmat vaatimukset nykyaikaisille dieselmoottoreille, jotka on varustettu hiukkassuodattimilla (DPF). Mobil [&hellip;]<\/p>\n","protected":false},"featured_media":185,"template":"","meta":[],"product_brand":[],"product_cat":[18],"product_tag":[211,181],"class_list":{"0":"post-3948","1":"product","2":"type-product","3":"status-publish","4":"has-post-thumbnail","6":"product_cat-moottorioljyt-raskas-kalusto","7":"product_tag-man-m-3977","8":"product_tag-scania-ldf-5","10":"first","11":"instock","12":"taxable","13":"shipping-taxable","14":"purchasable","15":"product-type-simple"},"_links":{"self":[{"href":"https:\/\/www.lotky.fi\/kauppa\/wp-json\/wp\/v2\/product\/3948","targetHints":{"allow":["GET"]}}],"collection":[{"href":"https:\/\/www.lotky.fi\/kauppa\/wp-json\/wp\/v2\/product"}],"about":[{"href":"https:\/\/www.lotky.fi\/kauppa\/wp-json\/wp\/v2\/types\/product"}],"wp:featuredmedia":[{"embeddable":true,"href":"https:\/\/www.lotky.fi\/kauppa\/wp-json\/wp\/v2\/media\/185"}],"wp:attachment":[{"href":"https:\/\/www.lotky.fi\/kauppa\/wp-json\/wp\/v2\/media?parent=3948"}],"wp:term":[{"taxonomy":"product_brand","embeddable":true,"href":"https:\/\/www.lotky.fi\/kauppa\/wp-json\/wp\/v2\/product_brand?post=3948"},{"taxonomy":"product_cat","embeddable":true,"href":"https:\/\/www.lotky.fi\/kauppa\/wp-json\/wp\/v2\/product_cat?post=3948"},{"taxonomy":"product_tag","embeddable":true,"href":"https:\/\/www.lotky.fi\/kauppa\/wp-json\/wp\/v2\/product_tag?post=3948"}],"curies":[{"name":"wp","href":"https:\/\/api.w.org\/{rel}","templated":true}]}}