{"id":3933,"date":"2025-06-24T15:52:58","date_gmt":"2025-06-24T12:52:58","guid":{"rendered":"https:\/\/www.lotky.fi\/kauppa\/?post_type=product&#038;p=3933"},"modified":"2025-06-25T11:40:20","modified_gmt":"2025-06-25T08:40:20","slug":"77-lubricants-mono-engine-oil-cf-30-200l","status":"publish","type":"product","link":"https:\/\/www.lotky.fi\/kauppa\/tuote\/77-lubricants-mono-engine-oil-cf-30-200l\/","title":{"rendered":"77 Lubricants Mono Engine Oil CF 30, 200L"},"content":{"rendered":"<p>Raskaaseen k\u00e4ytt\u00f6\u00f6n ja vaativiin olosuhteisiin soveltuva diesel-moottori\u00f6ljy joka soveltuu monenlaiseen k\u00e4ytt\u00f6kohteeseen.<br \/>\nKorkea l\u00e4mp\u00f6-, ja happetumistasapainon hallinta.<br \/>\nHyv\u00e4 vaahtoamisen, korroosion ja kulumisenkest\u00e4vyys.<br \/>\nKorkea dispergointi- ja pesukykytaso.<\/p>\n<p>T\u00e4ytt\u00e4\u00e4: API SF \/ CF, CCMC G27D1, MIL-L-46152, MTU Type 2<br \/>\nSopiva k\u00e4ytett\u00e4v\u00e4ksi: API CH-4<\/p>\n","protected":false},"excerpt":{"rendered":"<p>Raskaaseen k\u00e4ytt\u00f6\u00f6n ja vaativiin olosuhteisiin soveltuva diesel-moottori\u00f6ljy joka soveltuu monenlaiseen k\u00e4ytt\u00f6kohteeseen. &nbsp;<\/p>\n","protected":false},"featured_media":3065,"template":"","meta":[],"product_brand":[],"product_cat":[18],"product_tag":[],"class_list":{"0":"post-3933","1":"product","2":"type-product","3":"status-publish","4":"has-post-thumbnail","6":"product_cat-moottorioljyt-raskas-kalusto","8":"first","9":"instock","10":"taxable","11":"shipping-taxable","12":"purchasable","13":"product-type-simple"},"_links":{"self":[{"href":"https:\/\/www.lotky.fi\/kauppa\/wp-json\/wp\/v2\/product\/3933","targetHints":{"allow":["GET"]}}],"collection":[{"href":"https:\/\/www.lotky.fi\/kauppa\/wp-json\/wp\/v2\/product"}],"about":[{"href":"https:\/\/www.lotky.fi\/kauppa\/wp-json\/wp\/v2\/types\/product"}],"wp:featuredmedia":[{"embeddable":true,"href":"https:\/\/www.lotky.fi\/kauppa\/wp-json\/wp\/v2\/media\/3065"}],"wp:attachment":[{"href":"https:\/\/www.lotky.fi\/kauppa\/wp-json\/wp\/v2\/media?parent=3933"}],"wp:term":[{"taxonomy":"product_brand","embeddable":true,"href":"https:\/\/www.lotky.fi\/kauppa\/wp-json\/wp\/v2\/product_brand?post=3933"},{"taxonomy":"product_cat","embeddable":true,"href":"https:\/\/www.lotky.fi\/kauppa\/wp-json\/wp\/v2\/product_cat?post=3933"},{"taxonomy":"product_tag","embeddable":true,"href":"https:\/\/www.lotky.fi\/kauppa\/wp-json\/wp\/v2\/product_tag?post=3933"}],"curies":[{"name":"wp","href":"https:\/\/api.w.org\/{rel}","templated":true}]}}