{"id":3931,"date":"2025-06-24T15:44:37","date_gmt":"2025-06-24T12:44:37","guid":{"rendered":"https:\/\/www.lotky.fi\/kauppa\/?post_type=product&#038;p=3931"},"modified":"2025-06-24T15:49:29","modified_gmt":"2025-06-24T12:49:29","slug":"77-lubricants-racing-classic-20w-50-200-l","status":"publish","type":"product","link":"https:\/\/www.lotky.fi\/kauppa\/tuote\/77-lubricants-racing-classic-20w-50-200-l\/","title":{"rendered":"77 Lubricants Racing Classic 20W-50, 200 L"},"content":{"rendered":"<p>Korkealaatuinen mineraalipohjainen (100 % ) moniaste\u00f6ljy.<br \/>\nSoveltuu erityisesti k\u00e4ytett\u00e4v\u00e4ksi suorituskykyisiin klassikkoajoneuvoihin (valmistettu ennen 1980)<\/p>\n<p>Valmistuksessa on lis\u00e4tty runsaasti ZDDP (sinkkialkyydifosfaatti-pitoisuus 2300 ppm) ja lis\u00e4aineita, jotka auttavat ehk\u00e4isem\u00e4\u00e4n nokka-akseleiden, seuraajien sek\u00e4 vastaavien moottorikomponenttien ennenaikaisen kulumisen.<br \/>\nEritt\u00e4in hyv\u00e4 voitelukyky.<br \/>\nErinomainen suoja kulumista vastaan.<br \/>\nHyv\u00e4 suoja kulumista, korroosiota ja vaahtoamista vastaan.<br \/>\nEi vaaraa, ett\u00e4 pinttynyt lika irtoaa.<br \/>\nYhteensopiva klassikkoajoneuvojen tiivisteiden ja kumien kanssa.<\/p>\n<p>Ylitt\u00e4\u00e4: API SG \/ CD (ylitt\u00e4\u00e4 fosforirajat), API MS, Ford 2C101-A\/B\/C<\/p>\n","protected":false},"excerpt":{"rendered":"<p>Korkealaatuinen mineraalipohjainen (100 % ) moniaste\u00f6ljy.<\/p>\n","protected":false},"featured_media":3065,"template":"","meta":[],"product_brand":[],"product_cat":[17],"product_tag":[],"class_list":{"0":"post-3931","1":"product","2":"type-product","3":"status-publish","4":"has-post-thumbnail","6":"product_cat-moottorioljyt-kevyt-kalusto","8":"first","9":"instock","10":"taxable","11":"shipping-taxable","12":"purchasable","13":"product-type-simple"},"_links":{"self":[{"href":"https:\/\/www.lotky.fi\/kauppa\/wp-json\/wp\/v2\/product\/3931","targetHints":{"allow":["GET"]}}],"collection":[{"href":"https:\/\/www.lotky.fi\/kauppa\/wp-json\/wp\/v2\/product"}],"about":[{"href":"https:\/\/www.lotky.fi\/kauppa\/wp-json\/wp\/v2\/types\/product"}],"wp:featuredmedia":[{"embeddable":true,"href":"https:\/\/www.lotky.fi\/kauppa\/wp-json\/wp\/v2\/media\/3065"}],"wp:attachment":[{"href":"https:\/\/www.lotky.fi\/kauppa\/wp-json\/wp\/v2\/media?parent=3931"}],"wp:term":[{"taxonomy":"product_brand","embeddable":true,"href":"https:\/\/www.lotky.fi\/kauppa\/wp-json\/wp\/v2\/product_brand?post=3931"},{"taxonomy":"product_cat","embeddable":true,"href":"https:\/\/www.lotky.fi\/kauppa\/wp-json\/wp\/v2\/product_cat?post=3931"},{"taxonomy":"product_tag","embeddable":true,"href":"https:\/\/www.lotky.fi\/kauppa\/wp-json\/wp\/v2\/product_tag?post=3931"}],"curies":[{"name":"wp","href":"https:\/\/api.w.org\/{rel}","templated":true}]}}